{"id":12327,"date":"2026-02-27T00:13:39","date_gmt":"2026-02-27T00:13:39","guid":{"rendered":"https:\/\/nordicmart.andreevmaster.com\/product\/hall-tree-jossa-on-penkki-ja-kenkien-sailytys-entryway-coat-rack-ja-kenkapenkki-5-sailytyshyllya-9-takkikoukkua-6-sivukoukkua-157-x-472-x-748-tuumaa-kiviharmaa-ja-muste-musta-2\/"},"modified":"2026-02-27T08:07:54","modified_gmt":"2026-02-27T08:07:54","slug":"hall-tree-jossa-on-penkki-ja-kenkien-sailytys-entryway-coat-rack-ja-kenkapenkki-5-sailytyshyllya-9-takkikoukkua-6-sivukoukkua-157-x-472-x-748-tuumaa-kiviharmaa-ja-muste-musta-2","status":"publish","type":"product","link":"https:\/\/nordicmart.andreevmaster.com\/sv\/produkt\/hall-tree-jossa-on-penkki-ja-kenkien-sailytys-entryway-coat-rack-ja-kenkapenkki-5-sailytyshyllya-9-takkikoukkua-6-sivukoukkua-157-x-472-x-748-tuumaa-kiviharmaa-ja-muste-musta-2\/","title":{"rendered":"Hall Tree, jossa on penkki ja kenkien s\u00e4ilytys, Entryway Coat Rack ja kenk\u00e4penkki, 5 s\u00e4ilytyshylly\u00e4, 9 takkikoukkua, 6 sivukoukkua, 15,7 x 47,2 x 74,8 tuumaa, kiviharmaa ja muste musta"},"content":{"rendered":"","protected":false},"excerpt":{"rendered":"","protected":false},"featured_media":0,"comment_status":"open","ping_status":"closed","template":"","meta":[],"product_brand":[],"product_cat":[33],"product_tag":[],"class_list":{"0":"post-12327","1":"product","2":"type-product","3":"status-publish","5":"product_cat-okategoriserad","7":"first","8":"instock","9":"shipping-taxable","10":"product-type-simple"},"_links":{"self":[{"href":"https:\/\/nordicmart.andreevmaster.com\/sv\/wp-json\/wp\/v2\/product\/12327","targetHints":{"allow":["GET"]}}],"collection":[{"href":"https:\/\/nordicmart.andreevmaster.com\/sv\/wp-json\/wp\/v2\/product"}],"about":[{"href":"https:\/\/nordicmart.andreevmaster.com\/sv\/wp-json\/wp\/v2\/types\/product"}],"replies":[{"embeddable":true,"href":"https:\/\/nordicmart.andreevmaster.com\/sv\/wp-json\/wp\/v2\/comments?post=12327"}],"wp:attachment":[{"href":"https:\/\/nordicmart.andreevmaster.com\/sv\/wp-json\/wp\/v2\/media?parent=12327"}],"wp:term":[{"taxonomy":"product_brand","embeddable":true,"href":"https:\/\/nordicmart.andreevmaster.com\/sv\/wp-json\/wp\/v2\/product_brand?post=12327"},{"taxonomy":"product_cat","embeddable":true,"href":"https:\/\/nordicmart.andreevmaster.com\/sv\/wp-json\/wp\/v2\/product_cat?post=12327"},{"taxonomy":"product_tag","embeddable":true,"href":"https:\/\/nordicmart.andreevmaster.com\/sv\/wp-json\/wp\/v2\/product_tag?post=12327"}],"curies":[{"name":"wp","href":"https:\/\/api.w.org\/{rel}","templated":true}]}}