{"id":12323,"date":"2026-02-27T00:13:38","date_gmt":"2026-02-27T00:13:38","guid":{"rendered":"https:\/\/nordicmart.andreevmaster.com\/product\/vasagle-kladstallning\/"},"modified":"2026-02-27T08:07:53","modified_gmt":"2026-02-27T08:07:53","slug":"vasagle-kladstallning","status":"publish","type":"product","link":"https:\/\/nordicmart.andreevmaster.com\/sv\/produkt\/vasagle-kladstallning\/","title":{"rendered":"VASAGLE kl\u00e4dst\u00e4llning"},"content":{"rendered":"<p>Produktdetaljer: &#8211; F\u00e4rg: Greige-svart &#8211; Material: Sp\u00e5nskiva, st\u00e5l &#8211; Storlek: 70 x 32 x 175 cm (L x B x H)- Storlek sittyta: 70 x 30 cm (L x B)- Vikt: 7,8 kg- Max. statisk belastningskapacitet per krok: 3 kg- Max. statisk belastningskapacitet f\u00f6r sittytan: 80 kgLeveransomfattning:- 1 x garderob &#8211; 1 x tillbeh\u00f6rspaket &#8211; 1 x tippskydd &#8211; 1 x bruksanvisning (DE, EN, ES, FR, IT) VASAGLE Anm\u00e4rkningar: &#8211; F\u00e4st denna produkt p\u00e5 v\u00e4ggen med det medf\u00f6ljande tippskyddet f\u00f6r att garantera s\u00e4ker anv\u00e4ndning. &#8211; St\u00e5ngen i den \u00f6vre delen \u00e4r inte avsedd f\u00f6r upph\u00e4ngning av f\u00f6rem\u00e5l. H\u00e4ng kl\u00e4der eller andra f\u00f6rem\u00e5l p\u00e5 krokarna. &#8211; Den maximala statiska belastningen p\u00e5 sitsen \u00e4r 80 kg. \u00d6verskrid inte denna maximala vikt.<\/p>\n","protected":false},"excerpt":{"rendered":"<p>VASAGLE H\u00e4ng upp din kappa, s\u00e4tt dig ner, ta av dig skorna och st\u00e4ll dem p\u00e5 en av hyllorna nedanf\u00f6r \u2013 nu kan du koppla av.<\/p>\n","protected":false},"featured_media":0,"comment_status":"open","ping_status":"closed","template":"","meta":[],"product_brand":[],"product_cat":[33],"product_tag":[],"class_list":{"0":"post-12323","1":"product","2":"type-product","3":"status-publish","5":"product_cat-okategoriserad","7":"first","8":"instock","9":"shipping-taxable","10":"purchasable","11":"product-type-simple"},"_links":{"self":[{"href":"https:\/\/nordicmart.andreevmaster.com\/sv\/wp-json\/wp\/v2\/product\/12323","targetHints":{"allow":["GET"]}}],"collection":[{"href":"https:\/\/nordicmart.andreevmaster.com\/sv\/wp-json\/wp\/v2\/product"}],"about":[{"href":"https:\/\/nordicmart.andreevmaster.com\/sv\/wp-json\/wp\/v2\/types\/product"}],"replies":[{"embeddable":true,"href":"https:\/\/nordicmart.andreevmaster.com\/sv\/wp-json\/wp\/v2\/comments?post=12323"}],"wp:attachment":[{"href":"https:\/\/nordicmart.andreevmaster.com\/sv\/wp-json\/wp\/v2\/media?parent=12323"}],"wp:term":[{"taxonomy":"product_brand","embeddable":true,"href":"https:\/\/nordicmart.andreevmaster.com\/sv\/wp-json\/wp\/v2\/product_brand?post=12323"},{"taxonomy":"product_cat","embeddable":true,"href":"https:\/\/nordicmart.andreevmaster.com\/sv\/wp-json\/wp\/v2\/product_cat?post=12323"},{"taxonomy":"product_tag","embeddable":true,"href":"https:\/\/nordicmart.andreevmaster.com\/sv\/wp-json\/wp\/v2\/product_tag?post=12323"}],"curies":[{"name":"wp","href":"https:\/\/api.w.org\/{rel}","templated":true}]}}