{"id":12322,"date":"2026-02-27T00:13:38","date_gmt":"2026-02-27T00:13:38","guid":{"rendered":"https:\/\/nordicmart.andreevmaster.com\/product\/vasagle-garderob-skohylla-i-industriell-stil\/"},"modified":"2026-02-27T08:07:53","modified_gmt":"2026-02-27T08:07:53","slug":"vasagle-garderob-skohylla-i-industriell-stil","status":"publish","type":"product","link":"https:\/\/nordicmart.andreevmaster.com\/sv\/produkt\/vasagle-garderob-skohylla-i-industriell-stil\/","title":{"rendered":"VASAGLE Garderob &#038; skohylla i industriell stil"},"content":{"rendered":"<p>Produktdetaljer: &#8211; F\u00e4rg: Vintagebrun-svart &#8211; Material: Sp\u00e5nskiva, st\u00e5l &#8211; Totala m\u00e5tt: 70 x 175 x 32 cm (B x H x D) &#8211; M\u00e5tt p\u00e5 hyllan: 70 x 30 cm &#8211; Vikt: 9,8 kg &#8211; Belastningskapacitet per krok: 3 kg &#8211; Max. statisk belastningskapacitet f\u00f6r b\u00e4nken: 80 kg Leveransomfattning: &#8211; 1 x garderob &#8211; 1 x bruksanvisning (DE, EN, ES, FR, IT) VASAGLE Anm\u00e4rkningar: &#8211; Anv\u00e4nd tippskyddet f\u00f6r att s\u00e4kra produkten mot v\u00e4ggen. &#8211; St\u00e5ngen i den \u00f6vre delen \u00e4r inte avsedd f\u00f6r upph\u00e4ngning av f\u00f6rem\u00e5l. H\u00e4ng kl\u00e4der eller andra saker p\u00e5 krokarna.<\/p>\n","protected":false},"excerpt":{"rendered":"<p>VASAGLE H\u00e4ng upp din kappa, s\u00e4tt dig ner, ta av dig skorna och st\u00e4ll dem p\u00e5 en av hyllorna nedanf\u00f6r \u2013 nu kan du koppla av.<\/p>\n","protected":false},"featured_media":0,"comment_status":"open","ping_status":"closed","template":"","meta":[],"product_brand":[],"product_cat":[33],"product_tag":[],"class_list":{"0":"post-12322","1":"product","2":"type-product","3":"status-publish","5":"product_cat-okategoriserad","7":"first","8":"instock","9":"shipping-taxable","10":"purchasable","11":"product-type-simple"},"_links":{"self":[{"href":"https:\/\/nordicmart.andreevmaster.com\/sv\/wp-json\/wp\/v2\/product\/12322","targetHints":{"allow":["GET"]}}],"collection":[{"href":"https:\/\/nordicmart.andreevmaster.com\/sv\/wp-json\/wp\/v2\/product"}],"about":[{"href":"https:\/\/nordicmart.andreevmaster.com\/sv\/wp-json\/wp\/v2\/types\/product"}],"replies":[{"embeddable":true,"href":"https:\/\/nordicmart.andreevmaster.com\/sv\/wp-json\/wp\/v2\/comments?post=12322"}],"wp:attachment":[{"href":"https:\/\/nordicmart.andreevmaster.com\/sv\/wp-json\/wp\/v2\/media?parent=12322"}],"wp:term":[{"taxonomy":"product_brand","embeddable":true,"href":"https:\/\/nordicmart.andreevmaster.com\/sv\/wp-json\/wp\/v2\/product_brand?post=12322"},{"taxonomy":"product_cat","embeddable":true,"href":"https:\/\/nordicmart.andreevmaster.com\/sv\/wp-json\/wp\/v2\/product_cat?post=12322"},{"taxonomy":"product_tag","embeddable":true,"href":"https:\/\/nordicmart.andreevmaster.com\/sv\/wp-json\/wp\/v2\/product_tag?post=12322"}],"curies":[{"name":"wp","href":"https:\/\/api.w.org\/{rel}","templated":true}]}}