{"id":12320,"date":"2026-02-27T00:13:37","date_gmt":"2026-02-27T00:13:37","guid":{"rendered":"https:\/\/nordicmart.andreevmaster.com\/product\/vasagle-kladhangare-med-krokar-och-spegel-i-industriell-stil\/"},"modified":"2026-02-27T08:07:53","modified_gmt":"2026-02-27T08:07:53","slug":"vasagle-kladhangare-med-krokar-och-spegel-i-industriell-stil","status":"publish","type":"product","link":"https:\/\/nordicmart.andreevmaster.com\/sv\/produkt\/vasagle-kladhangare-med-krokar-och-spegel-i-industriell-stil\/","title":{"rendered":"VASAGLE kl\u00e4dh\u00e4ngare med krokar och spegel i industriell stil"},"content":{"rendered":"<p>VASAGLE kl\u00e4dst\u00e4llning, garderob, kl\u00e4dh\u00e4ngare med krokar, spegel, b\u00e4nk, 35 x 98 x 180 cm, f\u00f6r hall, sovrum, vardagsrum, industriell design, vintagebrun-svart HSR415B01<br \/>\nF\u00e4rg: kamelbrun-bl\u00e4ksvart<br \/>\nMaterial: sp\u00e5nskiva, st\u00e5l<br \/>\nStorlek: 35 x 98 x 180 cm (D x B x H)<br \/>\nVikt: 15,9 kg<br \/>\nMax. statisk belastningskapacitet per krok: 5 kg<br \/>\nMax. statisk belastningskapacitet per gallerhylla: 15 kg<br \/>\nMax. statisk belastningskapacitet f\u00f6r sittytan: 100 kg<\/p>\n","protected":false},"excerpt":{"rendered":"<p>VASAGLE kl\u00e4dst\u00e4llning, garderob, kl\u00e4dh\u00e4ngare med krokar, spegel, b\u00e4nk, 35 x 98 x 180 cm, f\u00f6r hall, sovrum, vardagsrum, industriell design, vintagebrun-svart HSR415B01<\/p>\n","protected":false},"featured_media":40605,"comment_status":"open","ping_status":"closed","template":"","meta":[],"product_brand":[],"product_cat":[33],"product_tag":[],"class_list":{"0":"post-12320","1":"product","2":"type-product","3":"status-publish","4":"has-post-thumbnail","6":"product_cat-okategoriserad","8":"first","9":"instock","10":"shipping-taxable","11":"purchasable","12":"product-type-simple"},"_links":{"self":[{"href":"https:\/\/nordicmart.andreevmaster.com\/sv\/wp-json\/wp\/v2\/product\/12320","targetHints":{"allow":["GET"]}}],"collection":[{"href":"https:\/\/nordicmart.andreevmaster.com\/sv\/wp-json\/wp\/v2\/product"}],"about":[{"href":"https:\/\/nordicmart.andreevmaster.com\/sv\/wp-json\/wp\/v2\/types\/product"}],"replies":[{"embeddable":true,"href":"https:\/\/nordicmart.andreevmaster.com\/sv\/wp-json\/wp\/v2\/comments?post=12320"}],"wp:featuredmedia":[{"embeddable":true,"href":"https:\/\/nordicmart.andreevmaster.com\/sv\/wp-json\/wp\/v2\/media\/40605"}],"wp:attachment":[{"href":"https:\/\/nordicmart.andreevmaster.com\/sv\/wp-json\/wp\/v2\/media?parent=12320"}],"wp:term":[{"taxonomy":"product_brand","embeddable":true,"href":"https:\/\/nordicmart.andreevmaster.com\/sv\/wp-json\/wp\/v2\/product_brand?post=12320"},{"taxonomy":"product_cat","embeddable":true,"href":"https:\/\/nordicmart.andreevmaster.com\/sv\/wp-json\/wp\/v2\/product_cat?post=12320"},{"taxonomy":"product_tag","embeddable":true,"href":"https:\/\/nordicmart.andreevmaster.com\/sv\/wp-json\/wp\/v2\/product_tag?post=12320"}],"curies":[{"name":"wp","href":"https:\/\/api.w.org\/{rel}","templated":true}]}}