{"id":12319,"date":"2026-02-27T00:13:37","date_gmt":"2026-02-27T00:13:37","guid":{"rendered":"https:\/\/nordicmart.andreevmaster.com\/product\/vasagle-garderob-med-spegel\/"},"modified":"2026-02-27T08:07:52","modified_gmt":"2026-02-27T08:07:52","slug":"vasagle-garderob-med-spegel","status":"publish","type":"product","link":"https:\/\/nordicmart.andreevmaster.com\/sv\/produkt\/vasagle-garderob-med-spegel\/","title":{"rendered":"VASAGLE garderob med spegel"},"content":{"rendered":"<p>Produktdetaljer: &#8211; F\u00e4rg: Vintagebrun-svart &#8211; Material: Sp\u00e5nskiva, st\u00e5l &#8211; M\u00e5tt: 35 x 98 x 180 cm (D x B x H) &#8211; Vikt: 15,9 kg &#8211; Max. statisk belastningskapacitet per krok: 5 kg  &#8211; Max. statisk belastningskapacitet per gallerhylla: 15 kg &#8211; Max. statisk belastningskapacitet f\u00f6r sittytan: 100 kg Leveransomfattning: &#8211; 1 x garderob &#8211; 2 x tippskydd &#8211; 1 x tillbeh\u00f6rspaket &#8211; 1 x bruksanvisning VASAGLE Anm\u00e4rkningar: &#8211; Av s\u00e4kerhetssk\u00e4l b\u00f6r barn inte kl\u00e4ttra p\u00e5 eller leka med denna produkt. &#8211; Anv\u00e4nd det medf\u00f6ljande tippskyddet f\u00f6r att f\u00e4sta produkten p\u00e5 v\u00e4ggen. &#8211; Den maximala statiska belastningskapaciteten f\u00f6r sitsen \u00e4r 100 kg, \u00f6verskrid inte denna.<\/p>\n","protected":false},"excerpt":{"rendered":"<p>VASAGLE kl\u00e4dst\u00e4llning, garderob, kl\u00e4dh\u00e4ngare med krokar, spegel, b\u00e4nk, 35 x 98 x 180 cm, f\u00f6r hall, sovrum, vardagsrum, industriell design, vintagebrun-svart HSR415B01<\/p>\n","protected":false},"featured_media":40604,"comment_status":"open","ping_status":"closed","template":"","meta":[],"product_brand":[],"product_cat":[33],"product_tag":[],"class_list":{"0":"post-12319","1":"product","2":"type-product","3":"status-publish","4":"has-post-thumbnail","6":"product_cat-okategoriserad","8":"first","9":"instock","10":"shipping-taxable","11":"purchasable","12":"product-type-simple"},"_links":{"self":[{"href":"https:\/\/nordicmart.andreevmaster.com\/sv\/wp-json\/wp\/v2\/product\/12319","targetHints":{"allow":["GET"]}}],"collection":[{"href":"https:\/\/nordicmart.andreevmaster.com\/sv\/wp-json\/wp\/v2\/product"}],"about":[{"href":"https:\/\/nordicmart.andreevmaster.com\/sv\/wp-json\/wp\/v2\/types\/product"}],"replies":[{"embeddable":true,"href":"https:\/\/nordicmart.andreevmaster.com\/sv\/wp-json\/wp\/v2\/comments?post=12319"}],"wp:featuredmedia":[{"embeddable":true,"href":"https:\/\/nordicmart.andreevmaster.com\/sv\/wp-json\/wp\/v2\/media\/40604"}],"wp:attachment":[{"href":"https:\/\/nordicmart.andreevmaster.com\/sv\/wp-json\/wp\/v2\/media?parent=12319"}],"wp:term":[{"taxonomy":"product_brand","embeddable":true,"href":"https:\/\/nordicmart.andreevmaster.com\/sv\/wp-json\/wp\/v2\/product_brand?post=12319"},{"taxonomy":"product_cat","embeddable":true,"href":"https:\/\/nordicmart.andreevmaster.com\/sv\/wp-json\/wp\/v2\/product_cat?post=12319"},{"taxonomy":"product_tag","embeddable":true,"href":"https:\/\/nordicmart.andreevmaster.com\/sv\/wp-json\/wp\/v2\/product_tag?post=12319"}],"curies":[{"name":"wp","href":"https:\/\/api.w.org\/{rel}","templated":true}]}}