{"id":12318,"date":"2026-02-27T00:13:37","date_gmt":"2026-02-27T00:13:37","guid":{"rendered":"https:\/\/nordicmart.andreevmaster.com\/product\/vasagle-kladstallning-med-hylla-och-7-dubbla-krokar\/"},"modified":"2026-02-27T08:07:52","modified_gmt":"2026-02-27T08:07:52","slug":"vasagle-kladstallning-med-hylla-och-7-dubbla-krokar","status":"publish","type":"product","link":"https:\/\/nordicmart.andreevmaster.com\/sv\/produkt\/vasagle-kladstallning-med-hylla-och-7-dubbla-krokar\/","title":{"rendered":"VASAGLE kl\u00e4dst\u00e4llning med hylla och 7 dubbla krokar"},"content":{"rendered":"<p>VASAGLE Garderob, kl\u00e4dst\u00e4llning, skob\u00e4nk, garderob, jackst\u00e4llning med f\u00f6rvaring, 7 dubbla krokar f\u00f6r jackor, hattar, hall, sovrum, vardagsrum, 35 x 81 x 180 cm, vintagevit HSR414W01<br \/>\nF\u00e4rg: Vintagevit<br \/>\nMaterial: sp\u00e5nskiva, st\u00e5l<br \/>\nStorlek: 35 x 81 x 180 cm (D x B x H)<br \/>\nVikt: 26,1 kg<br \/>\nMax. statisk belastningskapacitet f\u00f6r b\u00e4nken: 136 kg<br \/>\nMax. statisk belastningskapacitet f\u00f6r den \u00f6versta hyllan: 10 kg<br \/>\nMax. statisk belastningskapacitet per dubbelkrok: 3 kg<br \/>\nMax. statisk belastningskapacitet f\u00f6r varje hylla i skohyllan: 5 kg<\/p>\n","protected":false},"excerpt":{"rendered":"<p>VASAGLE Garderob, kl\u00e4dst\u00e4llning, skob\u00e4nk, garderob, jackst\u00e4llning med f\u00f6rvaring, 7 dubbla krokar f\u00f6r jackor, hattar, hall, sovrum, vardagsrum, 35 x 81 x 180 cm, vintagevit HSR414W01<\/p>\n","protected":false},"featured_media":0,"comment_status":"open","ping_status":"closed","template":"","meta":[],"product_brand":[],"product_cat":[33],"product_tag":[],"class_list":{"0":"post-12318","1":"product","2":"type-product","3":"status-publish","5":"product_cat-okategoriserad","7":"first","8":"instock","9":"shipping-taxable","10":"purchasable","11":"product-type-simple"},"_links":{"self":[{"href":"https:\/\/nordicmart.andreevmaster.com\/sv\/wp-json\/wp\/v2\/product\/12318","targetHints":{"allow":["GET"]}}],"collection":[{"href":"https:\/\/nordicmart.andreevmaster.com\/sv\/wp-json\/wp\/v2\/product"}],"about":[{"href":"https:\/\/nordicmart.andreevmaster.com\/sv\/wp-json\/wp\/v2\/types\/product"}],"replies":[{"embeddable":true,"href":"https:\/\/nordicmart.andreevmaster.com\/sv\/wp-json\/wp\/v2\/comments?post=12318"}],"wp:attachment":[{"href":"https:\/\/nordicmart.andreevmaster.com\/sv\/wp-json\/wp\/v2\/media?parent=12318"}],"wp:term":[{"taxonomy":"product_brand","embeddable":true,"href":"https:\/\/nordicmart.andreevmaster.com\/sv\/wp-json\/wp\/v2\/product_brand?post=12318"},{"taxonomy":"product_cat","embeddable":true,"href":"https:\/\/nordicmart.andreevmaster.com\/sv\/wp-json\/wp\/v2\/product_cat?post=12318"},{"taxonomy":"product_tag","embeddable":true,"href":"https:\/\/nordicmart.andreevmaster.com\/sv\/wp-json\/wp\/v2\/product_tag?post=12318"}],"curies":[{"name":"wp","href":"https:\/\/api.w.org\/{rel}","templated":true}]}}