{"id":12317,"date":"2026-02-27T00:13:36","date_gmt":"2026-02-27T00:13:36","guid":{"rendered":"https:\/\/nordicmart.andreevmaster.com\/product\/vasagle-kladhangare-med-5-hyllor\/"},"modified":"2026-02-27T08:07:52","modified_gmt":"2026-02-27T08:07:52","slug":"vasagle-kladhangare-med-5-hyllor","status":"publish","type":"product","link":"https:\/\/nordicmart.andreevmaster.com\/sv\/produkt\/vasagle-kladhangare-med-5-hyllor\/","title":{"rendered":"VASAGLE kl\u00e4dh\u00e4ngare med 5 hyllor"},"content":{"rendered":"<p>Produktdetaljer: &#8211; F\u00e4rg: Vintagebrun-svart &#8211; Material: Sp\u00e5nskiva, st\u00e5l &#8211; Total storlek: 31,5 x 68 x 183,5 cm (D x B x H) &#8211; Storlek p\u00e5 den \u00f6versta hyllan: 68 x 15 x 1,5 cm (D x B x H) &#8211; Storlek p\u00e5 skohyllans yta: 68 x 30 x 1,5 cm (D x B x H) &#8211; Avst\u00e5nd mellan hyllorna: 17\/17\/21\/21 cm (fr\u00e5n topp till botten) &#8211; Vikt: 9,7 kg &#8211; Max. statisk belastningskapacitet f\u00f6r den \u00f6versta hyllan: 10 kg &#8211; Max. statisk belastningskapacitet per krok: 3 kg &#8211; Max. statisk belastningskapacitet f\u00f6r skohyllans yta: 22,7 kg &#8211; Max. statisk belastningskapacitet per gallerhylla: 15 kgLeveransomfattning:- 1 x garderob &#8211; 1 x tillbeh\u00f6rspaket &#8211; 1 x tippskydd &#8211; 1 x bruksanvisning VASAGLE Anm\u00e4rkningar: &#8211; F\u00e4st denna produkt p\u00e5 v\u00e4ggen med det medf\u00f6ljande tippskyddet f\u00f6r att garantera s\u00e4ker anv\u00e4ndning.<\/p>\n","protected":false},"excerpt":{"rendered":"<p>VASAGLE Garderob, kl\u00e4dst\u00e4llning, garderob med 5 dubbla krokar, skohylla med 5 niv\u00e5er, en hylla ovanp\u00e5, f\u00f6r l\u00e4genheter, sovrum, hall, industriell design, vintagebrun-svart HSR412B01<\/p>\n","protected":false},"featured_media":40603,"comment_status":"open","ping_status":"closed","template":"","meta":[],"product_brand":[],"product_cat":[33],"product_tag":[],"class_list":{"0":"post-12317","1":"product","2":"type-product","3":"status-publish","4":"has-post-thumbnail","6":"product_cat-okategoriserad","8":"first","9":"instock","10":"shipping-taxable","11":"purchasable","12":"product-type-simple"},"_links":{"self":[{"href":"https:\/\/nordicmart.andreevmaster.com\/sv\/wp-json\/wp\/v2\/product\/12317","targetHints":{"allow":["GET"]}}],"collection":[{"href":"https:\/\/nordicmart.andreevmaster.com\/sv\/wp-json\/wp\/v2\/product"}],"about":[{"href":"https:\/\/nordicmart.andreevmaster.com\/sv\/wp-json\/wp\/v2\/types\/product"}],"replies":[{"embeddable":true,"href":"https:\/\/nordicmart.andreevmaster.com\/sv\/wp-json\/wp\/v2\/comments?post=12317"}],"wp:featuredmedia":[{"embeddable":true,"href":"https:\/\/nordicmart.andreevmaster.com\/sv\/wp-json\/wp\/v2\/media\/40603"}],"wp:attachment":[{"href":"https:\/\/nordicmart.andreevmaster.com\/sv\/wp-json\/wp\/v2\/media?parent=12317"}],"wp:term":[{"taxonomy":"product_brand","embeddable":true,"href":"https:\/\/nordicmart.andreevmaster.com\/sv\/wp-json\/wp\/v2\/product_brand?post=12317"},{"taxonomy":"product_cat","embeddable":true,"href":"https:\/\/nordicmart.andreevmaster.com\/sv\/wp-json\/wp\/v2\/product_cat?post=12317"},{"taxonomy":"product_tag","embeddable":true,"href":"https:\/\/nordicmart.andreevmaster.com\/sv\/wp-json\/wp\/v2\/product_tag?post=12317"}],"curies":[{"name":"wp","href":"https:\/\/api.w.org\/{rel}","templated":true}]}}