{"id":12314,"date":"2026-02-27T00:13:36","date_gmt":"2026-02-27T00:13:36","guid":{"rendered":"https:\/\/nordicmart.andreevmaster.com\/product\/vasagle-kladhangare-med-11-krokar\/"},"modified":"2026-02-27T08:07:52","modified_gmt":"2026-02-27T08:07:52","slug":"vasagle-kladhangare-med-11-krokar","status":"publish","type":"product","link":"https:\/\/nordicmart.andreevmaster.com\/sv\/produkt\/vasagle-kladhangare-med-11-krokar\/","title":{"rendered":"VASAGLE kl\u00e4dh\u00e4ngare med 11 krokar"},"content":{"rendered":"<p>Produktdetaljer: &#8211; F\u00e4rg: Vintagebrun-svart &#8211; Material: Sp\u00e5nskiva, st\u00e5l &#8211; Total storlek: 100 x 40 x 180 cm (L x B x H) &#8211; Storlek p\u00e5 b\u00e4nken: 100 x 37,5 x 1,5 cm (L x B x H) &#8211; Avst\u00e5nd mellan hyllorna: 16,8 cm &#8211; Vikt: 14,9 kg &#8211; Max. statisk belastningskapacitet per krok: 3 kg &#8211; Max. statisk belastningskapacitet f\u00f6r b\u00e4nken: 100 kg &#8211; Max. statisk belastningskapacitet per gallerhylla: 15 kg  Leveransomfattning: &#8211; 1 x garderob &#8211; 1 x tillbeh\u00f6rspaket &#8211; 1 x tippskydd &#8211; 1 x bruksanvisning VASAGLE Anm\u00e4rkningar:- F\u00e4st denna produkt p\u00e5 v\u00e4ggen med det medf\u00f6ljande tippskyddet f\u00f6r att garantera s\u00e4ker anv\u00e4ndning.- Den maximala statiska belastningskapaciteten f\u00f6r b\u00e4nken \u00e4r 100 kg. \u00d6verskrid inte denna maximala vikt.<\/p>\n","protected":false},"excerpt":{"rendered":"<p>VASAGLE Garderob, kl\u00e4dst\u00e4ll, garderob med 11 krokar, skohylla, f\u00f6r sm\u00e5 l\u00e4genheter, sovrum, hall, industriell design, vintagebrun-svart HSR410B01<\/p>\n","protected":false},"featured_media":40601,"comment_status":"open","ping_status":"closed","template":"","meta":[],"product_brand":[],"product_cat":[33],"product_tag":[],"class_list":{"0":"post-12314","1":"product","2":"type-product","3":"status-publish","4":"has-post-thumbnail","6":"product_cat-okategoriserad","8":"first","9":"instock","10":"shipping-taxable","11":"purchasable","12":"product-type-simple"},"_links":{"self":[{"href":"https:\/\/nordicmart.andreevmaster.com\/sv\/wp-json\/wp\/v2\/product\/12314","targetHints":{"allow":["GET"]}}],"collection":[{"href":"https:\/\/nordicmart.andreevmaster.com\/sv\/wp-json\/wp\/v2\/product"}],"about":[{"href":"https:\/\/nordicmart.andreevmaster.com\/sv\/wp-json\/wp\/v2\/types\/product"}],"replies":[{"embeddable":true,"href":"https:\/\/nordicmart.andreevmaster.com\/sv\/wp-json\/wp\/v2\/comments?post=12314"}],"wp:featuredmedia":[{"embeddable":true,"href":"https:\/\/nordicmart.andreevmaster.com\/sv\/wp-json\/wp\/v2\/media\/40601"}],"wp:attachment":[{"href":"https:\/\/nordicmart.andreevmaster.com\/sv\/wp-json\/wp\/v2\/media?parent=12314"}],"wp:term":[{"taxonomy":"product_brand","embeddable":true,"href":"https:\/\/nordicmart.andreevmaster.com\/sv\/wp-json\/wp\/v2\/product_brand?post=12314"},{"taxonomy":"product_cat","embeddable":true,"href":"https:\/\/nordicmart.andreevmaster.com\/sv\/wp-json\/wp\/v2\/product_cat?post=12314"},{"taxonomy":"product_tag","embeddable":true,"href":"https:\/\/nordicmart.andreevmaster.com\/sv\/wp-json\/wp\/v2\/product_tag?post=12314"}],"curies":[{"name":"wp","href":"https:\/\/api.w.org\/{rel}","templated":true}]}}