{"id":12313,"date":"2026-02-27T00:13:36","date_gmt":"2026-02-27T00:13:36","guid":{"rendered":"https:\/\/nordicmart.andreevmaster.com\/product\/vasagle-garderob-skohylla-vit-naturfarg\/"},"modified":"2026-02-27T08:07:51","modified_gmt":"2026-02-27T08:07:51","slug":"vasagle-garderob-skohylla-vit-naturfarg","status":"publish","type":"product","link":"https:\/\/nordicmart.andreevmaster.com\/sv\/produkt\/vasagle-garderob-skohylla-vit-naturfarg\/","title":{"rendered":"VASAGLE Garderob &#038; Skohylla Vit-Naturf\u00e4rg"},"content":{"rendered":"<p>VASAGLE \u2013 st\u00e5r f\u00f6r en fantasifull kombination av funktionalitet, h\u00e5llbarhet och modern design. Om du vill ge dina rum en personlig touch och en modern pr\u00e4gel kan du uppn\u00e5 imponerande effekter med denna m\u00f6belserie. Modern garderob med j\u00e4rninslag Denna garderob \u00e4r inte bara ett riktigt tillskott f\u00f6r \u00e4lskare av moderna m\u00f6bler. \u00c4ven fans av trendig industridesign kan f\u00f6rh\u00f6ja sin hall med denna m\u00f6bel, eftersom stativet \u00e4r tillverkat av kr\u00e4mf\u00e4rgat j\u00e4rn. Titta bakom fasaden En m\u00f6bel har dock ingen nytta av sitt vackra utseende om den saknar funktionalitet. D\u00e4rf\u00f6r har v\u00e5r kl\u00e4dh\u00e4ngare tv\u00e5 rymliga skohyllor och en stabil b\u00e4nk i den nedre delen. Dessutom kan du h\u00e4nga upp m\u00e5nga kl\u00e4desplagg p\u00e5 de nio krokarna och den gener\u00f6sa kl\u00e4dst\u00e5ngen. Komplettera din inredning med m\u00f6bler fr\u00e5n VASAGLE! Produktdetaljer: &#8211; F\u00e4rg: Kr\u00e4mf\u00e4rgad &#8211; Material: Sp\u00e5nskiva, j\u00e4rn  &#8211; M\u00e5tt: 72 x 33,7 x 183 cm (L x B x H) &#8211; Vikt: 9,8 kg &#8211; Max. statisk belastningskapacitet per krok: 3 kg &#8211; Max. statisk belastningskapacitet f\u00f6r b\u00e4nken: 80 kg Leveransomfattning: &#8211; 1 x kl\u00e4dh\u00e4ngare &#8211; 1 x instruktioner (DE, EN, FR, IT, ES) VASAGLE Anm\u00e4rkningar: &#8211; Anv\u00e4nd produkten med tippskyddet. &#8211; H\u00e4ng inte tunga kl\u00e4der p\u00e5 kl\u00e4dst\u00e5ngen.<\/p>\n","protected":false},"excerpt":{"rendered":"<p>VASAGLE Skapa en v\u00e5rlig, inbjudande entr\u00e9 med denna garderob med b\u00e4nk som v\u00e4lkomnar dina g\u00e4ster p\u00e5 ett v\u00e4nligt s\u00e4tt.<\/p>\n","protected":false},"featured_media":40600,"comment_status":"open","ping_status":"closed","template":"","meta":[],"product_brand":[],"product_cat":[33],"product_tag":[],"class_list":{"0":"post-12313","1":"product","2":"type-product","3":"status-publish","4":"has-post-thumbnail","6":"product_cat-okategoriserad","8":"first","9":"instock","10":"shipping-taxable","11":"purchasable","12":"product-type-simple"},"_links":{"self":[{"href":"https:\/\/nordicmart.andreevmaster.com\/sv\/wp-json\/wp\/v2\/product\/12313","targetHints":{"allow":["GET"]}}],"collection":[{"href":"https:\/\/nordicmart.andreevmaster.com\/sv\/wp-json\/wp\/v2\/product"}],"about":[{"href":"https:\/\/nordicmart.andreevmaster.com\/sv\/wp-json\/wp\/v2\/types\/product"}],"replies":[{"embeddable":true,"href":"https:\/\/nordicmart.andreevmaster.com\/sv\/wp-json\/wp\/v2\/comments?post=12313"}],"wp:featuredmedia":[{"embeddable":true,"href":"https:\/\/nordicmart.andreevmaster.com\/sv\/wp-json\/wp\/v2\/media\/40600"}],"wp:attachment":[{"href":"https:\/\/nordicmart.andreevmaster.com\/sv\/wp-json\/wp\/v2\/media?parent=12313"}],"wp:term":[{"taxonomy":"product_brand","embeddable":true,"href":"https:\/\/nordicmart.andreevmaster.com\/sv\/wp-json\/wp\/v2\/product_brand?post=12313"},{"taxonomy":"product_cat","embeddable":true,"href":"https:\/\/nordicmart.andreevmaster.com\/sv\/wp-json\/wp\/v2\/product_cat?post=12313"},{"taxonomy":"product_tag","embeddable":true,"href":"https:\/\/nordicmart.andreevmaster.com\/sv\/wp-json\/wp\/v2\/product_tag?post=12313"}],"curies":[{"name":"wp","href":"https:\/\/api.w.org\/{rel}","templated":true}]}}