{"id":12310,"date":"2026-02-27T00:13:35","date_gmt":"2026-02-27T00:13:35","guid":{"rendered":"https:\/\/nordicmart.andreevmaster.com\/product\/vasagle-garderob-och-bank-i-industriell-stil\/"},"modified":"2026-02-27T08:07:51","modified_gmt":"2026-02-27T08:07:51","slug":"vasagle-garderob-och-bank-i-industriell-stil","status":"publish","type":"product","link":"https:\/\/nordicmart.andreevmaster.com\/sv\/produkt\/vasagle-garderob-och-bank-i-industriell-stil\/","title":{"rendered":"VASAGLE Garderob och b\u00e4nk i industriell stil"},"content":{"rendered":"<p>VASAGLE \u2013 st\u00e5r f\u00f6r en fantasifull kombination av funktionalitet, t\u00e5lighet och stilfulla vintage-design. Om du vill ge dina rum en individuell touch och en antik pr\u00e4gel kan du uppn\u00e5 imponerande effekter med denna m\u00f6belserie. Vintage garderob med j\u00e4rninslag Denna garderob \u00e4r inte bara ett riktigt tillskott f\u00f6r \u00e4lskare av den romantiska vintage-stilen. \u00c4ven fans av den trendiga industridesignen kan f\u00f6rh\u00f6ja sin hall med denna m\u00f6bel, eftersom stativet \u00e4r tillverkat av matt svart j\u00e4rn. Titta bakom fasaden En m\u00f6bel har dock ingen nytta av sitt vackra utseende om den saknar funktionalitet. D\u00e4rf\u00f6r har v\u00e5r kl\u00e4dh\u00e4ngare tv\u00e5 rymliga skohyllor och en stabil tr\u00e4b\u00e4nk i den nedre delen. Dessutom kan du h\u00e4nga upp m\u00e5nga kl\u00e4desplagg p\u00e5 de nio krokarna och den gener\u00f6sa kl\u00e4dst\u00e5ngen. Komplettera din inredning med vintage-m\u00f6bler fr\u00e5n VASAGLE! Produktdetaljer: &#8211; F\u00e4rg: Vintagebrun-svart &#8211; Material: Sp\u00e5nskiva, st\u00e5l &#8211; M\u00e5tt: 72 x 183 x 33,7 cm (B x H x D) &#8211; Belastningskapacitet per krok: 3 kg &#8211; Belastningskapacitet f\u00f6r tr\u00e4hyllan: 80 kg &#8211; Vikt: 9,8 kg Leveransomfattning: &#8211; 1 x garderob &#8211; 1 x instruktioner (DE, EN, FR, IT, ES) VASAGLE Anm\u00e4rkningar: &#8211; Anv\u00e4nd produkten med tippskyddet. &#8211; H\u00e4ng inte tunga kl\u00e4der p\u00e5 kl\u00e4dst\u00e5ngen.<\/p>\n","protected":false},"excerpt":{"rendered":"<p>VASAGLE Skapa en v\u00e5rlig, inbjudande entr\u00e9 med denna garderob med b\u00e4nk som v\u00e4lkomnar dina g\u00e4ster p\u00e5 ett v\u00e4nligt s\u00e4tt.<\/p>\n","protected":false},"featured_media":40597,"comment_status":"open","ping_status":"closed","template":"","meta":[],"product_brand":[],"product_cat":[33],"product_tag":[],"class_list":{"0":"post-12310","1":"product","2":"type-product","3":"status-publish","4":"has-post-thumbnail","6":"product_cat-okategoriserad","8":"first","9":"instock","10":"shipping-taxable","11":"purchasable","12":"product-type-simple"},"_links":{"self":[{"href":"https:\/\/nordicmart.andreevmaster.com\/sv\/wp-json\/wp\/v2\/product\/12310","targetHints":{"allow":["GET"]}}],"collection":[{"href":"https:\/\/nordicmart.andreevmaster.com\/sv\/wp-json\/wp\/v2\/product"}],"about":[{"href":"https:\/\/nordicmart.andreevmaster.com\/sv\/wp-json\/wp\/v2\/types\/product"}],"replies":[{"embeddable":true,"href":"https:\/\/nordicmart.andreevmaster.com\/sv\/wp-json\/wp\/v2\/comments?post=12310"}],"wp:featuredmedia":[{"embeddable":true,"href":"https:\/\/nordicmart.andreevmaster.com\/sv\/wp-json\/wp\/v2\/media\/40597"}],"wp:attachment":[{"href":"https:\/\/nordicmart.andreevmaster.com\/sv\/wp-json\/wp\/v2\/media?parent=12310"}],"wp:term":[{"taxonomy":"product_brand","embeddable":true,"href":"https:\/\/nordicmart.andreevmaster.com\/sv\/wp-json\/wp\/v2\/product_brand?post=12310"},{"taxonomy":"product_cat","embeddable":true,"href":"https:\/\/nordicmart.andreevmaster.com\/sv\/wp-json\/wp\/v2\/product_cat?post=12310"},{"taxonomy":"product_tag","embeddable":true,"href":"https:\/\/nordicmart.andreevmaster.com\/sv\/wp-json\/wp\/v2\/product_tag?post=12310"}],"curies":[{"name":"wp","href":"https:\/\/api.w.org\/{rel}","templated":true}]}}