{"id":12304,"date":"2026-02-27T00:13:34","date_gmt":"2026-02-27T00:13:34","guid":{"rendered":"https:\/\/nordicmart.andreevmaster.com\/product\/garderob-kladkammare-kladhangare-med-bank-skoforvaring-krokar-justerbar-hylla-modern-vit\/"},"modified":"2026-02-27T08:07:50","modified_gmt":"2026-02-27T08:07:50","slug":"garderob-kladkammare-kladhangare-med-bank-skoforvaring-krokar-justerbar-hylla-modern-vit","status":"publish","type":"product","link":"https:\/\/nordicmart.andreevmaster.com\/sv\/produkt\/garderob-kladkammare-kladhangare-med-bank-skoforvaring-krokar-justerbar-hylla-modern-vit\/","title":{"rendered":"Garderob, kl\u00e4dkammare, kl\u00e4dh\u00e4ngare med b\u00e4nk, skof\u00f6rvaring, krokar, justerbar hylla, modern, vit"},"content":{"rendered":"<p>[Monik\u00e4ytt\u00f6inen] 5 kolminkertaista koukkua takkeja ja avaimia varten, kenk\u00e4teline ja 10 kenkien s\u00e4ilytyslokeroa auttavat sinua pysym\u00e4\u00e4n j\u00e4rjestyksess\u00e4.[Flexibel f\u00f6rvaring] 4 avtagbara paneler inuti facken skapar utrymme f\u00f6r skor i olika storlekar eller andra tillbeh\u00f6r. [Stabil konstruktion] H\u00f6gkvalitativa sp\u00e5nskivor och MDF-skivor garanterar h\u00e5llbar anv\u00e4ndning och h\u00f6g stabilitet.[Modern estetik] Vit finish, lamellbotten och symmetriska b\u00e5gar ger en modern och elegant design. [Enkel montering] Numrerade delar och l\u00e4ttf\u00f6rst\u00e5eliga instruktioner g\u00f6r monteringen enkel.[RUMSPARTI\u00c5TG\u00c5ENDE L\u00d6SNING] Den genomt\u00e4nkta designen maximerar f\u00f6rvaringsutrymmet i hallen och minimerar oredan.<\/p>\n<p>Form\uff1aRektangul\u00e4r\uff1bDjup\uff1a180 cm\uff1bMaterial\uff1aTr\u00e4, Konstruktionstr\u00e4\uff1bF\u00f6rpackningens m\u00e5tt\uff1a138 x 44 x 32,5 cm; 38,3 kg\uff1bS\u00e4rskilda egenskaper\uff1aMultifunktionell\uff1bVikt\uff1a38,3 kg\uff1b<\/p>\n","protected":false},"excerpt":{"rendered":"<p>[Monik\u00e4ytt\u00f6inen] 5 kolminkertaista koukkua takkeja ja avaimia varten, kenk\u00e4teline ja 10 kenkien s\u00e4ilytyslokeroa auttavat sinua pysym\u00e4\u00e4n j\u00e4rjestyksess\u00e4.[Flexibel f\u00f6rvaring] 4 avtagbara paneler inuti facken skapar utrymme f\u00f6r skor i olika storlekar eller andra tillbeh\u00f6r. [Stabil konstruktion] H\u00f6gkvalitativa sp\u00e5nskivor och MDF-skivor garanterar h\u00e5llbar anv\u00e4ndning och h\u00f6g stabilitet.[Modern estetik] Vit finish, lamellbotten och symmetriska b\u00e5gar ger en modern [&hellip;]<\/p>\n","protected":false},"featured_media":0,"comment_status":"open","ping_status":"closed","template":"","meta":[],"product_brand":[],"product_cat":[33],"product_tag":[],"class_list":{"0":"post-12304","1":"product","2":"type-product","3":"status-publish","5":"product_cat-okategoriserad","7":"first","8":"instock","9":"shipping-taxable","10":"product-type-simple"},"_links":{"self":[{"href":"https:\/\/nordicmart.andreevmaster.com\/sv\/wp-json\/wp\/v2\/product\/12304","targetHints":{"allow":["GET"]}}],"collection":[{"href":"https:\/\/nordicmart.andreevmaster.com\/sv\/wp-json\/wp\/v2\/product"}],"about":[{"href":"https:\/\/nordicmart.andreevmaster.com\/sv\/wp-json\/wp\/v2\/types\/product"}],"replies":[{"embeddable":true,"href":"https:\/\/nordicmart.andreevmaster.com\/sv\/wp-json\/wp\/v2\/comments?post=12304"}],"wp:attachment":[{"href":"https:\/\/nordicmart.andreevmaster.com\/sv\/wp-json\/wp\/v2\/media?parent=12304"}],"wp:term":[{"taxonomy":"product_brand","embeddable":true,"href":"https:\/\/nordicmart.andreevmaster.com\/sv\/wp-json\/wp\/v2\/product_brand?post=12304"},{"taxonomy":"product_cat","embeddable":true,"href":"https:\/\/nordicmart.andreevmaster.com\/sv\/wp-json\/wp\/v2\/product_cat?post=12304"},{"taxonomy":"product_tag","embeddable":true,"href":"https:\/\/nordicmart.andreevmaster.com\/sv\/wp-json\/wp\/v2\/product_tag?post=12304"}],"curies":[{"name":"wp","href":"https:\/\/api.w.org\/{rel}","templated":true}]}}