{"id":12302,"date":"2026-02-27T00:13:33","date_gmt":"2026-02-27T00:13:33","guid":{"rendered":"https:\/\/nordicmart.andreevmaster.com\/product\/vasagle-kladhangare-med-9-krokar\/"},"modified":"2026-02-27T08:07:50","modified_gmt":"2026-02-27T08:07:50","slug":"vasagle-kladhangare-med-9-krokar","status":"publish","type":"product","link":"https:\/\/nordicmart.andreevmaster.com\/sv\/produkt\/vasagle-kladhangare-med-9-krokar\/","title":{"rendered":"VASAGLE kl\u00e4dh\u00e4ngare med 9 krokar"},"content":{"rendered":"<p>Produktdetaljer: &#8211; F\u00e4rg: ekf\u00e4rgad-vit &#8211; Material: sp\u00e5nskiva, st\u00e5l &#8211; Storlek: 32 x 70 x 175 cm (D x B x H) &#8211; Storlek sittyta: 32 x 70 cm (D x B) &#8211; Vikt: 7,8 kg &#8211; Max. statisk belastningskapacitet per krok: 3 kg &#8211; Max. statisk belastningskapacitet f\u00f6r sittytan: 80 kg Leveransomfattning: &#8211; 1 x kl\u00e4dh\u00e4ngare &#8211; 1 x tillbeh\u00f6rspaket &#8211; 1 x tippskydd &#8211; 1 x bruksanvisning VASAGLE Anm\u00e4rkningar:- F\u00e4st denna produkt p\u00e5 v\u00e4ggen med det medf\u00f6ljande tippskyddet f\u00f6r att garantera s\u00e4ker anv\u00e4ndning. &#8211; St\u00e5ngen i den \u00f6vre delen \u00e4r inte avsedd f\u00f6r upph\u00e4ngning av f\u00f6rem\u00e5l. H\u00e4ng kl\u00e4der eller andra saker p\u00e5 krokarna. &#8211; Den maximala statiska belastningskapaciteten f\u00f6r sittytan \u00e4r 80 kg. \u00d6verskrid inte denna maximala vikt.<\/p>\n","protected":false},"excerpt":{"rendered":"<p>VASAGLE Garderob, kl\u00e4dh\u00e4ngare, skohylla med sittplats, kl\u00e4dh\u00e4ngare med 9 avtagbara krokar, b\u00e4nk, 2 gallerhyllor, 183 cm h\u00f6g, industriell design, vintagebrun-svart HSR400B01<\/p>\n","protected":false},"featured_media":40590,"comment_status":"open","ping_status":"closed","template":"","meta":[],"product_brand":[],"product_cat":[33],"product_tag":[],"class_list":{"0":"post-12302","1":"product","2":"type-product","3":"status-publish","4":"has-post-thumbnail","6":"product_cat-okategoriserad","8":"first","9":"instock","10":"shipping-taxable","11":"purchasable","12":"product-type-simple"},"_links":{"self":[{"href":"https:\/\/nordicmart.andreevmaster.com\/sv\/wp-json\/wp\/v2\/product\/12302","targetHints":{"allow":["GET"]}}],"collection":[{"href":"https:\/\/nordicmart.andreevmaster.com\/sv\/wp-json\/wp\/v2\/product"}],"about":[{"href":"https:\/\/nordicmart.andreevmaster.com\/sv\/wp-json\/wp\/v2\/types\/product"}],"replies":[{"embeddable":true,"href":"https:\/\/nordicmart.andreevmaster.com\/sv\/wp-json\/wp\/v2\/comments?post=12302"}],"wp:featuredmedia":[{"embeddable":true,"href":"https:\/\/nordicmart.andreevmaster.com\/sv\/wp-json\/wp\/v2\/media\/40590"}],"wp:attachment":[{"href":"https:\/\/nordicmart.andreevmaster.com\/sv\/wp-json\/wp\/v2\/media?parent=12302"}],"wp:term":[{"taxonomy":"product_brand","embeddable":true,"href":"https:\/\/nordicmart.andreevmaster.com\/sv\/wp-json\/wp\/v2\/product_brand?post=12302"},{"taxonomy":"product_cat","embeddable":true,"href":"https:\/\/nordicmart.andreevmaster.com\/sv\/wp-json\/wp\/v2\/product_cat?post=12302"},{"taxonomy":"product_tag","embeddable":true,"href":"https:\/\/nordicmart.andreevmaster.com\/sv\/wp-json\/wp\/v2\/product_tag?post=12302"}],"curies":[{"name":"wp","href":"https:\/\/api.w.org\/{rel}","templated":true}]}}