{"id":12300,"date":"2026-02-27T00:13:33","date_gmt":"2026-02-27T00:13:33","guid":{"rendered":"https:\/\/nordicmart.andreevmaster.com\/product\/vasagle-garderob-med-gallerhyllor-i-industriell-stil\/"},"modified":"2026-02-27T08:07:49","modified_gmt":"2026-02-27T08:07:49","slug":"vasagle-garderob-med-gallerhyllor-i-industriell-stil","status":"publish","type":"product","link":"https:\/\/nordicmart.andreevmaster.com\/sv\/produkt\/vasagle-garderob-med-gallerhyllor-i-industriell-stil\/","title":{"rendered":"VASAGLE Garderob med gallerhyllor i industriell stil"},"content":{"rendered":"<p>H\u00e4r h\u00e4nger dina kl\u00e4der i lycksalighet Perfekt sammankopplade r\u00f6r, eleganta gallerhyllor, raffinerad vintage-yta \u2013 ett kungarike f\u00f6r dina kl\u00e4der och accessoarer. Produktdetaljer:- F\u00e4rg: Vintage\/m\u00f6rkbrun &#8211; Material: Sp\u00e5nskiva, j\u00e4rn &#8211; Storlek: 66 x 32,5 x 183 cm (L x B x H) &#8211; Vikt: 11,6 kg &#8211; Max. statisk belastningskapacitet f\u00f6r sittytan: 100 kg &#8211; Max. statisk belastningskapacitet per gallerhylla: 10 kg Leveransomfattning:- 1 x garderob &#8211; 1 x monteringsmaterial &#8211; 1 x bruksanvisning (DE, EN, ES, FR, IT) VASAGLE Anm\u00e4rkningar: &#8211; Placera produkten s\u00e5 att den inte uts\u00e4tts f\u00f6r v\u00e4rmek\u00e4llor, direkt solljus eller fukt. &#8211; Observera uppgifterna om maximal belastningskapacitet och placera inga tyngre f\u00f6rem\u00e5l p\u00e5 produkten.<\/p>\n","protected":false},"excerpt":{"rendered":"<p>VASAGLE Garderob, kl\u00e4dst\u00e4llning med b\u00e4nk, skohylla med 2 gallerhyllor, garderob, hall, vardagsrum, metall, enkel montering, industriell design, vintage, m\u00f6rkbrun HSR37BX<\/p>\n","protected":false},"featured_media":40588,"comment_status":"open","ping_status":"closed","template":"","meta":[],"product_brand":[],"product_cat":[33],"product_tag":[],"class_list":{"0":"post-12300","1":"product","2":"type-product","3":"status-publish","4":"has-post-thumbnail","6":"product_cat-okategoriserad","8":"first","9":"instock","10":"shipping-taxable","11":"purchasable","12":"product-type-simple"},"_links":{"self":[{"href":"https:\/\/nordicmart.andreevmaster.com\/sv\/wp-json\/wp\/v2\/product\/12300","targetHints":{"allow":["GET"]}}],"collection":[{"href":"https:\/\/nordicmart.andreevmaster.com\/sv\/wp-json\/wp\/v2\/product"}],"about":[{"href":"https:\/\/nordicmart.andreevmaster.com\/sv\/wp-json\/wp\/v2\/types\/product"}],"replies":[{"embeddable":true,"href":"https:\/\/nordicmart.andreevmaster.com\/sv\/wp-json\/wp\/v2\/comments?post=12300"}],"wp:featuredmedia":[{"embeddable":true,"href":"https:\/\/nordicmart.andreevmaster.com\/sv\/wp-json\/wp\/v2\/media\/40588"}],"wp:attachment":[{"href":"https:\/\/nordicmart.andreevmaster.com\/sv\/wp-json\/wp\/v2\/media?parent=12300"}],"wp:term":[{"taxonomy":"product_brand","embeddable":true,"href":"https:\/\/nordicmart.andreevmaster.com\/sv\/wp-json\/wp\/v2\/product_brand?post=12300"},{"taxonomy":"product_cat","embeddable":true,"href":"https:\/\/nordicmart.andreevmaster.com\/sv\/wp-json\/wp\/v2\/product_cat?post=12300"},{"taxonomy":"product_tag","embeddable":true,"href":"https:\/\/nordicmart.andreevmaster.com\/sv\/wp-json\/wp\/v2\/product_tag?post=12300"}],"curies":[{"name":"wp","href":"https:\/\/api.w.org\/{rel}","templated":true}]}}