{"id":12299,"date":"2026-02-27T00:13:33","date_gmt":"2026-02-27T00:13:33","guid":{"rendered":"https:\/\/nordicmart.andreevmaster.com\/product\/songmics-kladstall-pa-hjul-i-metall-svart\/"},"modified":"2026-02-27T08:07:49","modified_gmt":"2026-02-27T08:07:49","slug":"songmics-kladstall-pa-hjul-i-metall-svart","status":"publish","type":"product","link":"https:\/\/nordicmart.andreevmaster.com\/sv\/produkt\/songmics-kladstall-pa-hjul-i-metall-svart\/","title":{"rendered":"SONGMICS kl\u00e4dst\u00e4ll p\u00e5 hjul i metall, svart"},"content":{"rendered":"<p>SONGMICS kl\u00e4dst\u00e4ll, 2 kl\u00e4dst\u00e4nger, kl\u00e4dst\u00e4ll p\u00e5 hjul, av metall, med gallerbotten, belastningskapacitet per st\u00e5ng upp till 30 kg, f\u00f6r kl\u00e4der, v\u00e4skor, svart HSR26BK<br \/>\n&#8211; F\u00e4rg: svart<br \/>\n&#8211; Material: st\u00e5l<br \/>\n&#8211; Produktstorlek: 92,5 x 59,5 x 142\/158 cm (L x B x H)<br \/>\n&#8211; Produktvikt: 7,2 kg<br \/>\n&#8211; Max. statisk b\u00e4rf\u00f6rm\u00e5ga per st\u00e5ng: 30 kg<br \/>\n\u2013 Max. statisk b\u00e4rf\u00f6rm\u00e5ga f\u00f6r den nedre hyllan: 10 kg<\/p>\n","protected":false},"excerpt":{"rendered":"<p>SONGMICS kl\u00e4dst\u00e4ll, 2 kl\u00e4dst\u00e4nger, kl\u00e4dst\u00e4ll p\u00e5 hjul, av metall, med gallerbotten, belastningskapacitet per st\u00e5ng upp till 30 kg, f\u00f6r kl\u00e4der, v\u00e4skor, svart HSR26BK<\/p>\n","protected":false},"featured_media":40587,"comment_status":"open","ping_status":"closed","template":"","meta":[],"product_brand":[],"product_cat":[33],"product_tag":[],"class_list":{"0":"post-12299","1":"product","2":"type-product","3":"status-publish","4":"has-post-thumbnail","6":"product_cat-okategoriserad","8":"first","9":"instock","10":"shipping-taxable","11":"purchasable","12":"product-type-simple"},"_links":{"self":[{"href":"https:\/\/nordicmart.andreevmaster.com\/sv\/wp-json\/wp\/v2\/product\/12299","targetHints":{"allow":["GET"]}}],"collection":[{"href":"https:\/\/nordicmart.andreevmaster.com\/sv\/wp-json\/wp\/v2\/product"}],"about":[{"href":"https:\/\/nordicmart.andreevmaster.com\/sv\/wp-json\/wp\/v2\/types\/product"}],"replies":[{"embeddable":true,"href":"https:\/\/nordicmart.andreevmaster.com\/sv\/wp-json\/wp\/v2\/comments?post=12299"}],"wp:featuredmedia":[{"embeddable":true,"href":"https:\/\/nordicmart.andreevmaster.com\/sv\/wp-json\/wp\/v2\/media\/40587"}],"wp:attachment":[{"href":"https:\/\/nordicmart.andreevmaster.com\/sv\/wp-json\/wp\/v2\/media?parent=12299"}],"wp:term":[{"taxonomy":"product_brand","embeddable":true,"href":"https:\/\/nordicmart.andreevmaster.com\/sv\/wp-json\/wp\/v2\/product_brand?post=12299"},{"taxonomy":"product_cat","embeddable":true,"href":"https:\/\/nordicmart.andreevmaster.com\/sv\/wp-json\/wp\/v2\/product_cat?post=12299"},{"taxonomy":"product_tag","embeddable":true,"href":"https:\/\/nordicmart.andreevmaster.com\/sv\/wp-json\/wp\/v2\/product_tag?post=12299"}],"curies":[{"name":"wp","href":"https:\/\/api.w.org\/{rel}","templated":true}]}}