{"id":12298,"date":"2026-02-27T00:13:33","date_gmt":"2026-02-27T00:13:33","guid":{"rendered":"https:\/\/nordicmart.andreevmaster.com\/product\/songmics-kladstall-pa-hjul-svart\/"},"modified":"2026-02-27T08:07:49","modified_gmt":"2026-02-27T08:07:49","slug":"songmics-kladstall-pa-hjul-svart","status":"publish","type":"product","link":"https:\/\/nordicmart.andreevmaster.com\/sv\/produkt\/songmics-kladstall-pa-hjul-svart\/","title":{"rendered":"SONGMICS kl\u00e4dst\u00e4ll p\u00e5 hjul, svart"},"content":{"rendered":"<p>Kl\u00e4dst\u00e5ng mot kaotiska kl\u00e4dh\u00f6gar: Letar du efter en smart l\u00f6sning f\u00f6r kaotiska kl\u00e4dh\u00f6gar? Perfekt, nu har du hittat den! Denna eleganta kl\u00e4dh\u00e4ngare erbjuder gott om plats f\u00f6r dina vardagskl\u00e4der och tar samtidigt liten plats. Dessutom kan du f\u00f6rvara dina skor, v\u00e4skor eller f\u00f6rvaringsl\u00e5dor p\u00e5 gallret i den nedre delen.<\/p>\n<p>Riktigt stark! Denna kl\u00e4dst\u00e4llning \u00e4r tillverkad av h\u00f6gkvalitativa st\u00e5lr\u00f6r som \u00e4r sammanfogade med skruvar. Oavsett om du vill h\u00e4nga upp l\u00e5nga rockar eller tunga jackor, klarar denna kl\u00e4dst\u00e5ng deras vikt utan problem.<\/p>\n<p>Vill du skydda n\u00e5gra \u00f6mt\u00e5liga kl\u00e4desplagg fr\u00e5n en fullpackad garderob eller v\u00e4xer din kl\u00e4dkollektion oavbrutet? D\u00e5 \u00e4r det dags att v\u00e4lkomna denna eleganta kl\u00e4dh\u00e4ngare fr\u00e5n SONGMICS till ditt hem! Produktdetaljer:<br \/>\nF\u00e4rg: Svart<br \/>\nMaterial: St\u00e5l<br \/>\nStorlek: 92,5 x 40,5 x 158 cm (L x B x H)<br \/>\nVikt: 4,2 kg<br \/>\nMax. statisk belastningskapacitet f\u00f6r kl\u00e4dst\u00e5ngen: 40 kg<br \/>\nMax. statisk belastningskapacitet f\u00f6r hyllan: 10 kg<\/p>\n<p>Leveransomfattning:<br \/>\n1 x kl\u00e4dst\u00e5ng<br \/>\n1 x tillbeh\u00f6rsp\u00e5se<br \/>\n1 x bruksanvisning (DE, EN, ES, FR, IT)<\/p>\n<p>SONGMICS Anm\u00e4rkningar:<br \/>\nDen maximala belastningskapaciteten i texten avser den statiska maximala vikten.<\/p>\n","protected":false},"excerpt":{"rendered":"<p>SONGMICS kl\u00e4dst\u00e4ll p\u00e5 hjul, garderob, kl\u00e4dst\u00e5ng med en belastningskapacitet p\u00e5 upp till 40 kg, av metall, med gallerhylla, svart HSR25BK<\/p>\n","protected":false},"featured_media":40586,"comment_status":"open","ping_status":"closed","template":"","meta":[],"product_brand":[],"product_cat":[33],"product_tag":[],"class_list":{"0":"post-12298","1":"product","2":"type-product","3":"status-publish","4":"has-post-thumbnail","6":"product_cat-okategoriserad","8":"first","9":"instock","10":"shipping-taxable","11":"purchasable","12":"product-type-simple"},"_links":{"self":[{"href":"https:\/\/nordicmart.andreevmaster.com\/sv\/wp-json\/wp\/v2\/product\/12298","targetHints":{"allow":["GET"]}}],"collection":[{"href":"https:\/\/nordicmart.andreevmaster.com\/sv\/wp-json\/wp\/v2\/product"}],"about":[{"href":"https:\/\/nordicmart.andreevmaster.com\/sv\/wp-json\/wp\/v2\/types\/product"}],"replies":[{"embeddable":true,"href":"https:\/\/nordicmart.andreevmaster.com\/sv\/wp-json\/wp\/v2\/comments?post=12298"}],"wp:featuredmedia":[{"embeddable":true,"href":"https:\/\/nordicmart.andreevmaster.com\/sv\/wp-json\/wp\/v2\/media\/40586"}],"wp:attachment":[{"href":"https:\/\/nordicmart.andreevmaster.com\/sv\/wp-json\/wp\/v2\/media?parent=12298"}],"wp:term":[{"taxonomy":"product_brand","embeddable":true,"href":"https:\/\/nordicmart.andreevmaster.com\/sv\/wp-json\/wp\/v2\/product_brand?post=12298"},{"taxonomy":"product_cat","embeddable":true,"href":"https:\/\/nordicmart.andreevmaster.com\/sv\/wp-json\/wp\/v2\/product_cat?post=12298"},{"taxonomy":"product_tag","embeddable":true,"href":"https:\/\/nordicmart.andreevmaster.com\/sv\/wp-json\/wp\/v2\/product_tag?post=12298"}],"curies":[{"name":"wp","href":"https:\/\/api.w.org\/{rel}","templated":true}]}}