{"id":12297,"date":"2026-02-27T00:13:32","date_gmt":"2026-02-27T00:13:32","guid":{"rendered":"https:\/\/nordicmart.andreevmaster.com\/product\/songmics-kladstallning-med-kladstang\/"},"modified":"2026-02-27T08:07:49","modified_gmt":"2026-02-27T08:07:49","slug":"songmics-kladstallning-med-kladstang","status":"publish","type":"product","link":"https:\/\/nordicmart.andreevmaster.com\/sv\/produkt\/songmics-kladstallning-med-kladstang\/","title":{"rendered":"SONGMICS kl\u00e4dst\u00e4llning med kl\u00e4dst\u00e5ng"},"content":{"rendered":"<p>Om dina kl\u00e4der staplas p\u00e5 en stol, skor ligger utspridda p\u00e5 golvet och v\u00e4skor inte har n\u00e5gon l\u00e4mplig plats, \u00e4r denna kl\u00e4dh\u00e4ngare fr\u00e5n SONGMICS v\u00e4rd att prova. Perfekt f\u00f6r minimalister Enkel stil, praktisk funktionalitet \u2013 denna minimalistiska kl\u00e4dh\u00e4ngare \u00e4r ett v\u00e4lkommet tillskott till din befintliga inredning. St\u00e4ll den i sovrummet, i hallen eller till och med i din kl\u00e4dbutik och maximera f\u00f6rvaringsutrymmet d\u00e4r. Den robusta kl\u00e4dst\u00e5ngen t\u00e5l upp till 40 kg och hyllan i nedre delen t\u00e5l upp till 15 kg. Mer komfort i vardagen Inte bara en kl\u00e4dh\u00e4ngare! Du kan inte bara h\u00e4nga dina jackor, byxor och skjortor p\u00e5 kl\u00e4dst\u00e5ngen utan veck och inom r\u00e4ckh\u00e5ll, utan ocks\u00e5 placera dina skor och f\u00f6rvaringsl\u00e5dor p\u00e5 gallerhyllan. Vill du f\u00f6rvara dina h\u00f6gklackade skor eller andra sm\u00e5 f\u00f6rem\u00e5l p\u00e5 hyllan? Inga problem! Den medf\u00f6ljande plastplattan hj\u00e4lper dig! V\u00e4nta inte l\u00e4ngre och lyft fram dina kl\u00e4der med denna kl\u00e4dh\u00e4ngare! Produktdetaljer:- F\u00e4rg: Matt svart &#8211; Material: St\u00e5l &#8211; Storlek: 92,5 x 33,5 x 153 cm (L x B x H) &#8211; Vikt: 3,6 kg &#8211; Max. statisk belastningskapacitet f\u00f6r kl\u00e4dst\u00e5ngen: 40 kg &#8211; Max. statisk belastningskapacitet f\u00f6r hyllan: 15 kg Leveransomfattning:- 1 x kl\u00e4dst\u00e4ll &#8211; 1 x tillbeh\u00f6rsp\u00e5se &#8211; 1 x bruksanvisning (DE, EN, FR, ES, IT)<\/p>\n","protected":false},"excerpt":{"rendered":"<p>SONGMICS kl\u00e4dst\u00e4ll i st\u00e5l, garderob med kl\u00e4dst\u00e5ng, hylla i nedre delen, enkelt, sovrum, hall, vind, k\u00e4llare, 92,5 x 33,5 x 153 cm, matt svart HSR23BK<\/p>\n","protected":false},"featured_media":40585,"comment_status":"open","ping_status":"closed","template":"","meta":[],"product_brand":[],"product_cat":[33],"product_tag":[],"class_list":{"0":"post-12297","1":"product","2":"type-product","3":"status-publish","4":"has-post-thumbnail","6":"product_cat-okategoriserad","8":"first","9":"instock","10":"shipping-taxable","11":"purchasable","12":"product-type-simple"},"_links":{"self":[{"href":"https:\/\/nordicmart.andreevmaster.com\/sv\/wp-json\/wp\/v2\/product\/12297","targetHints":{"allow":["GET"]}}],"collection":[{"href":"https:\/\/nordicmart.andreevmaster.com\/sv\/wp-json\/wp\/v2\/product"}],"about":[{"href":"https:\/\/nordicmart.andreevmaster.com\/sv\/wp-json\/wp\/v2\/types\/product"}],"replies":[{"embeddable":true,"href":"https:\/\/nordicmart.andreevmaster.com\/sv\/wp-json\/wp\/v2\/comments?post=12297"}],"wp:featuredmedia":[{"embeddable":true,"href":"https:\/\/nordicmart.andreevmaster.com\/sv\/wp-json\/wp\/v2\/media\/40585"}],"wp:attachment":[{"href":"https:\/\/nordicmart.andreevmaster.com\/sv\/wp-json\/wp\/v2\/media?parent=12297"}],"wp:term":[{"taxonomy":"product_brand","embeddable":true,"href":"https:\/\/nordicmart.andreevmaster.com\/sv\/wp-json\/wp\/v2\/product_brand?post=12297"},{"taxonomy":"product_cat","embeddable":true,"href":"https:\/\/nordicmart.andreevmaster.com\/sv\/wp-json\/wp\/v2\/product_cat?post=12297"},{"taxonomy":"product_tag","embeddable":true,"href":"https:\/\/nordicmart.andreevmaster.com\/sv\/wp-json\/wp\/v2\/product_tag?post=12297"}],"curies":[{"name":"wp","href":"https:\/\/api.w.org\/{rel}","templated":true}]}}