{"id":12296,"date":"2026-02-27T00:13:32","date_gmt":"2026-02-27T00:13:32","guid":{"rendered":"https:\/\/nordicmart.andreevmaster.com\/product\/oppen-kladskap-med-hyllor\/"},"modified":"2026-02-27T08:07:49","modified_gmt":"2026-02-27T08:07:49","slug":"oppen-kladskap-med-hyllor","status":"publish","type":"product","link":"https:\/\/nordicmart.andreevmaster.com\/sv\/produkt\/oppen-kladskap-med-hyllor\/","title":{"rendered":"\u00d6ppen kl\u00e4dsk\u00e5p med hyllor"},"content":{"rendered":"<p>Vill du f\u00f6rvara s\u00e4songskl\u00e4der p\u00e5 en plats d\u00e4r de \u00e4r l\u00e4tta att ta fram och ta p\u00e5 sig? Undrar du var du ska f\u00f6rvara v\u00e4skor och skor? Har du ingen plats att f\u00f6rvara dina nypressade kl\u00e4der? Denna \u00f6ppna garderob \u00e4r redo att uppfylla dina olika f\u00f6rvaringsbehov med sin enkla stil. <\/p>\n<p>Har du f\u00f6r m\u00e5nga saker utan hem? Ingen fara! Kl\u00e4der eller halsdukar kan enkelt h\u00e4ngas p\u00e5 krokar, personliga saker eller skor kan placeras i sk\u00e5pet eller ovanp\u00e5 det, och den \u00f6vre hyllan \u00e4r praktisk vid behov. <\/p>\n<p>Har du n\u00e5gonsin irriterat dig p\u00e5 skranglande m\u00f6bler? Har du n\u00e5gonsin r\u00e5kat st\u00f6ta till d\u00f6rrhandtaget med handen eller foten? Tack vare de justerbara benen och den magnetiska d\u00f6rrstoppet slipper du nu dessa irriterande situationer. Vill du prova en industriell stil? V\u00e4lj den h\u00e4r! Den svarta st\u00e5lramen ger en k\u00e4nsla av balans och det rustika bruna tr\u00e4et ger en naturlig k\u00e4nsla. Denna garderob kombinerar dessa tv\u00e5 material och ger ett v\u00e4lstrukturerat intryck, vilket \u00e4r klassiskt f\u00f6r m\u00f6bler i industriell stil.<\/p>\n<p>Specifikationer:- F\u00e4rg: Rustikbrun, svart- Material: Rustikbrun, svart- Material: Rustikbrun, svart: Material: Sp\u00e5nskiva, st\u00e5l- Produktens storlek: 80 x 40 x 180 cm- Max. Statisk belastningskapacitet: H\u00e4ngskena: 20 kg (44,1 lb) Sk\u00e5p: 20 kg (44,1 lb): (60 kg) F\u00f6rpackningens inneh\u00e5ll: &#8211; 1 x \u00f6ppen kl\u00e4dsk\u00e5p &#8211; 1 x tillbeh\u00f6rssats &#8211; 1 x bruksanvisning.<\/p>\n","protected":false},"excerpt":{"rendered":"<p>Vill du f\u00f6rvara s\u00e4songskl\u00e4der p\u00e5 en plats d\u00e4r de \u00e4r l\u00e4tta att ta fram och ta p\u00e5 sig? Undrar du var du ska f\u00f6rvara v\u00e4skor och skor? Har du ingen plats att f\u00f6rvara dina nypressade kl\u00e4der? Denna \u00f6ppna garderob \u00e4r redo att uppfylla dina olika f\u00f6rvaringsbehov med sin enkla stil. Har du f\u00f6r m\u00e5nga saker [&hellip;]<\/p>\n","protected":false},"featured_media":0,"comment_status":"open","ping_status":"closed","template":"","meta":[],"product_brand":[],"product_cat":[33],"product_tag":[],"class_list":{"0":"post-12296","1":"product","2":"type-product","3":"status-publish","5":"product_cat-okategoriserad","7":"first","8":"instock","9":"shipping-taxable","10":"product-type-simple"},"_links":{"self":[{"href":"https:\/\/nordicmart.andreevmaster.com\/sv\/wp-json\/wp\/v2\/product\/12296","targetHints":{"allow":["GET"]}}],"collection":[{"href":"https:\/\/nordicmart.andreevmaster.com\/sv\/wp-json\/wp\/v2\/product"}],"about":[{"href":"https:\/\/nordicmart.andreevmaster.com\/sv\/wp-json\/wp\/v2\/types\/product"}],"replies":[{"embeddable":true,"href":"https:\/\/nordicmart.andreevmaster.com\/sv\/wp-json\/wp\/v2\/comments?post=12296"}],"wp:attachment":[{"href":"https:\/\/nordicmart.andreevmaster.com\/sv\/wp-json\/wp\/v2\/media?parent=12296"}],"wp:term":[{"taxonomy":"product_brand","embeddable":true,"href":"https:\/\/nordicmart.andreevmaster.com\/sv\/wp-json\/wp\/v2\/product_brand?post=12296"},{"taxonomy":"product_cat","embeddable":true,"href":"https:\/\/nordicmart.andreevmaster.com\/sv\/wp-json\/wp\/v2\/product_cat?post=12296"},{"taxonomy":"product_tag","embeddable":true,"href":"https:\/\/nordicmart.andreevmaster.com\/sv\/wp-json\/wp\/v2\/product_tag?post=12296"}],"curies":[{"name":"wp","href":"https:\/\/api.w.org\/{rel}","templated":true}]}}