{"id":12295,"date":"2026-02-27T00:13:32","date_gmt":"2026-02-27T00:13:32","guid":{"rendered":"https:\/\/nordicmart.andreevmaster.com\/product\/songmics-kladstang-med-gallerhylla-svart\/"},"modified":"2026-02-27T08:07:48","modified_gmt":"2026-02-27T08:07:48","slug":"songmics-kladstang-med-gallerhylla-svart","status":"publish","type":"product","link":"https:\/\/nordicmart.andreevmaster.com\/sv\/produkt\/songmics-kladstang-med-gallerhylla-svart\/","title":{"rendered":"SONGMICS kl\u00e4dst\u00e5ng med gallerhylla Svart"},"content":{"rendered":"<p>F\u00e4rdig kl\u00e4dst\u00e5ng f\u00f6r r\u00f6riga kl\u00e4dh\u00f6gar: Letar du efter en smart l\u00f6sning f\u00f6r r\u00f6riga kl\u00e4dh\u00f6gar? Perfekt, nu har du hittat den! Denna eleganta kl\u00e4dst\u00e5ng erbjuder gott om plats f\u00f6r dina vardagskl\u00e4der och tar samtidigt liten plats. Dessutom kan du f\u00f6rvara dina skor, v\u00e4skor, f\u00f6rvaringsl\u00e5dor etc. p\u00e5 gallret i den nedre delen. Riktigt stark!: Denna kl\u00e4dst\u00e5ng \u00e4r tillverkad av h\u00f6gkvalitativa j\u00e4rnr\u00f6r som \u00e4r sammanfogade med skruvar. Oavsett om du vill h\u00e4nga upp l\u00e5nga rockar eller tunga jackor, klarar denna kl\u00e4dst\u00e5ng deras vikt utan problem. Vill du skydda n\u00e5gra \u00f6mt\u00e5liga kl\u00e4desplagg fr\u00e5n en fullpackad garderob eller v\u00e4xer din kl\u00e4dkollektion oavbrutet? V\u00e4lkomna d\u00e5 denna eleganta kl\u00e4dh\u00e4ngare fr\u00e5n SONGMICS till ditt hem! Produktdetaljer: F\u00e4rg: Svart Material: J\u00e4rnr\u00f6r Storlek: 82,5 x 40,5 x 148,5 cm (L x B x H) Vikt: 4,1 kg Max. statisk belastningskapacitet f\u00f6r kl\u00e4dst\u00e5ngen: 25 kg Max. statisk belastningskapacitet f\u00f6r hyllan: 15 kg Leveransomfattning: 1 x kl\u00e4dh\u00e4ngare 1 x bruksanvisning (DE, EN, ES, FR, IT) SONGMICS Anm\u00e4rkningar:Den max. belastningskapaciteten i texten avser den statiska maxvikten.<\/p>\n","protected":false},"excerpt":{"rendered":"<p>SONGMICS kl\u00e4dst\u00e4ll p\u00e5 hjul, garderob med kl\u00e4dst\u00e5ng, gallerhylla i nedre delen, stabilt j\u00e4rnst\u00e4ll, svart HSR22BK<\/p>\n","protected":false},"featured_media":40584,"comment_status":"open","ping_status":"closed","template":"","meta":[],"product_brand":[],"product_cat":[33],"product_tag":[],"class_list":{"0":"post-12295","1":"product","2":"type-product","3":"status-publish","4":"has-post-thumbnail","6":"product_cat-okategoriserad","8":"first","9":"instock","10":"shipping-taxable","11":"purchasable","12":"product-type-simple"},"_links":{"self":[{"href":"https:\/\/nordicmart.andreevmaster.com\/sv\/wp-json\/wp\/v2\/product\/12295","targetHints":{"allow":["GET"]}}],"collection":[{"href":"https:\/\/nordicmart.andreevmaster.com\/sv\/wp-json\/wp\/v2\/product"}],"about":[{"href":"https:\/\/nordicmart.andreevmaster.com\/sv\/wp-json\/wp\/v2\/types\/product"}],"replies":[{"embeddable":true,"href":"https:\/\/nordicmart.andreevmaster.com\/sv\/wp-json\/wp\/v2\/comments?post=12295"}],"wp:featuredmedia":[{"embeddable":true,"href":"https:\/\/nordicmart.andreevmaster.com\/sv\/wp-json\/wp\/v2\/media\/40584"}],"wp:attachment":[{"href":"https:\/\/nordicmart.andreevmaster.com\/sv\/wp-json\/wp\/v2\/media?parent=12295"}],"wp:term":[{"taxonomy":"product_brand","embeddable":true,"href":"https:\/\/nordicmart.andreevmaster.com\/sv\/wp-json\/wp\/v2\/product_brand?post=12295"},{"taxonomy":"product_cat","embeddable":true,"href":"https:\/\/nordicmart.andreevmaster.com\/sv\/wp-json\/wp\/v2\/product_cat?post=12295"},{"taxonomy":"product_tag","embeddable":true,"href":"https:\/\/nordicmart.andreevmaster.com\/sv\/wp-json\/wp\/v2\/product_tag?post=12295"}],"curies":[{"name":"wp","href":"https:\/\/api.w.org\/{rel}","templated":true}]}}