{"id":12293,"date":"2026-02-27T00:13:31","date_gmt":"2026-02-27T00:13:31","guid":{"rendered":"https:\/\/nordicmart.andreevmaster.com\/product\/songmics-kladstall-i-metall-med-7-hyllor-for-sovrummet-svart\/"},"modified":"2026-02-27T08:07:48","modified_gmt":"2026-02-27T08:07:48","slug":"songmics-kladstall-i-metall-med-7-hyllor-for-sovrummet-svart","status":"publish","type":"product","link":"https:\/\/nordicmart.andreevmaster.com\/sv\/produkt\/songmics-kladstall-i-metall-med-7-hyllor-for-sovrummet-svart\/","title":{"rendered":"SONGMICS kl\u00e4dst\u00e4ll i metall med 7 hyllor f\u00f6r sovrummet, svart"},"content":{"rendered":"<p>SONGMICS kl\u00e4dst\u00e4ll, \u00f6ppen garderob, kl\u00e4dh\u00e4ngare med 7 hyllor, metallram, kl\u00e4dst\u00e5ng, f\u00f6r sovrum, vardagsrum, hall, svart HSR182B01<br \/>\nF\u00e4rg: Svart<br \/>\nMaterial: St\u00e5l<br \/>\nTotal storlek: 45 x 115,8 x 172,8 cm (D x B x H)<br \/>\nVikt: 8,3 kg<br \/>\nMax. statisk belastningskapacitet f\u00f6r varje kl\u00e4dst\u00e5ng: 25 kg<br \/>\nMax. statisk belastningskapacitet f\u00f6r varje stor hylla: 20 kg<br \/>\nMax. statisk belastningskapacitet f\u00f6r varje liten hylla: 10 kg<br \/>\nMax. statisk belastningskapacitet totalt: 150 kg<\/p>\n","protected":false},"excerpt":{"rendered":"<p>SONGMICS kl\u00e4dst\u00e4ll, \u00f6ppen garderob, kl\u00e4dh\u00e4ngare med 7 hyllor, metallram, kl\u00e4dst\u00e5ng, f\u00f6r sovrum, vardagsrum, hall, svart HSR182B01<\/p>\n","protected":false},"featured_media":40582,"comment_status":"open","ping_status":"closed","template":"","meta":[],"product_brand":[],"product_cat":[33],"product_tag":[],"class_list":{"0":"post-12293","1":"product","2":"type-product","3":"status-publish","4":"has-post-thumbnail","6":"product_cat-okategoriserad","8":"first","9":"instock","10":"shipping-taxable","11":"purchasable","12":"product-type-simple"},"_links":{"self":[{"href":"https:\/\/nordicmart.andreevmaster.com\/sv\/wp-json\/wp\/v2\/product\/12293","targetHints":{"allow":["GET"]}}],"collection":[{"href":"https:\/\/nordicmart.andreevmaster.com\/sv\/wp-json\/wp\/v2\/product"}],"about":[{"href":"https:\/\/nordicmart.andreevmaster.com\/sv\/wp-json\/wp\/v2\/types\/product"}],"replies":[{"embeddable":true,"href":"https:\/\/nordicmart.andreevmaster.com\/sv\/wp-json\/wp\/v2\/comments?post=12293"}],"wp:featuredmedia":[{"embeddable":true,"href":"https:\/\/nordicmart.andreevmaster.com\/sv\/wp-json\/wp\/v2\/media\/40582"}],"wp:attachment":[{"href":"https:\/\/nordicmart.andreevmaster.com\/sv\/wp-json\/wp\/v2\/media?parent=12293"}],"wp:term":[{"taxonomy":"product_brand","embeddable":true,"href":"https:\/\/nordicmart.andreevmaster.com\/sv\/wp-json\/wp\/v2\/product_brand?post=12293"},{"taxonomy":"product_cat","embeddable":true,"href":"https:\/\/nordicmart.andreevmaster.com\/sv\/wp-json\/wp\/v2\/product_cat?post=12293"},{"taxonomy":"product_tag","embeddable":true,"href":"https:\/\/nordicmart.andreevmaster.com\/sv\/wp-json\/wp\/v2\/product_tag?post=12293"}],"curies":[{"name":"wp","href":"https:\/\/api.w.org\/{rel}","templated":true}]}}