{"id":12292,"date":"2026-02-27T00:13:31","date_gmt":"2026-02-27T00:13:31","guid":{"rendered":"https:\/\/nordicmart.andreevmaster.com\/product\/songmics-kladstall-pa-hjul-45-x-160-200-x-1629-cm-silver\/"},"modified":"2026-02-27T08:07:48","modified_gmt":"2026-02-27T08:07:48","slug":"songmics-kladstall-pa-hjul-45-x-160-200-x-1629-cm-silver","status":"publish","type":"product","link":"https:\/\/nordicmart.andreevmaster.com\/sv\/produkt\/songmics-kladstall-pa-hjul-45-x-160-200-x-1629-cm-silver\/","title":{"rendered":"SONGMICS kl\u00e4dst\u00e4ll p\u00e5 hjul 45 x (160-200) x 162,9 cm silver"},"content":{"rendered":"<p>SONGMICS kl\u00e4dst\u00e4ll p\u00e5 hjul, garderob, h\u00f6g belastningskapacitet, utdragbar kl\u00e4dst\u00e5ng, belastningskapacitet upp till 110 kg, 45 x (160-200) x 162,9 cm, av metall, f\u00f6rkromad, silver HSR176E01<br \/>\nF\u00e4rg: Silver<br \/>\nMaterial: St\u00e5l, PP-hjul<br \/>\nStorlek: 45 x (160-200) x 162,9 cm (D x B x H)<br \/>\nVikt: 5,9 kg<br \/>\nMax. statisk belastningskapacitet: 110 kg<\/p>\n","protected":false},"excerpt":{"rendered":"<p>SONGMICS kl\u00e4dst\u00e4ll p\u00e5 hjul, garderob, h\u00f6g belastningskapacitet, utdragbar kl\u00e4dst\u00e5ng, belastningskapacitet upp till 110 kg, 45 x (160-200) x 162,9 cm, av metall, f\u00f6rkromad, silver HSR176E01<\/p>\n","protected":false},"featured_media":40581,"comment_status":"open","ping_status":"closed","template":"","meta":[],"product_brand":[],"product_cat":[33],"product_tag":[],"class_list":{"0":"post-12292","1":"product","2":"type-product","3":"status-publish","4":"has-post-thumbnail","6":"product_cat-okategoriserad","8":"first","9":"instock","10":"shipping-taxable","11":"purchasable","12":"product-type-simple"},"_links":{"self":[{"href":"https:\/\/nordicmart.andreevmaster.com\/sv\/wp-json\/wp\/v2\/product\/12292","targetHints":{"allow":["GET"]}}],"collection":[{"href":"https:\/\/nordicmart.andreevmaster.com\/sv\/wp-json\/wp\/v2\/product"}],"about":[{"href":"https:\/\/nordicmart.andreevmaster.com\/sv\/wp-json\/wp\/v2\/types\/product"}],"replies":[{"embeddable":true,"href":"https:\/\/nordicmart.andreevmaster.com\/sv\/wp-json\/wp\/v2\/comments?post=12292"}],"wp:featuredmedia":[{"embeddable":true,"href":"https:\/\/nordicmart.andreevmaster.com\/sv\/wp-json\/wp\/v2\/media\/40581"}],"wp:attachment":[{"href":"https:\/\/nordicmart.andreevmaster.com\/sv\/wp-json\/wp\/v2\/media?parent=12292"}],"wp:term":[{"taxonomy":"product_brand","embeddable":true,"href":"https:\/\/nordicmart.andreevmaster.com\/sv\/wp-json\/wp\/v2\/product_brand?post=12292"},{"taxonomy":"product_cat","embeddable":true,"href":"https:\/\/nordicmart.andreevmaster.com\/sv\/wp-json\/wp\/v2\/product_cat?post=12292"},{"taxonomy":"product_tag","embeddable":true,"href":"https:\/\/nordicmart.andreevmaster.com\/sv\/wp-json\/wp\/v2\/product_tag?post=12292"}],"curies":[{"name":"wp","href":"https:\/\/api.w.org\/{rel}","templated":true}]}}