{"id":12290,"date":"2026-02-27T00:13:31","date_gmt":"2026-02-27T00:13:31","guid":{"rendered":"https:\/\/nordicmart.andreevmaster.com\/product\/songmics-kladstall-pa-hjul-med-utdragbar-kladstang-silver\/"},"modified":"2026-02-27T08:07:47","modified_gmt":"2026-02-27T08:07:47","slug":"songmics-kladstall-pa-hjul-med-utdragbar-kladstang-silver","status":"publish","type":"product","link":"https:\/\/nordicmart.andreevmaster.com\/sv\/produkt\/songmics-kladstall-pa-hjul-med-utdragbar-kladstang-silver\/","title":{"rendered":"SONGMICS kl\u00e4dst\u00e4ll p\u00e5 hjul med utdragbar kl\u00e4dst\u00e5ng, silver"},"content":{"rendered":"<p>SONGMICS kl\u00e4dst\u00e4ll p\u00e5 hjul, tunglastkl\u00e4dst\u00e4ll, utdragbar kl\u00e4dst\u00e5ng, belastningskapacitet upp till 150 kg, enkel montering, transportabel, svart HSR175B01<br \/>\nF\u00e4rg: Silver<br \/>\nMaterial: st\u00e5l, PP-rullar<br \/>\nStorlek: 45 x (160-200) x 161,5 cm (D x B x H)<br \/>\nVikt: 6,2 kg<br \/>\nMax. statisk totalbelastning: 150 kg<\/p>\n","protected":false},"excerpt":{"rendered":"<p>SONGMICS kl\u00e4dst\u00e4ll p\u00e5 hjul, tunglastkl\u00e4dst\u00e4ll, utdragbar kl\u00e4dst\u00e5ng, belastningskapacitet upp till 150 kg, enkel montering, transportabel, svart HSR175B01<\/p>\n","protected":false},"featured_media":40579,"comment_status":"open","ping_status":"closed","template":"","meta":[],"product_brand":[],"product_cat":[33],"product_tag":[],"class_list":{"0":"post-12290","1":"product","2":"type-product","3":"status-publish","4":"has-post-thumbnail","6":"product_cat-okategoriserad","8":"first","9":"instock","10":"shipping-taxable","11":"purchasable","12":"product-type-simple"},"_links":{"self":[{"href":"https:\/\/nordicmart.andreevmaster.com\/sv\/wp-json\/wp\/v2\/product\/12290","targetHints":{"allow":["GET"]}}],"collection":[{"href":"https:\/\/nordicmart.andreevmaster.com\/sv\/wp-json\/wp\/v2\/product"}],"about":[{"href":"https:\/\/nordicmart.andreevmaster.com\/sv\/wp-json\/wp\/v2\/types\/product"}],"replies":[{"embeddable":true,"href":"https:\/\/nordicmart.andreevmaster.com\/sv\/wp-json\/wp\/v2\/comments?post=12290"}],"wp:featuredmedia":[{"embeddable":true,"href":"https:\/\/nordicmart.andreevmaster.com\/sv\/wp-json\/wp\/v2\/media\/40579"}],"wp:attachment":[{"href":"https:\/\/nordicmart.andreevmaster.com\/sv\/wp-json\/wp\/v2\/media?parent=12290"}],"wp:term":[{"taxonomy":"product_brand","embeddable":true,"href":"https:\/\/nordicmart.andreevmaster.com\/sv\/wp-json\/wp\/v2\/product_brand?post=12290"},{"taxonomy":"product_cat","embeddable":true,"href":"https:\/\/nordicmart.andreevmaster.com\/sv\/wp-json\/wp\/v2\/product_cat?post=12290"},{"taxonomy":"product_tag","embeddable":true,"href":"https:\/\/nordicmart.andreevmaster.com\/sv\/wp-json\/wp\/v2\/product_tag?post=12290"}],"curies":[{"name":"wp","href":"https:\/\/api.w.org\/{rel}","templated":true}]}}