{"id":12288,"date":"2026-02-27T00:13:30","date_gmt":"2026-02-27T00:13:30","guid":{"rendered":"https:\/\/nordicmart.andreevmaster.com\/product\/songmics-home-kladstall-pa-hjul-black-svart\/"},"modified":"2026-02-27T08:07:47","modified_gmt":"2026-02-27T08:07:47","slug":"songmics-home-kladstall-pa-hjul-black-svart","status":"publish","type":"product","link":"https:\/\/nordicmart.andreevmaster.com\/sv\/produkt\/songmics-home-kladstall-pa-hjul-black-svart\/","title":{"rendered":"SONGMICS HOME kl\u00e4dst\u00e4ll p\u00e5 hjul, bl\u00e4ck svart"},"content":{"rendered":"<p>SONGMICS HOME Kl\u00e4dst\u00e4ll p\u00e5 hjul, garderob, 1 kl\u00e4dst\u00e5ng, krokar i t\u00e4ndsticksform, stabil, sovrum, hall, bl\u00e4ck svart HSR170B01<br \/>\nF\u00e4rg: bl\u00e4ck svart<br \/>\nMaterial: st\u00e5l, plast<br \/>\nStorlek: 39 x 103 x 154,6 cm (D x B x H)<br \/>\nVikt: 2,7 kg<br \/>\nMax. statisk belastningskapacitet f\u00f6r kl\u00e4dst\u00e5ngen: 30 kg<\/p>\n","protected":false},"excerpt":{"rendered":"<p>SONGMICS HOME Kl\u00e4dst\u00e4ll p\u00e5 hjul, garderob, 1 kl\u00e4dst\u00e5ng, krokar i t\u00e4ndsticksform, stabil, sovrum, hall, bl\u00e4ck svart HSR170B01<\/p>\n","protected":false},"featured_media":40577,"comment_status":"open","ping_status":"closed","template":"","meta":[],"product_brand":[],"product_cat":[33],"product_tag":[],"class_list":{"0":"post-12288","1":"product","2":"type-product","3":"status-publish","4":"has-post-thumbnail","6":"product_cat-okategoriserad","8":"first","9":"instock","10":"shipping-taxable","11":"purchasable","12":"product-type-simple"},"_links":{"self":[{"href":"https:\/\/nordicmart.andreevmaster.com\/sv\/wp-json\/wp\/v2\/product\/12288","targetHints":{"allow":["GET"]}}],"collection":[{"href":"https:\/\/nordicmart.andreevmaster.com\/sv\/wp-json\/wp\/v2\/product"}],"about":[{"href":"https:\/\/nordicmart.andreevmaster.com\/sv\/wp-json\/wp\/v2\/types\/product"}],"replies":[{"embeddable":true,"href":"https:\/\/nordicmart.andreevmaster.com\/sv\/wp-json\/wp\/v2\/comments?post=12288"}],"wp:featuredmedia":[{"embeddable":true,"href":"https:\/\/nordicmart.andreevmaster.com\/sv\/wp-json\/wp\/v2\/media\/40577"}],"wp:attachment":[{"href":"https:\/\/nordicmart.andreevmaster.com\/sv\/wp-json\/wp\/v2\/media?parent=12288"}],"wp:term":[{"taxonomy":"product_brand","embeddable":true,"href":"https:\/\/nordicmart.andreevmaster.com\/sv\/wp-json\/wp\/v2\/product_brand?post=12288"},{"taxonomy":"product_cat","embeddable":true,"href":"https:\/\/nordicmart.andreevmaster.com\/sv\/wp-json\/wp\/v2\/product_cat?post=12288"},{"taxonomy":"product_tag","embeddable":true,"href":"https:\/\/nordicmart.andreevmaster.com\/sv\/wp-json\/wp\/v2\/product_tag?post=12288"}],"curies":[{"name":"wp","href":"https:\/\/api.w.org\/{rel}","templated":true}]}}