{"id":12287,"date":"2026-02-27T00:13:30","date_gmt":"2026-02-27T00:13:30","guid":{"rendered":"https:\/\/nordicmart.andreevmaster.com\/product\/songmics-3-stegs-garderob-hojd-och-breddjusterbar-mattvit\/"},"modified":"2026-02-27T08:07:47","modified_gmt":"2026-02-27T08:07:47","slug":"songmics-3-stegs-garderob-hojd-och-breddjusterbar-mattvit","status":"publish","type":"product","link":"https:\/\/nordicmart.andreevmaster.com\/sv\/produkt\/songmics-3-stegs-garderob-hojd-och-breddjusterbar-mattvit\/","title":{"rendered":"SONGMICS 3-stegs garderob, h\u00f6jd- och breddjusterbar, mattvit"},"content":{"rendered":"<p>SONGMICS kl\u00e4dst\u00e4llning i takh\u00f6jd, 3-stegs garderob, h\u00f6jd- och breddjusterbar, \u00f6ppen garderob med avtagbara hyllor, kl\u00e4dst\u00e5ng, grepparm, mattvit HSR155W01<br \/>\nF\u00e4rg: Mattvit<br \/>\nMaterial: St\u00e5l, plast<br \/>\nStorlek: 33,5 x (240-353) x (208-310) cm (D x B x H)<br \/>\nVikt: 13,4 kg<br \/>\nMax. statisk belastningskapacitet per niv\u00e5: 15 kg<br \/>\nMax. statisk belastningskapacitet f\u00f6r kl\u00e4dh\u00e4ngaren: 2,5 kg<br \/>\nMax. statisk belastningskapacitet totalt: 137,5 kg<\/p>\n","protected":false},"excerpt":{"rendered":"<p>SONGMICS kl\u00e4dst\u00e4llning i takh\u00f6jd, 3-stegs garderob, h\u00f6jd- och breddjusterbar, \u00f6ppen garderob med avtagbara hyllor, kl\u00e4dst\u00e5ng, grepparm, mattvit HSR155W01<\/p>\n","protected":false},"featured_media":40576,"comment_status":"open","ping_status":"closed","template":"","meta":[],"product_brand":[],"product_cat":[33],"product_tag":[],"class_list":{"0":"post-12287","1":"product","2":"type-product","3":"status-publish","4":"has-post-thumbnail","6":"product_cat-okategoriserad","8":"first","9":"instock","10":"shipping-taxable","11":"purchasable","12":"product-type-simple"},"_links":{"self":[{"href":"https:\/\/nordicmart.andreevmaster.com\/sv\/wp-json\/wp\/v2\/product\/12287","targetHints":{"allow":["GET"]}}],"collection":[{"href":"https:\/\/nordicmart.andreevmaster.com\/sv\/wp-json\/wp\/v2\/product"}],"about":[{"href":"https:\/\/nordicmart.andreevmaster.com\/sv\/wp-json\/wp\/v2\/types\/product"}],"replies":[{"embeddable":true,"href":"https:\/\/nordicmart.andreevmaster.com\/sv\/wp-json\/wp\/v2\/comments?post=12287"}],"wp:featuredmedia":[{"embeddable":true,"href":"https:\/\/nordicmart.andreevmaster.com\/sv\/wp-json\/wp\/v2\/media\/40576"}],"wp:attachment":[{"href":"https:\/\/nordicmart.andreevmaster.com\/sv\/wp-json\/wp\/v2\/media?parent=12287"}],"wp:term":[{"taxonomy":"product_brand","embeddable":true,"href":"https:\/\/nordicmart.andreevmaster.com\/sv\/wp-json\/wp\/v2\/product_brand?post=12287"},{"taxonomy":"product_cat","embeddable":true,"href":"https:\/\/nordicmart.andreevmaster.com\/sv\/wp-json\/wp\/v2\/product_cat?post=12287"},{"taxonomy":"product_tag","embeddable":true,"href":"https:\/\/nordicmart.andreevmaster.com\/sv\/wp-json\/wp\/v2\/product_tag?post=12287"}],"curies":[{"name":"wp","href":"https:\/\/api.w.org\/{rel}","templated":true}]}}