{"id":12283,"date":"2026-02-27T00:13:29","date_gmt":"2026-02-27T00:13:29","guid":{"rendered":"https:\/\/nordicmart.andreevmaster.com\/product\/songmics-kladstallning-med-hoj-och-sankbar-stang\/"},"modified":"2026-02-27T08:07:46","modified_gmt":"2026-02-27T08:07:46","slug":"songmics-kladstallning-med-hoj-och-sankbar-stang","status":"publish","type":"product","link":"https:\/\/nordicmart.andreevmaster.com\/sv\/produkt\/songmics-kladstallning-med-hoj-och-sankbar-stang\/","title":{"rendered":"SONGMICS kl\u00e4dst\u00e4llning med h\u00f6j- och s\u00e4nkbar st\u00e5ng"},"content":{"rendered":"<p>SONGMICS kl\u00e4dst\u00e4ll p\u00e5 hjul, kl\u00e4dst\u00e5ng med hylla, 2 st\u00e4nger, 98,5 cm bred, total belastningskapacitet upp till 55 kg, nedre st\u00e5ngen h\u00f6jdjusterbar, st\u00e5l<br \/>\nF\u00e4rg: Vintagebrun-bl\u00e4ck svart<br \/>\nMaterial: st\u00e5l, sp\u00e5nskiva<br \/>\nStorlek: 35 x 98,5 x 180,3 cm (D x B x H)<br \/>\nVikt: 6,6 kg<br \/>\nMax. statisk belastningskapacitet f\u00f6r den \u00f6vre kl\u00e4dst\u00e5ngen: 15 kg<br \/>\nMax. statisk belastningskapacitet f\u00f6r den nedre kl\u00e4dst\u00e5ngen: 20 kg<br \/>\nMax. statisk belastningskapacitet f\u00f6r hyllan: 20 kg<br \/>\nMax. statisk belastningskapacitet totalt: 55 kg<\/p>\n","protected":false},"excerpt":{"rendered":"<p>SONGMICS kl\u00e4dst\u00e4ll p\u00e5 hjul, kl\u00e4dst\u00e5ng med hylla, 2 st\u00e4nger, 98,5 cm bred, total belastningskapacitet upp till 55 kg, nedre st\u00e5ngen h\u00f6jdjusterbar, st\u00e5l<\/p>\n","protected":false},"featured_media":40572,"comment_status":"open","ping_status":"closed","template":"","meta":[],"product_brand":[],"product_cat":[33],"product_tag":[],"class_list":{"0":"post-12283","1":"product","2":"type-product","3":"status-publish","4":"has-post-thumbnail","6":"product_cat-okategoriserad","8":"first","9":"instock","10":"shipping-taxable","11":"purchasable","12":"product-type-simple"},"_links":{"self":[{"href":"https:\/\/nordicmart.andreevmaster.com\/sv\/wp-json\/wp\/v2\/product\/12283","targetHints":{"allow":["GET"]}}],"collection":[{"href":"https:\/\/nordicmart.andreevmaster.com\/sv\/wp-json\/wp\/v2\/product"}],"about":[{"href":"https:\/\/nordicmart.andreevmaster.com\/sv\/wp-json\/wp\/v2\/types\/product"}],"replies":[{"embeddable":true,"href":"https:\/\/nordicmart.andreevmaster.com\/sv\/wp-json\/wp\/v2\/comments?post=12283"}],"wp:featuredmedia":[{"embeddable":true,"href":"https:\/\/nordicmart.andreevmaster.com\/sv\/wp-json\/wp\/v2\/media\/40572"}],"wp:attachment":[{"href":"https:\/\/nordicmart.andreevmaster.com\/sv\/wp-json\/wp\/v2\/media?parent=12283"}],"wp:term":[{"taxonomy":"product_brand","embeddable":true,"href":"https:\/\/nordicmart.andreevmaster.com\/sv\/wp-json\/wp\/v2\/product_brand?post=12283"},{"taxonomy":"product_cat","embeddable":true,"href":"https:\/\/nordicmart.andreevmaster.com\/sv\/wp-json\/wp\/v2\/product_cat?post=12283"},{"taxonomy":"product_tag","embeddable":true,"href":"https:\/\/nordicmart.andreevmaster.com\/sv\/wp-json\/wp\/v2\/product_tag?post=12283"}],"curies":[{"name":"wp","href":"https:\/\/api.w.org\/{rel}","templated":true}]}}