{"id":12280,"date":"2026-02-27T00:13:28","date_gmt":"2026-02-27T00:13:28","guid":{"rendered":"https:\/\/nordicmart.andreevmaster.com\/product\/songmics-kladstall-med-hjul-och-hyllplan-ekfargad-kramvit\/"},"modified":"2026-02-27T08:07:46","modified_gmt":"2026-02-27T08:07:46","slug":"songmics-kladstall-med-hjul-och-hyllplan-ekfargad-kramvit","status":"publish","type":"product","link":"https:\/\/nordicmart.andreevmaster.com\/sv\/produkt\/songmics-kladstall-med-hjul-och-hyllplan-ekfargad-kramvit\/","title":{"rendered":"SONGMICS kl\u00e4dst\u00e4ll med hjul och hyllplan ekf\u00e4rgad-kr\u00e4mvit"},"content":{"rendered":"<p>SONGMICS kl\u00e4dst\u00e4ll p\u00e5 hjul, kl\u00e4dst\u00e5ng med hylla, garderobsst\u00e5ng, 98,5 cm bred, total belastningskapacitet upp till 50 kg, st\u00e5l, garderob f\u00f6r sovrum<br \/>\nF\u00e4rg: Naturbeige-Molnvit<br \/>\nMaterial: st\u00e5l, sp\u00e5nskiva<br \/>\nStorlek: 35 x 98,5 x 160,3 cm (D x B x H)<br \/>\nVikt: 6,1 kg<br \/>\nMax. statisk belastningskapacitet f\u00f6r kl\u00e4dst\u00e5ngen: 30 kg<br \/>\nMax. statisk belastningskapacitet f\u00f6r hyllan: 20 kg<br \/>\nMax. statisk belastningskapacitet totalt: 50 kg<\/p>\n","protected":false},"excerpt":{"rendered":"<p>SONGMICS kl\u00e4dst\u00e4ll p\u00e5 hjul, kl\u00e4dst\u00e5ng med hylla, garderobsst\u00e5ng, 98,5 cm bred, total belastningskapacitet upp till 50 kg, st\u00e5l, garderob f\u00f6r sovrum<\/p>\n","protected":false},"featured_media":40569,"comment_status":"open","ping_status":"closed","template":"","meta":[],"product_brand":[],"product_cat":[33],"product_tag":[],"class_list":{"0":"post-12280","1":"product","2":"type-product","3":"status-publish","4":"has-post-thumbnail","6":"product_cat-okategoriserad","8":"first","9":"instock","10":"shipping-taxable","11":"purchasable","12":"product-type-simple"},"_links":{"self":[{"href":"https:\/\/nordicmart.andreevmaster.com\/sv\/wp-json\/wp\/v2\/product\/12280","targetHints":{"allow":["GET"]}}],"collection":[{"href":"https:\/\/nordicmart.andreevmaster.com\/sv\/wp-json\/wp\/v2\/product"}],"about":[{"href":"https:\/\/nordicmart.andreevmaster.com\/sv\/wp-json\/wp\/v2\/types\/product"}],"replies":[{"embeddable":true,"href":"https:\/\/nordicmart.andreevmaster.com\/sv\/wp-json\/wp\/v2\/comments?post=12280"}],"wp:featuredmedia":[{"embeddable":true,"href":"https:\/\/nordicmart.andreevmaster.com\/sv\/wp-json\/wp\/v2\/media\/40569"}],"wp:attachment":[{"href":"https:\/\/nordicmart.andreevmaster.com\/sv\/wp-json\/wp\/v2\/media?parent=12280"}],"wp:term":[{"taxonomy":"product_brand","embeddable":true,"href":"https:\/\/nordicmart.andreevmaster.com\/sv\/wp-json\/wp\/v2\/product_brand?post=12280"},{"taxonomy":"product_cat","embeddable":true,"href":"https:\/\/nordicmart.andreevmaster.com\/sv\/wp-json\/wp\/v2\/product_cat?post=12280"},{"taxonomy":"product_tag","embeddable":true,"href":"https:\/\/nordicmart.andreevmaster.com\/sv\/wp-json\/wp\/v2\/product_tag?post=12280"}],"curies":[{"name":"wp","href":"https:\/\/api.w.org\/{rel}","templated":true}]}}