{"id":12276,"date":"2026-02-27T00:13:28","date_gmt":"2026-02-27T00:13:28","guid":{"rendered":"https:\/\/nordicmart.andreevmaster.com\/product\/songmics-kladstang-for-vagg-30-x-84-x-7-cm-med-60-kg-belastningskapacitet\/"},"modified":"2026-02-27T08:07:45","modified_gmt":"2026-02-27T08:07:45","slug":"songmics-kladstang-for-vagg-30-x-84-x-7-cm-med-60-kg-belastningskapacitet","status":"publish","type":"product","link":"https:\/\/nordicmart.andreevmaster.com\/sv\/produkt\/songmics-kladstang-for-vagg-30-x-84-x-7-cm-med-60-kg-belastningskapacitet\/","title":{"rendered":"SONGMICS kl\u00e4dst\u00e5ng f\u00f6r v\u00e4gg 30 x 84 x 7 cm med 60 kg belastningskapacitet"},"content":{"rendered":"<p>SONGMICS kl\u00e4dst\u00e5ng f\u00f6r v\u00e4ggmontering, kl\u00e4dst\u00e4ll f\u00f6r v\u00e4ggmontering, industriell, platsbesparande, 30,4 x 170 x 7 cm, 68 kg belastningskapacitet, enkel montering, f\u00f6r sm\u00e5 rum, svart HSR104B01<br \/>\nF\u00e4rg: Svart<br \/>\nMaterial: St\u00e5l<br \/>\nStorlek: 30 x 84 x 7 cm (D x B x H)<br \/>\nVikt: 1,4 kg<br \/>\nMax. statisk belastningskapacitet: 60 kg<\/p>\n","protected":false},"excerpt":{"rendered":"<p>SONGMICS kl\u00e4dst\u00e5ng f\u00f6r v\u00e4ggmontering, kl\u00e4dst\u00e4ll f\u00f6r v\u00e4ggmontering, industriell, platsbesparande, 30,4 x 170 x 7 cm, 68 kg belastningskapacitet, enkel montering, f\u00f6r sm\u00e5 rum, svart HSR104B01<\/p>\n","protected":false},"featured_media":40565,"comment_status":"open","ping_status":"closed","template":"","meta":[],"product_brand":[],"product_cat":[33],"product_tag":[],"class_list":{"0":"post-12276","1":"product","2":"type-product","3":"status-publish","4":"has-post-thumbnail","6":"product_cat-okategoriserad","8":"first","9":"instock","10":"shipping-taxable","11":"purchasable","12":"product-type-simple"},"_links":{"self":[{"href":"https:\/\/nordicmart.andreevmaster.com\/sv\/wp-json\/wp\/v2\/product\/12276","targetHints":{"allow":["GET"]}}],"collection":[{"href":"https:\/\/nordicmart.andreevmaster.com\/sv\/wp-json\/wp\/v2\/product"}],"about":[{"href":"https:\/\/nordicmart.andreevmaster.com\/sv\/wp-json\/wp\/v2\/types\/product"}],"replies":[{"embeddable":true,"href":"https:\/\/nordicmart.andreevmaster.com\/sv\/wp-json\/wp\/v2\/comments?post=12276"}],"wp:featuredmedia":[{"embeddable":true,"href":"https:\/\/nordicmart.andreevmaster.com\/sv\/wp-json\/wp\/v2\/media\/40565"}],"wp:attachment":[{"href":"https:\/\/nordicmart.andreevmaster.com\/sv\/wp-json\/wp\/v2\/media?parent=12276"}],"wp:term":[{"taxonomy":"product_brand","embeddable":true,"href":"https:\/\/nordicmart.andreevmaster.com\/sv\/wp-json\/wp\/v2\/product_brand?post=12276"},{"taxonomy":"product_cat","embeddable":true,"href":"https:\/\/nordicmart.andreevmaster.com\/sv\/wp-json\/wp\/v2\/product_cat?post=12276"},{"taxonomy":"product_tag","embeddable":true,"href":"https:\/\/nordicmart.andreevmaster.com\/sv\/wp-json\/wp\/v2\/product_tag?post=12276"}],"curies":[{"name":"wp","href":"https:\/\/api.w.org\/{rel}","templated":true}]}}