{"id":12275,"date":"2026-02-27T00:13:27","date_gmt":"2026-02-27T00:13:27","guid":{"rendered":"https:\/\/nordicmart.andreevmaster.com\/product\/songmics-kladstall-for-tung-last-90-kg\/"},"modified":"2026-02-27T08:07:45","modified_gmt":"2026-02-27T08:07:45","slug":"songmics-kladstall-for-tung-last-90-kg","status":"publish","type":"product","link":"https:\/\/nordicmart.andreevmaster.com\/sv\/produkt\/songmics-kladstall-for-tung-last-90-kg\/","title":{"rendered":"SONGMICS kl\u00e4dst\u00e4ll f\u00f6r tung last 90 kg"},"content":{"rendered":"<p>Mycket l\u00e4mplig f\u00f6r hemmet V\u00e5r kl\u00e4dh\u00e4ngare \u00e4r ett utm\u00e4rkt f\u00f6rvaringsalternativ f\u00f6r att undvika skrynklor p\u00e5 kl\u00e4derna.  Om ditt sovrum, din kl\u00e4dkammare eller din garderob \u00e4r liten \u00e4r v\u00e5r kl\u00e4dh\u00e4ngare perfekt f\u00f6r dig. Den skapar mer utrymme s\u00e5 att du kan f\u00f6rvara alla dina kl\u00e4der sorterade och inom r\u00e4ckh\u00e5ll, och \u00e4ntligen f\u00e5 ordning p\u00e5 kaoset. Tack vare den enkla konstruktionen och det eleganta utseendet passar v\u00e5r kl\u00e4dst\u00e4llning p\u00e5 hjul in i alla rum, s\u00e5 att du kan utnyttja varje ledig plats i din l\u00e4genhet optimalt. Professionell butiksinredning V\u00e5r kl\u00e4dst\u00e4llning p\u00e5 hjul \u00e4r universellt anv\u00e4ndbar, den kan spara utrymme och dela upp butiksutrymmet i flera omr\u00e5den, mycket l\u00e4mplig f\u00f6r kommersiellt bruk, till exempel i kl\u00e4dbutiker, modebutiker, fotostudior etc. Med de monterade hjulen undertill kan kl\u00e4dvagnen enkelt flyttas och placeras p\u00e5 en annan plats efter behov. De robusta och 360\u00b0 vridbara hjulen glider l\u00e4tt \u00f6ver alla typer av golv, \u00e4ven utomhus, som p\u00e5 gatan, i sluttningar etc. D\u00e4rf\u00f6r \u00e4r kl\u00e4dst\u00e4llningen perfekt f\u00f6r loppmarknader och veckomarknader.  Dessutom kan du h\u00e4nga kl\u00e4derna p\u00e5 st\u00e5ngen ist\u00e4llet f\u00f6r att l\u00e4gga dem vikta p\u00e5 bordet, vilket inte bara minskar veck och skrynklor utan ocks\u00e5 g\u00f6r det m\u00f6jligt f\u00f6r kunderna att snabbt komma \u00e5t varorna. Produktdetaljer: &#8211; F\u00e4rg: silver &#8211; Material: f\u00f6rkromat j\u00e4rnr\u00f6r &#8211; M\u00e5tt: 92-132 cm x 160 cm x 45,4 cm (B x H x D) &#8211; Nettovikt: 5,2 kg Leveransomfattning: &#8211; 1 x kl\u00e4dst\u00e4ll &#8211; 1 x bruksanvisning (DE, EN, FR, IT, ES)<\/p>\n","protected":false},"excerpt":{"rendered":"<p>SONGMICS tunglastkl\u00e4dst\u00e4ll i metall, belastningskapacitet upp till 90 kg, kl\u00e4dst\u00e4ll med hjul, hopf\u00e4llbart, l\u00e4ngd 92\u2013132 cm, f\u00f6rkromat, industri HSR13S<\/p>\n","protected":false},"featured_media":40564,"comment_status":"open","ping_status":"closed","template":"","meta":[],"product_brand":[],"product_cat":[33],"product_tag":[],"class_list":{"0":"post-12275","1":"product","2":"type-product","3":"status-publish","4":"has-post-thumbnail","6":"product_cat-okategoriserad","8":"first","9":"instock","10":"shipping-taxable","11":"purchasable","12":"product-type-simple"},"_links":{"self":[{"href":"https:\/\/nordicmart.andreevmaster.com\/sv\/wp-json\/wp\/v2\/product\/12275","targetHints":{"allow":["GET"]}}],"collection":[{"href":"https:\/\/nordicmart.andreevmaster.com\/sv\/wp-json\/wp\/v2\/product"}],"about":[{"href":"https:\/\/nordicmart.andreevmaster.com\/sv\/wp-json\/wp\/v2\/types\/product"}],"replies":[{"embeddable":true,"href":"https:\/\/nordicmart.andreevmaster.com\/sv\/wp-json\/wp\/v2\/comments?post=12275"}],"wp:featuredmedia":[{"embeddable":true,"href":"https:\/\/nordicmart.andreevmaster.com\/sv\/wp-json\/wp\/v2\/media\/40564"}],"wp:attachment":[{"href":"https:\/\/nordicmart.andreevmaster.com\/sv\/wp-json\/wp\/v2\/media?parent=12275"}],"wp:term":[{"taxonomy":"product_brand","embeddable":true,"href":"https:\/\/nordicmart.andreevmaster.com\/sv\/wp-json\/wp\/v2\/product_brand?post=12275"},{"taxonomy":"product_cat","embeddable":true,"href":"https:\/\/nordicmart.andreevmaster.com\/sv\/wp-json\/wp\/v2\/product_cat?post=12275"},{"taxonomy":"product_tag","embeddable":true,"href":"https:\/\/nordicmart.andreevmaster.com\/sv\/wp-json\/wp\/v2\/product_tag?post=12275"}],"curies":[{"name":"wp","href":"https:\/\/api.w.org\/{rel}","templated":true}]}}