{"id":12274,"date":"2026-02-27T00:13:27","date_gmt":"2026-02-27T00:13:27","guid":{"rendered":"https:\/\/nordicmart.andreevmaster.com\/product\/songmics-kladstall-i-industriell-stil-med-hjul\/"},"modified":"2026-02-27T08:07:45","modified_gmt":"2026-02-27T08:07:45","slug":"songmics-kladstall-i-industriell-stil-med-hjul","status":"publish","type":"product","link":"https:\/\/nordicmart.andreevmaster.com\/sv\/produkt\/songmics-kladstall-i-industriell-stil-med-hjul\/","title":{"rendered":"SONGMICS kl\u00e4dst\u00e4ll i industriell stil med hjul"},"content":{"rendered":"<p>Har du m\u00e5nga kl\u00e4der men ont om f\u00f6rvaringsutrymme i garderoben? D\u00e5 kommer du att uppskatta denna kl\u00e4dst\u00e4llning! Den \u00e4r ett nytt f\u00f6rvaringsalternativ f\u00f6r ditt hem och ett perfekt komplement till din garderob!  Perfekt f\u00f6r hemmabruk Hur f\u00f6rvarar man kl\u00e4der utan att de blir skrynkliga? Denna kl\u00e4dst\u00e4llning \u00e4r det perfekta svaret p\u00e5 den fr\u00e5gan! H\u00e4ngda p\u00e5 kl\u00e4dst\u00e5ngen ser dina jackor alltid ut som om du just strykt dem. Dessutom har denna kl\u00e4dh\u00e4ngare en hylla d\u00e4r du kan placera n\u00e5gra f\u00f6rvaringsl\u00e5dor. \u00c4ven l\u00e4mplig f\u00f6r kommersiellt bruk St\u00e4ll denna kl\u00e4dst\u00e4llning i din kl\u00e4dbutik eller fotostudio och h\u00e4ng upp olika kl\u00e4desplagg p\u00e5 den ist\u00e4llet f\u00f6r att vika dem och stapla dem otydligt p\u00e5 varandra. P\u00e5 s\u00e5 s\u00e4tt kan dina kunder enkelt se dina varor och snabbt komma \u00e5t dem. Dessutom kan denna kl\u00e4dst\u00e4llning enkelt flyttas till valfri plats tack vare de 4 hjulen. Demontera helt enkelt den \u00f6vre delen av kl\u00e4dst\u00e4llningen och f\u00e4ll ihop den nedre delen f\u00f6r att underl\u00e4tta transporten. P\u00e5 s\u00e5 s\u00e4tt kan du till exempel ta med den till loppmarknaden. Vill du skydda n\u00e5gra \u00f6mt\u00e5liga kl\u00e4desplagg fr\u00e5n en fullpackad garderob? Vill du presentera dina varor p\u00e5 ett stilfullt s\u00e4tt i din butik? D\u00e5 ska du skaffa denna utdragbara kl\u00e4dst\u00e4llning!<br \/>\nProduktdetaljer: &#8211; F\u00e4rg: Svart &#8211; Material: J\u00e4rnr\u00f6r &#8211; Storlek: (92-132) x 45,4 x 160 cm (L x B x H) &#8211; Vikt: 5 kg &#8211; Max. statisk belastningskapacitet f\u00f6r kl\u00e4dst\u00e5ngen: 90 kg Leveransomfattning:- 1 x kl\u00e4dst\u00e4llning &#8211; 1 x bruksanvisning (DE, EN, ES, FR, IT) SONGMICS Anm\u00e4rkningar: &#8211; Den max. belastningskapaciteten i texten avser den statiska maxvikten.<\/p>\n","protected":false},"excerpt":{"rendered":"<p>SONGMICS tunglastkl\u00e4dst\u00e4ll i metall, belastningskapacitet upp till 90 kg, kl\u00e4dst\u00e4ll med hjul, hopf\u00e4llbart, l\u00e4ngd 92\u2013132 cm, f\u00f6rkromat, industri HSR13S<\/p>\n","protected":false},"featured_media":40563,"comment_status":"open","ping_status":"closed","template":"","meta":[],"product_brand":[],"product_cat":[33],"product_tag":[],"class_list":{"0":"post-12274","1":"product","2":"type-product","3":"status-publish","4":"has-post-thumbnail","6":"product_cat-okategoriserad","8":"first","9":"instock","10":"shipping-taxable","11":"purchasable","12":"product-type-simple"},"_links":{"self":[{"href":"https:\/\/nordicmart.andreevmaster.com\/sv\/wp-json\/wp\/v2\/product\/12274","targetHints":{"allow":["GET"]}}],"collection":[{"href":"https:\/\/nordicmart.andreevmaster.com\/sv\/wp-json\/wp\/v2\/product"}],"about":[{"href":"https:\/\/nordicmart.andreevmaster.com\/sv\/wp-json\/wp\/v2\/types\/product"}],"replies":[{"embeddable":true,"href":"https:\/\/nordicmart.andreevmaster.com\/sv\/wp-json\/wp\/v2\/comments?post=12274"}],"wp:featuredmedia":[{"embeddable":true,"href":"https:\/\/nordicmart.andreevmaster.com\/sv\/wp-json\/wp\/v2\/media\/40563"}],"wp:attachment":[{"href":"https:\/\/nordicmart.andreevmaster.com\/sv\/wp-json\/wp\/v2\/media?parent=12274"}],"wp:term":[{"taxonomy":"product_brand","embeddable":true,"href":"https:\/\/nordicmart.andreevmaster.com\/sv\/wp-json\/wp\/v2\/product_brand?post=12274"},{"taxonomy":"product_cat","embeddable":true,"href":"https:\/\/nordicmart.andreevmaster.com\/sv\/wp-json\/wp\/v2\/product_cat?post=12274"},{"taxonomy":"product_tag","embeddable":true,"href":"https:\/\/nordicmart.andreevmaster.com\/sv\/wp-json\/wp\/v2\/product_tag?post=12274"}],"curies":[{"name":"wp","href":"https:\/\/api.w.org\/{rel}","templated":true}]}}