{"id":12273,"date":"2026-02-27T00:13:27","date_gmt":"2026-02-27T00:13:27","guid":{"rendered":"https:\/\/nordicmart.andreevmaster.com\/product\/kladstall-pa-hjul-kraftigt-kladstall-med-utdragbar-kladstang-90-kg-belastningskapacitet-enkel-montering-transportabelt-svart-hsr13bkv1\/"},"modified":"2026-02-27T08:07:45","modified_gmt":"2026-02-27T08:07:45","slug":"kladstall-pa-hjul-kraftigt-kladstall-med-utdragbar-kladstang-90-kg-belastningskapacitet-enkel-montering-transportabelt-svart-hsr13bkv1","status":"publish","type":"product","link":"https:\/\/nordicmart.andreevmaster.com\/sv\/produkt\/kladstall-pa-hjul-kraftigt-kladstall-med-utdragbar-kladstang-90-kg-belastningskapacitet-enkel-montering-transportabelt-svart-hsr13bkv1\/","title":{"rendered":"Kl\u00e4dst\u00e4ll p\u00e5 hjul, kraftigt kl\u00e4dst\u00e4ll, med utdragbar kl\u00e4dst\u00e5ng, 90 kg belastningskapacitet, enkel montering, transportabelt, svart HSR13BKV1"},"content":{"rendered":"<p>F\u00f6rb\u00e4ttrad belastningskapacitet: Tack vare de 1 mm tjocka st\u00e5lr\u00f6ren, som \u00e4r tjockare och mer robusta \u00e4n de normala 0,8 mm tjocka r\u00f6ren, och de kraftiga PP-hjulen kan detta kl\u00e4dst\u00e4ll b\u00e4ra upp till 90 kg. S\u00e5 du kan g\u00e4rna h\u00e4nga upp dina tunga rockar!<\/p>\n<p>Utdragbar kl\u00e4dst\u00e5ng: Varje \u00e4nde av den \u00f6vre kl\u00e4dst\u00e5ngen kan dras ut ytterligare 20 cm f\u00f6r att ge dig mer utrymme att h\u00e4nga upp saker (den \u00f6vre kl\u00e4dst\u00e5ngen kan dras ut fr\u00e5n 92 cm till 132 cm); de tv\u00e5 f\u00f6rl\u00e4ngnings\u00e4ndarna \u00e4r ocks\u00e5 perfekta f\u00f6r att h\u00e4nga handv\u00e4skor, hattar, halsdukar eller andra accessoarer p\u00e5.L\u00e4tt att flytta och l\u00e5sa: Detta kl\u00e4dst\u00e4ll levereras med 4 360\u00b0 vridbara hjul, varav 2 \u00e4r l\u00e5sbara, s\u00e5 att du enkelt kan flytta det fr\u00e5n sovrummet till garderoben och l\u00e5sa det p\u00e5 plats om det beh\u00f6vs.L\u00e4tt att montera och f\u00f6rvara: Du beh\u00f6ver inga verktyg f\u00f6r att montera denna kl\u00e4dst\u00e5ng, och den kan vara klar p\u00e5 bara 3 steg! N\u00e4r den inte anv\u00e4nds kan du ta is\u00e4r den och snabbt st\u00e4lla undan den under s\u00e4ngen eller i ett oanv\u00e4nt h\u00f6rn f\u00f6r att spara plats.<\/p>\n<p>M\u00e5ngsidig anv\u00e4ndning: Denna kl\u00e4dh\u00e4ngare levereras med 2 bottenst\u00e4nger f\u00f6r dina f\u00f6rvaringsl\u00e5dor, vilket g\u00f6r den funktionell oavsett om den st\u00e5r i ditt sovrum eller i din garderob f\u00f6r f\u00f6rvaring av dagliga f\u00f6rem\u00e5l eller i ditt tv\u00e4ttrum f\u00f6r torkning av kl\u00e4der. Det pulverlackerade st\u00e5let g\u00f6r den \u00e4ven l\u00e4mplig f\u00f6r utomhusbruk.Har du mycket kl\u00e4der men saknar f\u00f6rvaringsutrymme i din garderob? V\u00e4lkomna d\u00e5 denna kl\u00e4dh\u00e4ngare! Det \u00e4r en ny f\u00f6rvaringsm\u00f6jlighet f\u00f6r ditt hem och ett perfekt tillskott till din garderob!  Perfekt f\u00f6r hemmabruk Hur f\u00f6rvarar man kl\u00e4der utan veck? Denna kl\u00e4dh\u00e4ngare \u00e4r det perfekta svaret p\u00e5 den fr\u00e5gan! N\u00e4r den h\u00e4nger p\u00e5 kl\u00e4dst\u00e5ngen ser dina jackor alltid ut som om du just har strykt dem. Denna kl\u00e4dh\u00e4ngare har ocks\u00e5 en hylla d\u00e4r du kan placera ett par f\u00f6rvaringsl\u00e5dor. \u00c4ven l\u00e4mplig f\u00f6r kommersiellt bruk Placera detta kl\u00e4dst\u00e4ll i din kl\u00e4dbutik eller ditt fotostudio och h\u00e4ng olika kl\u00e4desplagg p\u00e5 det ist\u00e4llet f\u00f6r att vika ihop dem och stapla dem p\u00e5 varandra. P\u00e5 s\u00e5 s\u00e4tt kan dina kunder enkelt se dina varor och snabbt komma \u00e5t dem. Tack vare de fyra hjulen kan detta kl\u00e4dst\u00e4ll ocks\u00e5 enkelt flyttas till valfri plats. Du beh\u00f6ver bara ta bort den \u00f6vre delen av kl\u00e4dst\u00e4llet och f\u00e4lla ihop den nedre delen f\u00f6r att g\u00f6ra det l\u00e4ttare att transportera. Det betyder att du kan ta med det till t.ex. en loppmarknad. Vill du undvika att \u00f6mt\u00e5liga kl\u00e4desplagg skrynklas i din garderob? Vill du st\u00e4lla ut dina varor med stil i din butik? K\u00f6p d\u00e5 detta utdragbara kl\u00e4dst\u00e4ll!<br \/>\nProduktdetaljer:- F\u00e4rg: Svart- Material: R\u00f6rformad j\u00e4rn- Storlek: (92-132) x 45,4 x 160 cm (L x B x H)- Vikt: 5 kg- Max. statisk belastningskapacitet f\u00f6r kl\u00e4dst\u00e5ngen: 90 kg Leveransomfattning: &#8211; 1 x kl\u00e4dst\u00e4ll &#8211; 1 x bruksanvisning (DE, EN, ES, FR, IT) SONGMICSKommentarer: &#8211; Den maximala belastningskapaciteten i texten avser den maximala statiska vikten.<\/p>\n","protected":false},"excerpt":{"rendered":"<p>F\u00f6rb\u00e4ttrad belastningskapacitet: Tack vare de 1 mm tjocka st\u00e5lr\u00f6ren, som \u00e4r tjockare och mer robusta \u00e4n de normala 0,8 mm tjocka r\u00f6ren, och de kraftiga PP-hjulen kan detta kl\u00e4dst\u00e4ll b\u00e4ra upp till 90 kg. S\u00e5 du kan g\u00e4rna h\u00e4nga upp dina tunga rockar! Utdragbar kl\u00e4dst\u00e5ng: Varje \u00e4nde av den \u00f6vre kl\u00e4dst\u00e5ngen kan dras ut ytterligare [&hellip;]<\/p>\n","protected":false},"featured_media":0,"comment_status":"open","ping_status":"closed","template":"","meta":[],"product_brand":[],"product_cat":[33],"product_tag":[],"class_list":{"0":"post-12273","1":"product","2":"type-product","3":"status-publish","5":"product_cat-okategoriserad","7":"first","8":"instock","9":"shipping-taxable","10":"product-type-simple"},"_links":{"self":[{"href":"https:\/\/nordicmart.andreevmaster.com\/sv\/wp-json\/wp\/v2\/product\/12273","targetHints":{"allow":["GET"]}}],"collection":[{"href":"https:\/\/nordicmart.andreevmaster.com\/sv\/wp-json\/wp\/v2\/product"}],"about":[{"href":"https:\/\/nordicmart.andreevmaster.com\/sv\/wp-json\/wp\/v2\/types\/product"}],"replies":[{"embeddable":true,"href":"https:\/\/nordicmart.andreevmaster.com\/sv\/wp-json\/wp\/v2\/comments?post=12273"}],"wp:attachment":[{"href":"https:\/\/nordicmart.andreevmaster.com\/sv\/wp-json\/wp\/v2\/media?parent=12273"}],"wp:term":[{"taxonomy":"product_brand","embeddable":true,"href":"https:\/\/nordicmart.andreevmaster.com\/sv\/wp-json\/wp\/v2\/product_brand?post=12273"},{"taxonomy":"product_cat","embeddable":true,"href":"https:\/\/nordicmart.andreevmaster.com\/sv\/wp-json\/wp\/v2\/product_cat?post=12273"},{"taxonomy":"product_tag","embeddable":true,"href":"https:\/\/nordicmart.andreevmaster.com\/sv\/wp-json\/wp\/v2\/product_tag?post=12273"}],"curies":[{"name":"wp","href":"https:\/\/api.w.org\/{rel}","templated":true}]}}