{"id":12272,"date":"2026-02-27T00:13:27","date_gmt":"2026-02-27T00:13:27","guid":{"rendered":"https:\/\/nordicmart.andreevmaster.com\/product\/songmics-kladstall-med-5-hyllor-och-stalram-molnvit\/"},"modified":"2026-02-27T08:07:45","modified_gmt":"2026-02-27T08:07:45","slug":"songmics-kladstall-med-5-hyllor-och-stalram-molnvit","status":"publish","type":"product","link":"https:\/\/nordicmart.andreevmaster.com\/sv\/produkt\/songmics-kladstall-med-5-hyllor-och-stalram-molnvit\/","title":{"rendered":"SONGMICS kl\u00e4dst\u00e4ll med 5 hyllor och st\u00e5lram molnvit"},"content":{"rendered":"<p>SONGMICS kl\u00e4dst\u00e4ll, torkst\u00e4ll med 5 hyllor, metallram, 40 x 101,7 x 153,3 cm, f\u00f6r sovrum, vardagsrum, hall, bl\u00e4ck svart HSR138B01<br \/>\nF\u00e4rg: Molnvit<br \/>\nMaterial: st\u00e5l<br \/>\nTotal storlek: 40 x 101,7 x 153,3 cm (D x B x H)<br \/>\nVikt: 6 kg<br \/>\nMax. statisk belastningskapacitet f\u00f6r kl\u00e4dst\u00e5ngen: 25 kg<br \/>\nMax. statisk belastningskapacitet f\u00f6r gallerhyllan under kl\u00e4dst\u00e5ngen: 15 kg<br \/>\nMax. statisk belastningskapacitet per sidorack (uppifr\u00e5n och ner): 5 kg, 7 kg, 8 kg, 10 kg<br \/>\nMax. statisk belastningskapacitet totalt: 70 kg<\/p>\n","protected":false},"excerpt":{"rendered":"<p>SONGMICS kl\u00e4dst\u00e4ll, torkst\u00e4ll med 5 hyllor, metallram, 40 x 101,7 x 153,3 cm, f\u00f6r sovrum, vardagsrum, hall, bl\u00e4ck svart HSR138B01<\/p>\n","protected":false},"featured_media":40562,"comment_status":"open","ping_status":"closed","template":"","meta":[],"product_brand":[],"product_cat":[33],"product_tag":[],"class_list":{"0":"post-12272","1":"product","2":"type-product","3":"status-publish","4":"has-post-thumbnail","6":"product_cat-okategoriserad","8":"first","9":"instock","10":"shipping-taxable","11":"purchasable","12":"product-type-simple"},"_links":{"self":[{"href":"https:\/\/nordicmart.andreevmaster.com\/sv\/wp-json\/wp\/v2\/product\/12272","targetHints":{"allow":["GET"]}}],"collection":[{"href":"https:\/\/nordicmart.andreevmaster.com\/sv\/wp-json\/wp\/v2\/product"}],"about":[{"href":"https:\/\/nordicmart.andreevmaster.com\/sv\/wp-json\/wp\/v2\/types\/product"}],"replies":[{"embeddable":true,"href":"https:\/\/nordicmart.andreevmaster.com\/sv\/wp-json\/wp\/v2\/comments?post=12272"}],"wp:featuredmedia":[{"embeddable":true,"href":"https:\/\/nordicmart.andreevmaster.com\/sv\/wp-json\/wp\/v2\/media\/40562"}],"wp:attachment":[{"href":"https:\/\/nordicmart.andreevmaster.com\/sv\/wp-json\/wp\/v2\/media?parent=12272"}],"wp:term":[{"taxonomy":"product_brand","embeddable":true,"href":"https:\/\/nordicmart.andreevmaster.com\/sv\/wp-json\/wp\/v2\/product_brand?post=12272"},{"taxonomy":"product_cat","embeddable":true,"href":"https:\/\/nordicmart.andreevmaster.com\/sv\/wp-json\/wp\/v2\/product_cat?post=12272"},{"taxonomy":"product_tag","embeddable":true,"href":"https:\/\/nordicmart.andreevmaster.com\/sv\/wp-json\/wp\/v2\/product_tag?post=12272"}],"curies":[{"name":"wp","href":"https:\/\/api.w.org\/{rel}","templated":true}]}}