{"id":12271,"date":"2026-02-27T00:13:26","date_gmt":"2026-02-27T00:13:26","guid":{"rendered":"https:\/\/nordicmart.andreevmaster.com\/product\/songmics-kladstall-med-5-hyllor-och-stalram-black-svart\/"},"modified":"2026-02-27T08:07:44","modified_gmt":"2026-02-27T08:07:44","slug":"songmics-kladstall-med-5-hyllor-och-stalram-black-svart","status":"publish","type":"product","link":"https:\/\/nordicmart.andreevmaster.com\/sv\/produkt\/songmics-kladstall-med-5-hyllor-och-stalram-black-svart\/","title":{"rendered":"SONGMICS kl\u00e4dst\u00e4ll med 5 hyllor och st\u00e5lram, bl\u00e4ck svart"},"content":{"rendered":"<p>SONGMICS kl\u00e4dst\u00e4ll, torkst\u00e4ll med 5 hyllor, metallram, 40 x 101,7 x 153,3 cm, f\u00f6r sovrum, vardagsrum, hall, bl\u00e4ck svart HSR138B01<br \/>\nF\u00e4rg: Bl\u00e4ksvart<br \/>\nMaterial: st\u00e5l<br \/>\nTotal storlek: 40 x 101,7 x 153,3 cm (D x B x H)<br \/>\nVikt: 6 kg<br \/>\nMax. statisk belastningskapacitet f\u00f6r kl\u00e4dst\u00e5ngen: 25 kg<br \/>\nMax. statisk belastningskapacitet f\u00f6r gallerhyllan under kl\u00e4dst\u00e5ngen: 15 kg<br \/>\nMax. statisk belastningskapacitet per sidorack (uppifr\u00e5n och ner): 5 kg, 7 kg, 8 kg, 10 kg<br \/>\nMax. statisk belastningskapacitet totalt: 70 kg<\/p>\n","protected":false},"excerpt":{"rendered":"<p>SONGMICS kl\u00e4dst\u00e4ll, torkst\u00e4ll med 5 hyllor, metallram, 40 x 101,7 x 153,3 cm, f\u00f6r sovrum, vardagsrum, hall, bl\u00e4ck svart HSR138B01<\/p>\n","protected":false},"featured_media":40561,"comment_status":"open","ping_status":"closed","template":"","meta":[],"product_brand":[],"product_cat":[33],"product_tag":[],"class_list":{"0":"post-12271","1":"product","2":"type-product","3":"status-publish","4":"has-post-thumbnail","6":"product_cat-okategoriserad","8":"first","9":"instock","10":"shipping-taxable","11":"purchasable","12":"product-type-simple"},"_links":{"self":[{"href":"https:\/\/nordicmart.andreevmaster.com\/sv\/wp-json\/wp\/v2\/product\/12271","targetHints":{"allow":["GET"]}}],"collection":[{"href":"https:\/\/nordicmart.andreevmaster.com\/sv\/wp-json\/wp\/v2\/product"}],"about":[{"href":"https:\/\/nordicmart.andreevmaster.com\/sv\/wp-json\/wp\/v2\/types\/product"}],"replies":[{"embeddable":true,"href":"https:\/\/nordicmart.andreevmaster.com\/sv\/wp-json\/wp\/v2\/comments?post=12271"}],"wp:featuredmedia":[{"embeddable":true,"href":"https:\/\/nordicmart.andreevmaster.com\/sv\/wp-json\/wp\/v2\/media\/40561"}],"wp:attachment":[{"href":"https:\/\/nordicmart.andreevmaster.com\/sv\/wp-json\/wp\/v2\/media?parent=12271"}],"wp:term":[{"taxonomy":"product_brand","embeddable":true,"href":"https:\/\/nordicmart.andreevmaster.com\/sv\/wp-json\/wp\/v2\/product_brand?post=12271"},{"taxonomy":"product_cat","embeddable":true,"href":"https:\/\/nordicmart.andreevmaster.com\/sv\/wp-json\/wp\/v2\/product_cat?post=12271"},{"taxonomy":"product_tag","embeddable":true,"href":"https:\/\/nordicmart.andreevmaster.com\/sv\/wp-json\/wp\/v2\/product_tag?post=12271"}],"curies":[{"name":"wp","href":"https:\/\/api.w.org\/{rel}","templated":true}]}}