{"id":12265,"date":"2026-02-27T00:13:25","date_gmt":"2026-02-27T00:13:25","guid":{"rendered":"https:\/\/nordicmart.andreevmaster.com\/product\/songmics-kladstall-pa-hjul-belastningskapacitet-upp-till-45-kg-duvgra\/"},"modified":"2026-02-27T08:07:43","modified_gmt":"2026-02-27T08:07:43","slug":"songmics-kladstall-pa-hjul-belastningskapacitet-upp-till-45-kg-duvgra","status":"publish","type":"product","link":"https:\/\/nordicmart.andreevmaster.com\/sv\/produkt\/songmics-kladstall-pa-hjul-belastningskapacitet-upp-till-45-kg-duvgra\/","title":{"rendered":"SONGMICS kl\u00e4dst\u00e4ll p\u00e5 hjul, belastningskapacitet upp till 45 kg, duvgr\u00e5"},"content":{"rendered":"<p>SONGMICS kl\u00e4dst\u00e4ll p\u00e5 hjul, utdragbar kl\u00e4dst\u00e5ng, garderobsst\u00e4ll i st\u00e5lr\u00f6r, f\u00f6rh\u00f6jd avlastningsst\u00e5ng, 40 x (83-120) x 156 cm, belastningskapacitet upp till 45 kg, bl\u00e4ck svart HSR134B01<br \/>\nF\u00e4rg: Duvgr\u00e5<br \/>\nMaterial: st\u00e5l, plast<br \/>\nStorlek: 40 x (83-120) x 156 cm (D x B x H)<br \/>\nVikt: 2,9 kg<br \/>\nMax. statisk belastningskapacitet f\u00f6r st\u00e5ngen: 30 kg<br \/>\nMax. statisk belastningskapacitet f\u00f6r st\u00e4ngerna: 15 kg<br \/>\nMax. statisk belastningskapacitet totalt: 45 kg<\/p>\n","protected":false},"excerpt":{"rendered":"<p>SONGMICS kl\u00e4dst\u00e4ll p\u00e5 hjul, utdragbar kl\u00e4dst\u00e5ng, garderobsst\u00e4ll i st\u00e5lr\u00f6r, f\u00f6rh\u00f6jd avlastningsst\u00e5ng, 40 x (83-120) x 156 cm, belastningskapacitet upp till 45 kg, bl\u00e4ck svart HSR134B01<\/p>\n","protected":false},"featured_media":40555,"comment_status":"open","ping_status":"closed","template":"","meta":[],"product_brand":[],"product_cat":[33],"product_tag":[],"class_list":{"0":"post-12265","1":"product","2":"type-product","3":"status-publish","4":"has-post-thumbnail","6":"product_cat-okategoriserad","8":"first","9":"instock","10":"shipping-taxable","11":"purchasable","12":"product-type-simple"},"_links":{"self":[{"href":"https:\/\/nordicmart.andreevmaster.com\/sv\/wp-json\/wp\/v2\/product\/12265","targetHints":{"allow":["GET"]}}],"collection":[{"href":"https:\/\/nordicmart.andreevmaster.com\/sv\/wp-json\/wp\/v2\/product"}],"about":[{"href":"https:\/\/nordicmart.andreevmaster.com\/sv\/wp-json\/wp\/v2\/types\/product"}],"replies":[{"embeddable":true,"href":"https:\/\/nordicmart.andreevmaster.com\/sv\/wp-json\/wp\/v2\/comments?post=12265"}],"wp:featuredmedia":[{"embeddable":true,"href":"https:\/\/nordicmart.andreevmaster.com\/sv\/wp-json\/wp\/v2\/media\/40555"}],"wp:attachment":[{"href":"https:\/\/nordicmart.andreevmaster.com\/sv\/wp-json\/wp\/v2\/media?parent=12265"}],"wp:term":[{"taxonomy":"product_brand","embeddable":true,"href":"https:\/\/nordicmart.andreevmaster.com\/sv\/wp-json\/wp\/v2\/product_brand?post=12265"},{"taxonomy":"product_cat","embeddable":true,"href":"https:\/\/nordicmart.andreevmaster.com\/sv\/wp-json\/wp\/v2\/product_cat?post=12265"},{"taxonomy":"product_tag","embeddable":true,"href":"https:\/\/nordicmart.andreevmaster.com\/sv\/wp-json\/wp\/v2\/product_tag?post=12265"}],"curies":[{"name":"wp","href":"https:\/\/api.w.org\/{rel}","templated":true}]}}