{"id":12263,"date":"2026-02-27T00:13:25","date_gmt":"2026-02-27T00:13:25","guid":{"rendered":"https:\/\/nordicmart.andreevmaster.com\/product\/songmics-kladstall-pa-hjul-1035-cm-bred-molnvit\/"},"modified":"2026-02-27T08:07:43","modified_gmt":"2026-02-27T08:07:43","slug":"songmics-kladstall-pa-hjul-1035-cm-bred-molnvit","status":"publish","type":"product","link":"https:\/\/nordicmart.andreevmaster.com\/sv\/produkt\/songmics-kladstall-pa-hjul-1035-cm-bred-molnvit\/","title":{"rendered":"SONGMICS kl\u00e4dst\u00e4ll p\u00e5 hjul 103,5 cm bred molnvit"},"content":{"rendered":"<p>SONGMICS kl\u00e4dst\u00e4ll p\u00e5 hjul, kl\u00e4dst\u00e5ng, garderobsst\u00e5ng, garderobsst\u00e4ll i st\u00e5lr\u00f6r, belastningskapacitet upp till 50 kg, 103,5 cm bred, multifunktionell f\u00f6rvaring, bl\u00e4ck svart HSR131B01<br \/>\nProduktm\u00e5tt: 41 x 103,5 x 155 cm; 3,5 kg<br \/>\nF\u00e4rg\uff1aMolnvit<br \/>\nYta\uff1aSt\u00e5l<br \/>\nMaterial: legerat st\u00e5l<br \/>\nAntal f\u00f6rpackningar: 1<br \/>\nBatterier ing\u00e5r: Nej<br \/>\nBatterier kr\u00e4vs: Nej<br \/>\nProduktvikt: 3,5 kg<\/p>\n","protected":false},"excerpt":{"rendered":"<p>SONGMICS kl\u00e4dst\u00e4ll p\u00e5 hjul, kl\u00e4dst\u00e5ng, garderobsst\u00e5ng, garderobsst\u00e4ll i st\u00e5lr\u00f6r, belastningskapacitet upp till 50 kg, 103,5 cm bred, multifunktionell f\u00f6rvaring, bl\u00e4ck svart HSR131B01<\/p>\n","protected":false},"featured_media":40553,"comment_status":"open","ping_status":"closed","template":"","meta":[],"product_brand":[],"product_cat":[33],"product_tag":[],"class_list":{"0":"post-12263","1":"product","2":"type-product","3":"status-publish","4":"has-post-thumbnail","6":"product_cat-okategoriserad","8":"first","9":"instock","10":"shipping-taxable","11":"purchasable","12":"product-type-simple"},"_links":{"self":[{"href":"https:\/\/nordicmart.andreevmaster.com\/sv\/wp-json\/wp\/v2\/product\/12263","targetHints":{"allow":["GET"]}}],"collection":[{"href":"https:\/\/nordicmart.andreevmaster.com\/sv\/wp-json\/wp\/v2\/product"}],"about":[{"href":"https:\/\/nordicmart.andreevmaster.com\/sv\/wp-json\/wp\/v2\/types\/product"}],"replies":[{"embeddable":true,"href":"https:\/\/nordicmart.andreevmaster.com\/sv\/wp-json\/wp\/v2\/comments?post=12263"}],"wp:featuredmedia":[{"embeddable":true,"href":"https:\/\/nordicmart.andreevmaster.com\/sv\/wp-json\/wp\/v2\/media\/40553"}],"wp:attachment":[{"href":"https:\/\/nordicmart.andreevmaster.com\/sv\/wp-json\/wp\/v2\/media?parent=12263"}],"wp:term":[{"taxonomy":"product_brand","embeddable":true,"href":"https:\/\/nordicmart.andreevmaster.com\/sv\/wp-json\/wp\/v2\/product_brand?post=12263"},{"taxonomy":"product_cat","embeddable":true,"href":"https:\/\/nordicmart.andreevmaster.com\/sv\/wp-json\/wp\/v2\/product_cat?post=12263"},{"taxonomy":"product_tag","embeddable":true,"href":"https:\/\/nordicmart.andreevmaster.com\/sv\/wp-json\/wp\/v2\/product_tag?post=12263"}],"curies":[{"name":"wp","href":"https:\/\/api.w.org\/{rel}","templated":true}]}}