{"id":12262,"date":"2026-02-27T00:13:24","date_gmt":"2026-02-27T00:13:24","guid":{"rendered":"https:\/\/nordicmart.andreevmaster.com\/product\/songmics-kladstall-pa-hjul-1035-cm-bred-black-svart\/"},"modified":"2026-02-27T08:07:43","modified_gmt":"2026-02-27T08:07:43","slug":"songmics-kladstall-pa-hjul-1035-cm-bred-black-svart","status":"publish","type":"product","link":"https:\/\/nordicmart.andreevmaster.com\/sv\/produkt\/songmics-kladstall-pa-hjul-1035-cm-bred-black-svart\/","title":{"rendered":"SONGMICS kl\u00e4dst\u00e4ll p\u00e5 hjul 103,5 cm bred bl\u00e4ck svart"},"content":{"rendered":"<p>SONGMICS kl\u00e4dst\u00e4ll p\u00e5 hjul, kl\u00e4dst\u00e5ng, garderobsst\u00e5ng, garderobsst\u00e4ll i st\u00e5lr\u00f6r, belastningskapacitet upp till 50 kg, 103,5 cm bred, multifunktionell f\u00f6rvaring, bl\u00e4ck svart HSR131B01<br \/>\nF\u00e4rg: bl\u00e4ck svart<br \/>\nMaterial: st\u00e5l<br \/>\nStorlek: 41 x 103,5 x 155 cm (D x B x H)<br \/>\nVikt: 3,5 kg<br \/>\nMax. statisk belastningskapacitet f\u00f6r st\u00e5ngen: 25 kg<br \/>\nMax. statisk belastningskapacitet per krok: 2,5 kg<br \/>\nMax. statisk belastningskapacitet f\u00f6r hyllan: 15 kg<br \/>\nMax. statisk belastningskapacitet totalt: 50 kg<\/p>\n","protected":false},"excerpt":{"rendered":"<p>SONGMICS kl\u00e4dst\u00e4ll p\u00e5 hjul, kl\u00e4dst\u00e5ng, garderobsst\u00e5ng, garderobsst\u00e4ll i st\u00e5lr\u00f6r, belastningskapacitet upp till 50 kg, 103,5 cm bred, multifunktionell f\u00f6rvaring, bl\u00e4ck svart HSR131B01<\/p>\n","protected":false},"featured_media":40552,"comment_status":"open","ping_status":"closed","template":"","meta":[],"product_brand":[],"product_cat":[33],"product_tag":[],"class_list":{"0":"post-12262","1":"product","2":"type-product","3":"status-publish","4":"has-post-thumbnail","6":"product_cat-okategoriserad","8":"first","9":"instock","10":"shipping-taxable","11":"purchasable","12":"product-type-simple"},"_links":{"self":[{"href":"https:\/\/nordicmart.andreevmaster.com\/sv\/wp-json\/wp\/v2\/product\/12262","targetHints":{"allow":["GET"]}}],"collection":[{"href":"https:\/\/nordicmart.andreevmaster.com\/sv\/wp-json\/wp\/v2\/product"}],"about":[{"href":"https:\/\/nordicmart.andreevmaster.com\/sv\/wp-json\/wp\/v2\/types\/product"}],"replies":[{"embeddable":true,"href":"https:\/\/nordicmart.andreevmaster.com\/sv\/wp-json\/wp\/v2\/comments?post=12262"}],"wp:featuredmedia":[{"embeddable":true,"href":"https:\/\/nordicmart.andreevmaster.com\/sv\/wp-json\/wp\/v2\/media\/40552"}],"wp:attachment":[{"href":"https:\/\/nordicmart.andreevmaster.com\/sv\/wp-json\/wp\/v2\/media?parent=12262"}],"wp:term":[{"taxonomy":"product_brand","embeddable":true,"href":"https:\/\/nordicmart.andreevmaster.com\/sv\/wp-json\/wp\/v2\/product_brand?post=12262"},{"taxonomy":"product_cat","embeddable":true,"href":"https:\/\/nordicmart.andreevmaster.com\/sv\/wp-json\/wp\/v2\/product_cat?post=12262"},{"taxonomy":"product_tag","embeddable":true,"href":"https:\/\/nordicmart.andreevmaster.com\/sv\/wp-json\/wp\/v2\/product_tag?post=12262"}],"curies":[{"name":"wp","href":"https:\/\/api.w.org\/{rel}","templated":true}]}}