{"id":12261,"date":"2026-02-27T00:13:24","date_gmt":"2026-02-27T00:13:24","guid":{"rendered":"https:\/\/nordicmart.andreevmaster.com\/product\/songmics-dubbel-kladstang-for-tung-last-110-kg\/"},"modified":"2026-02-27T08:07:43","modified_gmt":"2026-02-27T08:07:43","slug":"songmics-dubbel-kladstang-for-tung-last-110-kg","status":"publish","type":"product","link":"https:\/\/nordicmart.andreevmaster.com\/sv\/produkt\/songmics-dubbel-kladstang-for-tung-last-110-kg\/","title":{"rendered":"SONGMICS dubbel kl\u00e4dst\u00e5ng f\u00f6r tung last 110 kg"},"content":{"rendered":"<p>Vippar de flesta av dina kl\u00e4dh\u00e4ngare eller b\u00f6js de omedelbart under tyngden av n\u00e5gra galgar? Vill du ha n\u00e5got riktigt stabilt f\u00f6r dina vinterjackor? D\u00e5 \u00e4r Songmics &#8221;tunglastst\u00e4ll&#8221; perfekt f\u00f6r dig! Tack vare de helt metalliska komponenterna och den stabila konstruktionen kan du verkligen h\u00e4nga upp till 110 kg utan att st\u00e4llet b\u00f6rjar vackla. Tack vare den teknik som anv\u00e4nds glider ingenting ner n\u00e4r st\u00e4ngerna belastas. D\u00e4rf\u00f6r \u00e4r den perfekt f\u00f6r kontinuerlig anv\u00e4ndning eller f\u00f6r kommersiella anv\u00e4ndare. Det \u00e4r s\u00e4rskilt trevligt att st\u00e5ngen kan dras ut en bit i b\u00e5da \u00e4ndarna. P\u00e5 s\u00e5 s\u00e4tt kan du h\u00e4nga upp det du just har valt ut. Naturligtvis kan du ocks\u00e5 anv\u00e4nda dessa bitar f\u00f6r att helt enkelt kunna h\u00e4nga upp mer. Monteringen \u00e4r ocks\u00e5 mycket enkel. De nedre delarna av stativet, d\u00e4r rullarna sitter, levereras f\u00f6rmonterade. Man beh\u00f6ver bara s\u00e4tta ihop dem och l\u00e5sa fast dem.  Anm\u00e4rkningar:  &#8211; Det finns l\u00e4ttare repor p\u00e5 svetsst\u00e4llet, som uppst\u00e5r genom slipning av svetsfogarna. Det \u00e4r inga defekter, s\u00e5 var inte orolig.  &#8211; N\u00e4r du monterar ihop de tv\u00e5 nedre delarna av stativet och de \u00f6vre vinklade st\u00e4ngerna ska b\u00e5da sidorna riktas in samtidigt och sedan s\u00e4ttas ihop. Annars kan det uppst\u00e5 sv\u00e5righeter vid monteringen. &#8211; Var f\u00f6rsiktig n\u00e4r du justerar h\u00f6jden p\u00e5 kl\u00e4dst\u00e5ngen s\u00e5 att du inte sl\u00e5r huvudet i den utskjutande tv\u00e4rst\u00e5ngen. &#8211; Det idealiska utdragningsavst\u00e5ndet f\u00f6r den \u00f6vre tv\u00e4rst\u00e5ngen \u00e4r 0-20 cm. Produktdetaljer: &#8211; M\u00e5tt: (129-169) x (148-172) x 55 cm (B x H x D) &#8211; H\u00f6jd p\u00e5 hjul: 12 cm &#8211; Material: f\u00f6rkromade j\u00e4rnr\u00f6r &#8211; F\u00f6rpackningsm\u00e5tt: 90 x 59 x 11,9 cm (B x H x D) &#8211; Nettovikt: 8,9 kg Leveransomfattning: &#8211; 1 x kl\u00e4dst\u00e4ll &#8211; 1 x bruksanvisning<\/p>\n","protected":false},"excerpt":{"rendered":"<p>SONGMICS tunglastkl\u00e4dst\u00e4ll i metall, belastningskapacitet upp till 110 kg, garderob p\u00e5 hjul, l\u00e4ngd 129\u2013169 cm, f\u00f6rkromad HSR12S<\/p>\n","protected":false},"featured_media":40551,"comment_status":"open","ping_status":"closed","template":"","meta":[],"product_brand":[],"product_cat":[33],"product_tag":[],"class_list":{"0":"post-12261","1":"product","2":"type-product","3":"status-publish","4":"has-post-thumbnail","6":"product_cat-okategoriserad","8":"first","9":"instock","10":"shipping-taxable","11":"purchasable","12":"product-type-simple"},"_links":{"self":[{"href":"https:\/\/nordicmart.andreevmaster.com\/sv\/wp-json\/wp\/v2\/product\/12261","targetHints":{"allow":["GET"]}}],"collection":[{"href":"https:\/\/nordicmart.andreevmaster.com\/sv\/wp-json\/wp\/v2\/product"}],"about":[{"href":"https:\/\/nordicmart.andreevmaster.com\/sv\/wp-json\/wp\/v2\/types\/product"}],"replies":[{"embeddable":true,"href":"https:\/\/nordicmart.andreevmaster.com\/sv\/wp-json\/wp\/v2\/comments?post=12261"}],"wp:featuredmedia":[{"embeddable":true,"href":"https:\/\/nordicmart.andreevmaster.com\/sv\/wp-json\/wp\/v2\/media\/40551"}],"wp:attachment":[{"href":"https:\/\/nordicmart.andreevmaster.com\/sv\/wp-json\/wp\/v2\/media?parent=12261"}],"wp:term":[{"taxonomy":"product_brand","embeddable":true,"href":"https:\/\/nordicmart.andreevmaster.com\/sv\/wp-json\/wp\/v2\/product_brand?post=12261"},{"taxonomy":"product_cat","embeddable":true,"href":"https:\/\/nordicmart.andreevmaster.com\/sv\/wp-json\/wp\/v2\/product_cat?post=12261"},{"taxonomy":"product_tag","embeddable":true,"href":"https:\/\/nordicmart.andreevmaster.com\/sv\/wp-json\/wp\/v2\/product_tag?post=12261"}],"curies":[{"name":"wp","href":"https:\/\/api.w.org\/{rel}","templated":true}]}}