{"id":12252,"date":"2026-02-27T00:13:22","date_gmt":"2026-02-27T00:13:22","guid":{"rendered":"https:\/\/nordicmart.andreevmaster.com\/product\/songmics-kladstang-for-vaggmontering\/"},"modified":"2026-02-27T08:07:41","modified_gmt":"2026-02-27T08:07:41","slug":"songmics-kladstang-for-vaggmontering","status":"publish","type":"product","link":"https:\/\/nordicmart.andreevmaster.com\/sv\/produkt\/songmics-kladstang-for-vaggmontering\/","title":{"rendered":"SONGMICS kl\u00e4dst\u00e5ng f\u00f6r v\u00e4ggmontering"},"content":{"rendered":"<p>Tar ingen golvyta Vill du f\u00e5 ordning p\u00e5 kl\u00e4dh\u00f6gen i garderoben eller slipsarna som ligger i oordning i l\u00e5dorna? Prova denna SONGMICS kl\u00e4dst\u00e5ng f\u00f6r v\u00e4ggmontering! Med en l\u00e4ngd p\u00e5 170 cm och den h\u00e4ngande designen finns det plats f\u00f6r m\u00e5nga kl\u00e4der och accessoarer. Enkel montering  Du beh\u00f6ver inte vara expert f\u00f6r att montera denna kl\u00e4dst\u00e5ng. Tack vare de justerbara f\u00e4stena med fl\u00e4nsplattor och den illustrerade instruktionen kan du montera den p\u00e5 flera v\u00e4ggar p\u00e5 nolltid. Produktdetaljer: &#8211; F\u00e4rg: Svart &#8211; Material: St\u00e5l &#8211; Storlek: 30,4 x 170 x 7 cm (D x B x H) &#8211; Vikt: 42,3 kg &#8211; Max. statisk belastningskapacitet: 68 kg Leveransomfattning:- 1 x kl\u00e4dst\u00e5ng &#8211; 1 x tillbeh\u00f6rspaket &#8211; 1 x instruktioner SONGMICS Anm\u00e4rkningar: &#8211; Om du vill f\u00e4sta kl\u00e4dst\u00e5ngen p\u00e5 en gipsv\u00e4gg, fr\u00e5ga i din byggvaruhandel efter l\u00e4mpliga f\u00e4sten.<\/p>\n","protected":false},"excerpt":{"rendered":"<p>SONGMICS kl\u00e4dst\u00e5ng f\u00f6r v\u00e4ggmontering, kl\u00e4dst\u00e4ll f\u00f6r v\u00e4ggmontering, industriell, platsbesparande, 30,4 x 170 x 7 cm, 68 kg belastningskapacitet, enkel montering, f\u00f6r sm\u00e5 rum, svart HSR104B01<\/p>\n","protected":false},"featured_media":40542,"comment_status":"open","ping_status":"closed","template":"","meta":[],"product_brand":[],"product_cat":[33],"product_tag":[],"class_list":{"0":"post-12252","1":"product","2":"type-product","3":"status-publish","4":"has-post-thumbnail","6":"product_cat-okategoriserad","8":"first","9":"instock","10":"shipping-taxable","11":"purchasable","12":"product-type-simple"},"_links":{"self":[{"href":"https:\/\/nordicmart.andreevmaster.com\/sv\/wp-json\/wp\/v2\/product\/12252","targetHints":{"allow":["GET"]}}],"collection":[{"href":"https:\/\/nordicmart.andreevmaster.com\/sv\/wp-json\/wp\/v2\/product"}],"about":[{"href":"https:\/\/nordicmart.andreevmaster.com\/sv\/wp-json\/wp\/v2\/types\/product"}],"replies":[{"embeddable":true,"href":"https:\/\/nordicmart.andreevmaster.com\/sv\/wp-json\/wp\/v2\/comments?post=12252"}],"wp:featuredmedia":[{"embeddable":true,"href":"https:\/\/nordicmart.andreevmaster.com\/sv\/wp-json\/wp\/v2\/media\/40542"}],"wp:attachment":[{"href":"https:\/\/nordicmart.andreevmaster.com\/sv\/wp-json\/wp\/v2\/media?parent=12252"}],"wp:term":[{"taxonomy":"product_brand","embeddable":true,"href":"https:\/\/nordicmart.andreevmaster.com\/sv\/wp-json\/wp\/v2\/product_brand?post=12252"},{"taxonomy":"product_cat","embeddable":true,"href":"https:\/\/nordicmart.andreevmaster.com\/sv\/wp-json\/wp\/v2\/product_cat?post=12252"},{"taxonomy":"product_tag","embeddable":true,"href":"https:\/\/nordicmart.andreevmaster.com\/sv\/wp-json\/wp\/v2\/product_tag?post=12252"}],"curies":[{"name":"wp","href":"https:\/\/api.w.org\/{rel}","templated":true}]}}