{"id":12245,"date":"2026-02-27T00:13:21","date_gmt":"2026-02-27T00:13:21","guid":{"rendered":"https:\/\/nordicmart.andreevmaster.com\/product\/vasagle-stor-garderob-med-bank-greige-svart\/"},"modified":"2026-02-27T08:07:40","modified_gmt":"2026-02-27T08:07:40","slug":"vasagle-stor-garderob-med-bank-greige-svart","status":"publish","type":"product","link":"https:\/\/nordicmart.andreevmaster.com\/sv\/produkt\/vasagle-stor-garderob-med-bank-greige-svart\/","title":{"rendered":"VASAGLE Stor garderob med b\u00e4nk Greige-svart"},"content":{"rendered":"<p>Produktdetaljer: &#8211; F\u00e4rg: Greige-svart  &#8211; Material: Sp\u00e5nskiva, st\u00e5l &#8211; Storlek: 100 x 40 x 184 cm (L x B x H) &#8211; Storlek p\u00e5 sittytan: 96 x 37 cm (L x B)  &#8211; Vikt: 16,9 kg &#8211; Max. statisk belastningskapacitet per krok: 2 kg &#8211; Max. statisk belastningskapacitet f\u00f6r sittytan: 90 kg &#8211; Max. statisk belastningskapacitet per gallerhylla: 10 kg Leveransomfattning: &#8211; 1 x garderob &#8211; 1 x tillbeh\u00f6rsp\u00e5se &#8211; 1 x bruksanvisning (DE, EN, FR, ES, IT)<\/p>\n","protected":false},"excerpt":{"rendered":"<p>VASAGLE Stor garderob med b\u00e4nk, kl\u00e4dh\u00e4ngare med 12 kl\u00e4dkrokar och skohylla, hallhylla, kontor, sovrum, stabil st\u00e5lram, industriell design, gr\u00e5beige-svart HSR086B02<\/p>\n","protected":false},"featured_media":40535,"comment_status":"open","ping_status":"closed","template":"","meta":[],"product_brand":[],"product_cat":[33],"product_tag":[],"class_list":{"0":"post-12245","1":"product","2":"type-product","3":"status-publish","4":"has-post-thumbnail","6":"product_cat-okategoriserad","8":"first","9":"instock","10":"shipping-taxable","11":"purchasable","12":"product-type-simple"},"_links":{"self":[{"href":"https:\/\/nordicmart.andreevmaster.com\/sv\/wp-json\/wp\/v2\/product\/12245","targetHints":{"allow":["GET"]}}],"collection":[{"href":"https:\/\/nordicmart.andreevmaster.com\/sv\/wp-json\/wp\/v2\/product"}],"about":[{"href":"https:\/\/nordicmart.andreevmaster.com\/sv\/wp-json\/wp\/v2\/types\/product"}],"replies":[{"embeddable":true,"href":"https:\/\/nordicmart.andreevmaster.com\/sv\/wp-json\/wp\/v2\/comments?post=12245"}],"wp:featuredmedia":[{"embeddable":true,"href":"https:\/\/nordicmart.andreevmaster.com\/sv\/wp-json\/wp\/v2\/media\/40535"}],"wp:attachment":[{"href":"https:\/\/nordicmart.andreevmaster.com\/sv\/wp-json\/wp\/v2\/media?parent=12245"}],"wp:term":[{"taxonomy":"product_brand","embeddable":true,"href":"https:\/\/nordicmart.andreevmaster.com\/sv\/wp-json\/wp\/v2\/product_brand?post=12245"},{"taxonomy":"product_cat","embeddable":true,"href":"https:\/\/nordicmart.andreevmaster.com\/sv\/wp-json\/wp\/v2\/product_cat?post=12245"},{"taxonomy":"product_tag","embeddable":true,"href":"https:\/\/nordicmart.andreevmaster.com\/sv\/wp-json\/wp\/v2\/product_tag?post=12245"}],"curies":[{"name":"wp","href":"https:\/\/api.w.org\/{rel}","templated":true}]}}