{"id":12243,"date":"2026-02-27T00:13:20","date_gmt":"2026-02-27T00:13:20","guid":{"rendered":"https:\/\/nordicmart.andreevmaster.com\/product\/songmics-kladstallning-med-kladkrokar\/"},"modified":"2026-02-27T08:07:40","modified_gmt":"2026-02-27T08:07:40","slug":"songmics-kladstallning-med-kladkrokar","status":"publish","type":"product","link":"https:\/\/nordicmart.andreevmaster.com\/sv\/produkt\/songmics-kladstallning-med-kladkrokar\/","title":{"rendered":"SONGMICS kl\u00e4dst\u00e4llning med kl\u00e4dkrokar"},"content":{"rendered":"<p>Modern design, enkelt utseende i svart, kan placeras i vardagsrummet eller sovrummet, passar alla inredningsstilar, passar perfekt som inredningsdetalj. Helmetallram, f\u00f6rtjockat r\u00f6r, kl\u00e4dst\u00e5ngen har en maximal belastning p\u00e5 40 kg, varje krok 5 kg, dina dagliga behov kan tillgodoses p\u00e5 b\u00e4sta s\u00e4tt.Den maximala belastningskapaciteten f\u00f6r metallhyllan \u00e4r 30 kg, d\u00e4r du kan f\u00f6rvara skor eller andra saker f\u00f6r att utnyttja utrymmet under kl\u00e4dh\u00e4ngaren optimalt, s\u00e5 att inget utrymme g\u00e5r till spillo. Tack vare hjulen med broms kan du enkelt flytta kl\u00e4dh\u00e4ngaren till \u00f6nskade platser n\u00e4r du st\u00e4dar rummet. N\u00e4r du f\u00f6rvarar saker trycker du ner bromsspaken f\u00f6r att f\u00f6rhindra o\u00f6nskad glidning. Produktdetaljer: M\u00e5tt: 85,2 x 174 x 42,5 cm (B x H x D) Material: pulverlackerade j\u00e4rnr\u00f6r F\u00e4rg: svart F\u00f6rpackningsm\u00e5tt: 92 x 49 x 13,2 cm Nettovikt: 4,0 kg Bruttovikt: 5,6 kg Max. belastningskapacitet f\u00f6r st\u00e5ngen: 40 kg Max. belastningskapacitet f\u00f6r hyllan: 30 kg Max. belastningskapacitet f\u00f6r varje krok: 5 kg Leveransomfattning: 1 x kl\u00e4dst\u00e4ll 1 x bruksanvisning (DE, EN, FR, IT, ES)Anvisningar: H\u00e4ng kl\u00e4derna j\u00e4mnt p\u00e5 kl\u00e4dh\u00e4ngaren s\u00e5 att den h\u00e5ller balansen och f\u00f6rblir stabil.<\/p>\n","protected":false},"excerpt":{"rendered":"<p>SONGMICS garderobst\u00e4llning Liten kl\u00e4dst\u00e4llning Kl\u00e4dst\u00e5ng med skohylla och hjul Metall Svart 85,2 x 174 x 42,5 cm (B x H x D) HSR06B<\/p>\n","protected":false},"featured_media":40533,"comment_status":"open","ping_status":"closed","template":"","meta":[],"product_brand":[],"product_cat":[33],"product_tag":[],"class_list":{"0":"post-12243","1":"product","2":"type-product","3":"status-publish","4":"has-post-thumbnail","6":"product_cat-okategoriserad","8":"first","9":"instock","10":"shipping-taxable","11":"purchasable","12":"product-type-simple"},"_links":{"self":[{"href":"https:\/\/nordicmart.andreevmaster.com\/sv\/wp-json\/wp\/v2\/product\/12243","targetHints":{"allow":["GET"]}}],"collection":[{"href":"https:\/\/nordicmart.andreevmaster.com\/sv\/wp-json\/wp\/v2\/product"}],"about":[{"href":"https:\/\/nordicmart.andreevmaster.com\/sv\/wp-json\/wp\/v2\/types\/product"}],"replies":[{"embeddable":true,"href":"https:\/\/nordicmart.andreevmaster.com\/sv\/wp-json\/wp\/v2\/comments?post=12243"}],"wp:featuredmedia":[{"embeddable":true,"href":"https:\/\/nordicmart.andreevmaster.com\/sv\/wp-json\/wp\/v2\/media\/40533"}],"wp:attachment":[{"href":"https:\/\/nordicmart.andreevmaster.com\/sv\/wp-json\/wp\/v2\/media?parent=12243"}],"wp:term":[{"taxonomy":"product_brand","embeddable":true,"href":"https:\/\/nordicmart.andreevmaster.com\/sv\/wp-json\/wp\/v2\/product_brand?post=12243"},{"taxonomy":"product_cat","embeddable":true,"href":"https:\/\/nordicmart.andreevmaster.com\/sv\/wp-json\/wp\/v2\/product_cat?post=12243"},{"taxonomy":"product_tag","embeddable":true,"href":"https:\/\/nordicmart.andreevmaster.com\/sv\/wp-json\/wp\/v2\/product_tag?post=12243"}],"curies":[{"name":"wp","href":"https:\/\/api.w.org\/{rel}","templated":true}]}}