{"id":12242,"date":"2026-02-27T00:13:20","date_gmt":"2026-02-27T00:13:20","guid":{"rendered":"https:\/\/nordicmart.andreevmaster.com\/product\/vasagle-kladstall-pa-hjul-grabeige-svart\/"},"modified":"2026-02-27T08:07:40","modified_gmt":"2026-02-27T08:07:40","slug":"vasagle-kladstall-pa-hjul-grabeige-svart","status":"publish","type":"product","link":"https:\/\/nordicmart.andreevmaster.com\/sv\/produkt\/vasagle-kladstall-pa-hjul-grabeige-svart\/","title":{"rendered":"VASAGLE kl\u00e4dst\u00e4ll p\u00e5 hjul, gr\u00e5beige-svart"},"content":{"rendered":"<p>Kl\u00e4dst\u00e5ng och f\u00f6rvaring i ett: Denna kl\u00e4dh\u00e4ngare kombinerar en kl\u00e4dst\u00e5ng och en skof\u00f6rvaring. P\u00e5 s\u00e5 s\u00e4tt kan du f\u00f6rvara b\u00e5de kl\u00e4der och skor p\u00e5 ett och samma st\u00e4lle, vilket g\u00f6r det enkelt att komma \u00e5t dem n\u00e4r du v\u00e4ljer outfit. H\u00e4ng dina jackor eller skjortor p\u00e5 denna kl\u00e4dst\u00e5ng utan att de blir skrynkliga, s\u00e5 att du slipper l\u00e4gga och stryka dem. P\u00e5 hyllan i nedre delen f\u00e5r det plats flera l\u00e5dor d\u00e4r du kan f\u00f6rvara halsdukar, strumpor och m\u00e5nga andra accessoarer. Enkel montering: Tack vare sin enkla konstruktion och de medf\u00f6ljande verktygen kan denna kl\u00e4dh\u00e4ngare monteras p\u00e5 nolltid.En kl\u00e4dh\u00e4ngare f\u00f6r alla tillf\u00e4llen: Du kan inte bara anv\u00e4nda denna kl\u00e4dh\u00e4ngare hemma, utan ocks\u00e5 transportera den till din butik eller loppmarknad f\u00f6r att visa upp dina varor. Produktdetaljer: F\u00e4rg: Greige-svart Material: st\u00e5l, sp\u00e5nskiva Storlek: 104,5 x 40 x 160 cm (L x B x H) Vikt: 10,5 kg Max. statisk belastningskapacitet f\u00f6r kl\u00e4dst\u00e5ngen: 90 kg Max. statisk belastningskapacitet f\u00f6r hyllan: 25 kg Leveransomfattning: 1 x kl\u00e4dst\u00e4ll 1 x tillbeh\u00f6rspaket 1 x instruktioner VASAGLE Anm\u00e4rkningar:Den maximala belastningskapaciteten i texten avser den statiska maximala vikten. Flytta produkten l\u00e5ngsamt och med hj\u00e4lp av andra personer n\u00e4r den \u00e4r fullastad f\u00f6r att s\u00e4kerst\u00e4lla en l\u00e4ngre livsl\u00e4ngd. Av s\u00e4kerhetssk\u00e4l \u00e4r det f\u00f6rbjudet f\u00f6r barn att kl\u00e4ttra p\u00e5 eller leka med produkten.<\/p>\n","protected":false},"excerpt":{"rendered":"<p>VASAGLE kl\u00e4dst\u00e4llning f\u00f6r tung last, kl\u00e4dst\u00e5ng med en belastningskapacitet p\u00e5 upp till 90 kg, kl\u00e4dst\u00e4llning med hyllplan, l\u00e5sbara hjul, industriell design, vattenr\u00f6rselement, tv\u00e4ttstuga, butik, vintagebrun-svart HSR65BXV1<\/p>\n","protected":false},"featured_media":40532,"comment_status":"open","ping_status":"closed","template":"","meta":[],"product_brand":[],"product_cat":[33],"product_tag":[],"class_list":{"0":"post-12242","1":"product","2":"type-product","3":"status-publish","4":"has-post-thumbnail","6":"product_cat-okategoriserad","8":"first","9":"instock","10":"shipping-taxable","11":"purchasable","12":"product-type-simple"},"_links":{"self":[{"href":"https:\/\/nordicmart.andreevmaster.com\/sv\/wp-json\/wp\/v2\/product\/12242","targetHints":{"allow":["GET"]}}],"collection":[{"href":"https:\/\/nordicmart.andreevmaster.com\/sv\/wp-json\/wp\/v2\/product"}],"about":[{"href":"https:\/\/nordicmart.andreevmaster.com\/sv\/wp-json\/wp\/v2\/types\/product"}],"replies":[{"embeddable":true,"href":"https:\/\/nordicmart.andreevmaster.com\/sv\/wp-json\/wp\/v2\/comments?post=12242"}],"wp:featuredmedia":[{"embeddable":true,"href":"https:\/\/nordicmart.andreevmaster.com\/sv\/wp-json\/wp\/v2\/media\/40532"}],"wp:attachment":[{"href":"https:\/\/nordicmart.andreevmaster.com\/sv\/wp-json\/wp\/v2\/media?parent=12242"}],"wp:term":[{"taxonomy":"product_brand","embeddable":true,"href":"https:\/\/nordicmart.andreevmaster.com\/sv\/wp-json\/wp\/v2\/product_brand?post=12242"},{"taxonomy":"product_cat","embeddable":true,"href":"https:\/\/nordicmart.andreevmaster.com\/sv\/wp-json\/wp\/v2\/product_cat?post=12242"},{"taxonomy":"product_tag","embeddable":true,"href":"https:\/\/nordicmart.andreevmaster.com\/sv\/wp-json\/wp\/v2\/product_tag?post=12242"}],"curies":[{"name":"wp","href":"https:\/\/api.w.org\/{rel}","templated":true}]}}