{"id":12241,"date":"2026-02-27T00:13:20","date_gmt":"2026-02-27T00:13:20","guid":{"rendered":"https:\/\/nordicmart.andreevmaster.com\/product\/songmics-kladstall-pa-hjul-2-stanger-klassiskt-vitt\/"},"modified":"2026-02-27T08:07:39","modified_gmt":"2026-02-27T08:07:39","slug":"songmics-kladstall-pa-hjul-2-stanger-klassiskt-vitt","status":"publish","type":"product","link":"https:\/\/nordicmart.andreevmaster.com\/sv\/produkt\/songmics-kladstall-pa-hjul-2-stanger-klassiskt-vitt\/","title":{"rendered":"SONGMICS kl\u00e4dst\u00e4ll p\u00e5 hjul 2 st\u00e4nger klassiskt vitt"},"content":{"rendered":"<p>SONGMICS kl\u00e4dst\u00e4ll, kl\u00e4dst\u00e5ng p\u00e5 hjul, 2 st\u00e4nger, garderobsst\u00e4ll med hylla, belastningskapacitet upp till 110 kg<br \/>\nF\u00e4rg: klassiskt vit<br \/>\nMaterial: st\u00e5l<br \/>\nStorlek: 49 x 130 x 198 cm (D x B x H)<br \/>\nVikt: 7,2 kg<br \/>\nMax. statisk totalbelastning: 110 kg<\/p>\n","protected":false},"excerpt":{"rendered":"<p>SONGMICS kl\u00e4dst\u00e4ll, kl\u00e4dst\u00e5ng p\u00e5 hjul, 2 st\u00e4nger, garderobsst\u00e4ll med hylla, belastningskapacitet upp till 110 kg<\/p>\n","protected":false},"featured_media":40531,"comment_status":"open","ping_status":"closed","template":"","meta":[],"product_brand":[],"product_cat":[33],"product_tag":[],"class_list":{"0":"post-12241","1":"product","2":"type-product","3":"status-publish","4":"has-post-thumbnail","6":"product_cat-okategoriserad","8":"first","9":"instock","10":"shipping-taxable","11":"purchasable","12":"product-type-simple"},"_links":{"self":[{"href":"https:\/\/nordicmart.andreevmaster.com\/sv\/wp-json\/wp\/v2\/product\/12241","targetHints":{"allow":["GET"]}}],"collection":[{"href":"https:\/\/nordicmart.andreevmaster.com\/sv\/wp-json\/wp\/v2\/product"}],"about":[{"href":"https:\/\/nordicmart.andreevmaster.com\/sv\/wp-json\/wp\/v2\/types\/product"}],"replies":[{"embeddable":true,"href":"https:\/\/nordicmart.andreevmaster.com\/sv\/wp-json\/wp\/v2\/comments?post=12241"}],"wp:featuredmedia":[{"embeddable":true,"href":"https:\/\/nordicmart.andreevmaster.com\/sv\/wp-json\/wp\/v2\/media\/40531"}],"wp:attachment":[{"href":"https:\/\/nordicmart.andreevmaster.com\/sv\/wp-json\/wp\/v2\/media?parent=12241"}],"wp:term":[{"taxonomy":"product_brand","embeddable":true,"href":"https:\/\/nordicmart.andreevmaster.com\/sv\/wp-json\/wp\/v2\/product_brand?post=12241"},{"taxonomy":"product_cat","embeddable":true,"href":"https:\/\/nordicmart.andreevmaster.com\/sv\/wp-json\/wp\/v2\/product_cat?post=12241"},{"taxonomy":"product_tag","embeddable":true,"href":"https:\/\/nordicmart.andreevmaster.com\/sv\/wp-json\/wp\/v2\/product_tag?post=12241"}],"curies":[{"name":"wp","href":"https:\/\/api.w.org\/{rel}","templated":true}]}}