{"id":12237,"date":"2026-02-27T00:13:19","date_gmt":"2026-02-27T00:13:19","guid":{"rendered":"https:\/\/nordicmart.andreevmaster.com\/product\/songmics-kladstall-i-metall-svart\/"},"modified":"2026-02-27T08:07:39","modified_gmt":"2026-02-27T08:07:39","slug":"songmics-kladstall-i-metall-svart","status":"publish","type":"product","link":"https:\/\/nordicmart.andreevmaster.com\/sv\/produkt\/songmics-kladstall-i-metall-svart\/","title":{"rendered":"SONGMICS kl\u00e4dst\u00e4ll i metall, svart"},"content":{"rendered":"<p>L\u00e4gger du alltid dina jackor och rockar p\u00e5 stolen? Letar du alltid l\u00e4nge efter din  handv\u00e4ska eftersom du inte kommer ih\u00e5g var du h\u00e4ngde den? \u00c4r  din befintliga kl\u00e4dh\u00e4ngare alltid \u00f6verfull vid f\u00f6delsedagar och familjefester? D\u00e5  beh\u00f6ver du en Songmics kl\u00e4dh\u00e4ngare i hallen!  Denna kl\u00e4dh\u00e4ngare \u00e4r 87,5 cm bred, 155 cm h\u00f6g och 41 cm djup, tar liten plats men erbjuder samtidigt stort f\u00f6rvaringsutrymme d\u00e4r du kan f\u00f6rvara mycket. Tack vare de f\u00f6rborrade skruvh\u00e5len och den medf\u00f6ljande monteringsanvisningen, som \u00e4r l\u00e4tt att f\u00f6rst\u00e5, kan du snabbt montera ihop den.  Med Songmics kl\u00e4dh\u00e4ngare kommer du att ha gl\u00e4dje av ditt k\u00f6p i m\u00e5nga \u00e5r. Produktdetaljer: M\u00e5tt: 87,5 x 155 x 41 cm (B x H x D) Material: St\u00e5lr\u00f6r F\u00e4rg: Svart F\u00f6rpackningsm\u00e5tt: 83 x 41,5 x 6,4 cm Nettovikt: 4,1 kg Bruttovikt: 4,5 kg Max. belastningskapacitet f\u00f6r st\u00e5ngen: 20 kg Max. belastningskapacitet f\u00f6r hyllan: 25 kg vardera Leveransomfattning: 1 x kl\u00e4dst\u00e4ll 1 x monteringsanvisning (DE, EN, FR, IT, ES)<\/p>\n","protected":false},"excerpt":{"rendered":"<p>SONGMICS Metallkl\u00e4dst\u00e4llning Kl\u00e4dst\u00e5ng Garderob med skohylla 87,5 x 155 x 41 cm (B x H x D) Svart HSR05B<\/p>\n","protected":false},"featured_media":40527,"comment_status":"open","ping_status":"closed","template":"","meta":[],"product_brand":[],"product_cat":[33],"product_tag":[],"class_list":{"0":"post-12237","1":"product","2":"type-product","3":"status-publish","4":"has-post-thumbnail","6":"product_cat-okategoriserad","8":"first","9":"instock","10":"shipping-taxable","11":"purchasable","12":"product-type-simple"},"_links":{"self":[{"href":"https:\/\/nordicmart.andreevmaster.com\/sv\/wp-json\/wp\/v2\/product\/12237","targetHints":{"allow":["GET"]}}],"collection":[{"href":"https:\/\/nordicmart.andreevmaster.com\/sv\/wp-json\/wp\/v2\/product"}],"about":[{"href":"https:\/\/nordicmart.andreevmaster.com\/sv\/wp-json\/wp\/v2\/types\/product"}],"replies":[{"embeddable":true,"href":"https:\/\/nordicmart.andreevmaster.com\/sv\/wp-json\/wp\/v2\/comments?post=12237"}],"wp:featuredmedia":[{"embeddable":true,"href":"https:\/\/nordicmart.andreevmaster.com\/sv\/wp-json\/wp\/v2\/media\/40527"}],"wp:attachment":[{"href":"https:\/\/nordicmart.andreevmaster.com\/sv\/wp-json\/wp\/v2\/media?parent=12237"}],"wp:term":[{"taxonomy":"product_brand","embeddable":true,"href":"https:\/\/nordicmart.andreevmaster.com\/sv\/wp-json\/wp\/v2\/product_brand?post=12237"},{"taxonomy":"product_cat","embeddable":true,"href":"https:\/\/nordicmart.andreevmaster.com\/sv\/wp-json\/wp\/v2\/product_cat?post=12237"},{"taxonomy":"product_tag","embeddable":true,"href":"https:\/\/nordicmart.andreevmaster.com\/sv\/wp-json\/wp\/v2\/product_tag?post=12237"}],"curies":[{"name":"wp","href":"https:\/\/api.w.org\/{rel}","templated":true}]}}