{"id":12236,"date":"2026-02-27T00:13:19","date_gmt":"2026-02-27T00:13:19","guid":{"rendered":"https:\/\/nordicmart.andreevmaster.com\/product\/kladhangare-hallmobler-med-krokar-spegel-skohylla-och-hyllor-36-x-98-x-185-cm-for-hall-sovrum-och-vardagsrum-lantlig-brun-och-svart\/"},"modified":"2026-02-27T08:07:39","modified_gmt":"2026-02-27T08:07:39","slug":"kladhangare-hallmobler-med-krokar-spegel-skohylla-och-hyllor-36-x-98-x-185-cm-for-hall-sovrum-och-vardagsrum-lantlig-brun-och-svart","status":"publish","type":"product","link":"https:\/\/nordicmart.andreevmaster.com\/sv\/produkt\/kladhangare-hallmobler-med-krokar-spegel-skohylla-och-hyllor-36-x-98-x-185-cm-for-hall-sovrum-och-vardagsrum-lantlig-brun-och-svart\/","title":{"rendered":"Kl\u00e4dh\u00e4ngare, hallm\u00f6bler med krokar, spegel, skohylla och hyllor, 36 x 98 x 185 cm, f\u00f6r hall, sovrum och vardagsrum, lantlig brun och svart"},"content":{"rendered":"<p>[4-i-1-kl\u00e4dh\u00e4ngare] Denna hallm\u00f6bel kombinerar krokar, b\u00e4nk, skohylla och spegel. En enda m\u00f6bel tillgodoser dina behov av att h\u00e4nga upp kl\u00e4der, s\u00e4tta dig ner f\u00f6r att ta p\u00e5 dig skorna och spegla dig, s\u00e5 att du f\u00e5r ut det mesta av din hall.[Plats f\u00f6r st\u00f6vlar] Den stora skohyllan \u00e4r inte bara perfekt f\u00f6r st\u00f6vlar, utan ocks\u00e5 f\u00f6r f\u00f6rvaring av korgar eller andra st\u00f6rre f\u00f6rem\u00e5l.[9 avtagbara krokar] Denna kl\u00e4dh\u00e4ngare har 9 l\u00e4tt flyttbara krokar s\u00e5 att h\u00e4ngande f\u00f6rem\u00e5l inte \u00e4r i v\u00e4gen och \u00e4r l\u00e4ttillg\u00e4ngliga.[Stabil och s\u00e4ker] Tack vare st\u00e5lramen och sp\u00e5nskivorna \u00e4r denna hallm\u00f6bel stabil och t\u00e5l en vikt p\u00e5 upp till 100 kg p\u00e5 b\u00e4nken. 4 justerbara ben och ett lutningsskydd som tillval \u00f6kar stabiliteten.[Vad finns i f\u00f6rpackningen] En m\u00e5ngsidig hallm\u00f6bel med en lantlig blandning av brunt och svart som ger hallen karakt\u00e4r. Den \u00e4r ocks\u00e5 l\u00e4tt att montera tack vare tydliga instruktioner och numrerade delar. Tekniska uppgifter: F\u00e4rg: 1: F\u00e4rg: Rustikt brunt, svart<br \/>\nMaterial: Brunt, brunt, brunt, brunt, brunt, brunt, brunt: Material: Sp\u00e5nskiva, st\u00e5l<br \/>\nM\u00e5tt: 36 x 98 x 185 cm (djup x bredd x h\u00f6jd).Produktens vikt: 16,7 kg<br \/>\nVarje kroks maximala statiska belastningskapacitet: 3 kg.<br \/>\nVarje n\u00e4thyllas maximala statiska b\u00e4rf\u00f6rm\u00e5ga: 15 kg<br \/>\nB\u00e4nkens maximala statiska b\u00e4rf\u00f6rm\u00e5ga: 100 kg.<\/p>\n<p>F\u00f6rpackningens inneh\u00e5ll<\/p>\n<p>1 x kl\u00e4dst\u00e4llning<br \/>\n1 x tillbeh\u00f6rssats<br \/>\n1 x f\u00e4stdon<br \/>\n1 x bruksanvisning<\/p>\n","protected":false},"excerpt":{"rendered":"<p>[4-i-1-kl\u00e4dh\u00e4ngare] Denna hallm\u00f6bel kombinerar krokar, b\u00e4nk, skohylla och spegel. En enda m\u00f6bel tillgodoser dina behov av att h\u00e4nga upp kl\u00e4der, s\u00e4tta dig ner f\u00f6r att ta p\u00e5 dig skorna och spegla dig, s\u00e5 att du f\u00e5r ut det mesta av din hall.[Plats f\u00f6r st\u00f6vlar] Den stora skohyllan \u00e4r inte bara perfekt f\u00f6r st\u00f6vlar, utan ocks\u00e5 [&hellip;]<\/p>\n","protected":false},"featured_media":0,"comment_status":"open","ping_status":"closed","template":"","meta":[],"product_brand":[],"product_cat":[33],"product_tag":[],"class_list":{"0":"post-12236","1":"product","2":"type-product","3":"status-publish","5":"product_cat-okategoriserad","7":"first","8":"instock","9":"shipping-taxable","10":"product-type-simple"},"_links":{"self":[{"href":"https:\/\/nordicmart.andreevmaster.com\/sv\/wp-json\/wp\/v2\/product\/12236","targetHints":{"allow":["GET"]}}],"collection":[{"href":"https:\/\/nordicmart.andreevmaster.com\/sv\/wp-json\/wp\/v2\/product"}],"about":[{"href":"https:\/\/nordicmart.andreevmaster.com\/sv\/wp-json\/wp\/v2\/types\/product"}],"replies":[{"embeddable":true,"href":"https:\/\/nordicmart.andreevmaster.com\/sv\/wp-json\/wp\/v2\/comments?post=12236"}],"wp:attachment":[{"href":"https:\/\/nordicmart.andreevmaster.com\/sv\/wp-json\/wp\/v2\/media?parent=12236"}],"wp:term":[{"taxonomy":"product_brand","embeddable":true,"href":"https:\/\/nordicmart.andreevmaster.com\/sv\/wp-json\/wp\/v2\/product_brand?post=12236"},{"taxonomy":"product_cat","embeddable":true,"href":"https:\/\/nordicmart.andreevmaster.com\/sv\/wp-json\/wp\/v2\/product_cat?post=12236"},{"taxonomy":"product_tag","embeddable":true,"href":"https:\/\/nordicmart.andreevmaster.com\/sv\/wp-json\/wp\/v2\/product_tag?post=12236"}],"curies":[{"name":"wp","href":"https:\/\/api.w.org\/{rel}","templated":true}]}}