{"id":12235,"date":"2026-02-27T00:13:19","date_gmt":"2026-02-27T00:13:19","guid":{"rendered":"https:\/\/nordicmart.andreevmaster.com\/product\/songmics-garderobstallning-i-metall-vit\/"},"modified":"2026-02-27T08:07:39","modified_gmt":"2026-02-27T08:07:39","slug":"songmics-garderobstallning-i-metall-vit","status":"publish","type":"product","link":"https:\/\/nordicmart.andreevmaster.com\/sv\/produkt\/songmics-garderobstallning-i-metall-vit\/","title":{"rendered":"SONGMICS garderobst\u00e4llning i metall, vit"},"content":{"rendered":"<p>Letar du efter en smal garderob som ocks\u00e5 erbjuder f\u00f6rvaringsutrymme? Denna garderob fr\u00e5n Songmics \u00e4r perfekt f\u00f6r dig. Den ser inte f\u00f6r massiv ut och de nedre gallren kan ocks\u00e5 h\u00e5lla mer \u00e4n bara skor. Tr\u00e4kulorna \u00e4r fastsatta i krokarna och faller inte av. Tack vare pulverlackeringen \u00e4r ytan sl\u00e4t och rostbest\u00e4ndig, och kl\u00e4dh\u00e4ngaren kan enkelt reng\u00f6ras med en trasa. Kl\u00e4dh\u00e4ngarens mekaniska s\u00e4kerhet har godk\u00e4nts av T\u00dcV Rheinland enligt EN 14749:2016. Testrapport nr: 50085837\/SHF\/02-01. Songmics garderob garanterar optimal anv\u00e4ndning. Produktdetaljer: &#8211; M\u00e5tt: 68,8 x 187 x 35,2 cm (B x H x D) &#8211; Material: pulverlackerat j\u00e4rnr\u00f6r &#8211; Diameter p\u00e5 ramr\u00f6ren: 32 mm &#8211; Belastningskapacitet f\u00f6r varje krok: 5 kg &#8211; Belastningskapacitet f\u00f6r varje underlag: 40 kg &#8211; F\u00f6rpackningsm\u00e5tt: 69 x 44 x 18,5 cm &#8211; Nettovikt: 7,2 kg &#8211; Bruttovikt: 8,52 kg Leveransomfattning: &#8211; 1 x garderob &#8211; 1 x bruksanvisning (DE, EN, FR, IT, ES) &#8211; 1 x beslagsp\u00e5se inkl. inbussats Anm\u00e4rkningar:  &#8211; Tippskyddet medf\u00f6ljer, s\u00e5 att du kan f\u00e4sta kl\u00e4dst\u00e4llningen p\u00e5 v\u00e4ggen efter behov.<\/p>\n","protected":false},"excerpt":{"rendered":"<p>SONGMICS Garderob, kl\u00e4dst\u00e4llning med 3 skohyllor, garderob med 18 krokar, metall, 68,8 x 35,2 x 187 cm, svart HSR04B<\/p>\n","protected":false},"featured_media":40526,"comment_status":"open","ping_status":"closed","template":"","meta":[],"product_brand":[],"product_cat":[33],"product_tag":[],"class_list":{"0":"post-12235","1":"product","2":"type-product","3":"status-publish","4":"has-post-thumbnail","6":"product_cat-okategoriserad","8":"first","9":"instock","10":"shipping-taxable","11":"purchasable","12":"product-type-simple"},"_links":{"self":[{"href":"https:\/\/nordicmart.andreevmaster.com\/sv\/wp-json\/wp\/v2\/product\/12235","targetHints":{"allow":["GET"]}}],"collection":[{"href":"https:\/\/nordicmart.andreevmaster.com\/sv\/wp-json\/wp\/v2\/product"}],"about":[{"href":"https:\/\/nordicmart.andreevmaster.com\/sv\/wp-json\/wp\/v2\/types\/product"}],"replies":[{"embeddable":true,"href":"https:\/\/nordicmart.andreevmaster.com\/sv\/wp-json\/wp\/v2\/comments?post=12235"}],"wp:featuredmedia":[{"embeddable":true,"href":"https:\/\/nordicmart.andreevmaster.com\/sv\/wp-json\/wp\/v2\/media\/40526"}],"wp:attachment":[{"href":"https:\/\/nordicmart.andreevmaster.com\/sv\/wp-json\/wp\/v2\/media?parent=12235"}],"wp:term":[{"taxonomy":"product_brand","embeddable":true,"href":"https:\/\/nordicmart.andreevmaster.com\/sv\/wp-json\/wp\/v2\/product_brand?post=12235"},{"taxonomy":"product_cat","embeddable":true,"href":"https:\/\/nordicmart.andreevmaster.com\/sv\/wp-json\/wp\/v2\/product_cat?post=12235"},{"taxonomy":"product_tag","embeddable":true,"href":"https:\/\/nordicmart.andreevmaster.com\/sv\/wp-json\/wp\/v2\/product_tag?post=12235"}],"curies":[{"name":"wp","href":"https:\/\/api.w.org\/{rel}","templated":true}]}}