{"id":12234,"date":"2026-02-27T00:13:18","date_gmt":"2026-02-27T00:13:18","guid":{"rendered":"https:\/\/nordicmart.andreevmaster.com\/product\/songmics-garderobsstall-i-metall-svart\/"},"modified":"2026-02-27T08:07:39","modified_gmt":"2026-02-27T08:07:39","slug":"songmics-garderobsstall-i-metall-svart","status":"publish","type":"product","link":"https:\/\/nordicmart.andreevmaster.com\/sv\/produkt\/songmics-garderobsstall-i-metall-svart\/","title":{"rendered":"SONGMICS garderobsst\u00e4ll i metall, svart"},"content":{"rendered":"<p>Produktdetaljer: F\u00e4rg: Svart Material: Pulverlackerat j\u00e4rn Storlek: 68,8 x 35,2 x 187 cm (L x B x H) Vikt: 8,52 kg Diameter p\u00e5 ramr\u00f6ren: 32 mm Belastningskapacitet per krok: 5 kg Belastningskapacitet per hylla: 40 kg Leveransomfattning: 1 x kl\u00e4dst\u00e4ll 1 x tillbeh\u00f6rspaket 1 x monteringsanvisning (DE, EN, FR, IT, ES) Anm\u00e4rkningar: &#8211; F\u00e4st denna produkt p\u00e5 v\u00e4ggen med den medf\u00f6ljande tippskyddsanordningen.<\/p>\n","protected":false},"excerpt":{"rendered":"<p>SONGMICS Garderob, kl\u00e4dst\u00e4llning med 3 skohyllor, garderob med 18 krokar, metall, 68,8 x 35,2 x 187 cm, svart HSR04B<\/p>\n","protected":false},"featured_media":40525,"comment_status":"open","ping_status":"closed","template":"","meta":[],"product_brand":[],"product_cat":[33],"product_tag":[],"class_list":{"0":"post-12234","1":"product","2":"type-product","3":"status-publish","4":"has-post-thumbnail","6":"product_cat-okategoriserad","8":"first","9":"instock","10":"shipping-taxable","11":"purchasable","12":"product-type-simple"},"_links":{"self":[{"href":"https:\/\/nordicmart.andreevmaster.com\/sv\/wp-json\/wp\/v2\/product\/12234","targetHints":{"allow":["GET"]}}],"collection":[{"href":"https:\/\/nordicmart.andreevmaster.com\/sv\/wp-json\/wp\/v2\/product"}],"about":[{"href":"https:\/\/nordicmart.andreevmaster.com\/sv\/wp-json\/wp\/v2\/types\/product"}],"replies":[{"embeddable":true,"href":"https:\/\/nordicmart.andreevmaster.com\/sv\/wp-json\/wp\/v2\/comments?post=12234"}],"wp:featuredmedia":[{"embeddable":true,"href":"https:\/\/nordicmart.andreevmaster.com\/sv\/wp-json\/wp\/v2\/media\/40525"}],"wp:attachment":[{"href":"https:\/\/nordicmart.andreevmaster.com\/sv\/wp-json\/wp\/v2\/media?parent=12234"}],"wp:term":[{"taxonomy":"product_brand","embeddable":true,"href":"https:\/\/nordicmart.andreevmaster.com\/sv\/wp-json\/wp\/v2\/product_brand?post=12234"},{"taxonomy":"product_cat","embeddable":true,"href":"https:\/\/nordicmart.andreevmaster.com\/sv\/wp-json\/wp\/v2\/product_cat?post=12234"},{"taxonomy":"product_tag","embeddable":true,"href":"https:\/\/nordicmart.andreevmaster.com\/sv\/wp-json\/wp\/v2\/product_tag?post=12234"}],"curies":[{"name":"wp","href":"https:\/\/api.w.org\/{rel}","templated":true}]}}