{"id":12233,"date":"2026-02-27T00:13:18","date_gmt":"2026-02-27T00:13:18","guid":{"rendered":"https:\/\/nordicmart.andreevmaster.com\/product\/kladhangare-stor-hallmobel-med-bank-och-skoforvaring-9-krokar-skohylla-hangare-415-x-100-x-182-cm-for-hall-vardagsrum-sovrum-ek-och-vit-farg\/"},"modified":"2026-02-27T08:07:38","modified_gmt":"2026-02-27T08:07:38","slug":"kladhangare-stor-hallmobel-med-bank-och-skoforvaring-9-krokar-skohylla-hangare-415-x-100-x-182-cm-for-hall-vardagsrum-sovrum-ek-och-vit-farg","status":"publish","type":"product","link":"https:\/\/nordicmart.andreevmaster.com\/sv\/produkt\/kladhangare-stor-hallmobel-med-bank-och-skoforvaring-9-krokar-skohylla-hangare-415-x-100-x-182-cm-for-hall-vardagsrum-sovrum-ek-och-vit-farg\/","title":{"rendered":"Kl\u00e4dh\u00e4ngare, stor hallm\u00f6bel med b\u00e4nk och skof\u00f6rvaring, 9 krokar, skohylla, h\u00e4ngare, 41,5 x 100 x 182 cm, f\u00f6r hall, vardagsrum, sovrum, ek och vit f\u00e4rg."},"content":{"rendered":"<p>[Stil m\u00f6ter organisation] Denna kl\u00e4dh\u00e4ngare med f\u00f6rvaringsutrymme f\u00f6r skor kombinerar rena linjer med industriell stil och en modern f\u00e4rgpalett i ek och vitt, vilket ger ditt hem en unik charm och h\u00e5ller ordning i hallen.[4 i 1 f\u00f6r olika behov] N\u00e4r du kommer hem efter en l\u00e5ng dag kan du h\u00e4nga upp din jacka, hatt eller halsduk p\u00e5 n\u00e5gon av de 4 dubbla krokarna eller 5 trippelkrokarna, s\u00e4tta dig p\u00e5 den 100 cm l\u00e5nga b\u00e4nken f\u00f6r att ta av dig skorna och l\u00e4gga dem p\u00e5 de 2 st\u00e5lhyllorna.[Praktisk h\u00e4ngare] H\u00e4ngaren ovanf\u00f6r fungerar som en liten garderob. Du kan h\u00e4nga upp kl\u00e4der f\u00f6r att h\u00e5lla dem skrynkelfria och l\u00e4ttillg\u00e4ngliga.[Stabil och s\u00e4ker] Tillverkad av tunga st\u00e5lr\u00f6r och h\u00f6gkvalitativ sp\u00e5nskiva, t\u00e5l denna hallm\u00f6bel upp till 100 kg p\u00e5 skohyllan, 15 kg p\u00e5 h\u00e4ngaren, 3 kg p\u00e5 varje krok och 20 kg p\u00e5 varje metallhylla.[L\u00e4tt att montera] Med hj\u00e4lp av m\u00e4rkta delar och tydliga instruktioner kan du enkelt montera denna 41,5 x 100 x 182 cm stora kl\u00e4dh\u00e4ngare f\u00f6r att st\u00e4da upp i hallen, vardagsrummet eller sovrummet (f\u00e4st den p\u00e5 v\u00e4ggen med den medf\u00f6ljande lutningsskyddssatsen).Tekniska uppgifter: F\u00e4rg: 1: Ek, vit Material: Ek: Material: Sp\u00e5nskiva, st\u00e5l Produktens storlek: 41,5 x 100 x 182 cm (B x L x H).Produktens vikt: 16,5 kg Max. Statisk belastningskapacitet f\u00f6r upph\u00e4ngningsskenan: 15 kg Max. Statisk belastningskapacitet f\u00f6r varje krok: 3 kg Max. Statisk belastningskapacitet f\u00f6r varje n\u00e4thylla: 20 kg.<br \/>\nMax. statisk belastningskapacitet f\u00f6r b\u00e4nken: 100 kg.<br \/>\nF\u00f6rpackningens inneh\u00e5ll:<\/p>\n<p>1 x kl\u00e4dst\u00e4llning<br \/>\n1 x tippskyddssats<br \/>\n1 x tillbeh\u00f6rssats<br \/>\n1 x instruktioner<\/p>\n","protected":false},"excerpt":{"rendered":"<p>[Stil m\u00f6ter organisation] Denna kl\u00e4dh\u00e4ngare med f\u00f6rvaringsutrymme f\u00f6r skor kombinerar rena linjer med industriell stil och en modern f\u00e4rgpalett i ek och vitt, vilket ger ditt hem en unik charm och h\u00e5ller ordning i hallen.[4 i 1 f\u00f6r olika behov] N\u00e4r du kommer hem efter en l\u00e5ng dag kan du h\u00e4nga upp din jacka, hatt [&hellip;]<\/p>\n","protected":false},"featured_media":0,"comment_status":"open","ping_status":"closed","template":"","meta":[],"product_brand":[],"product_cat":[33],"product_tag":[],"class_list":{"0":"post-12233","1":"product","2":"type-product","3":"status-publish","5":"product_cat-okategoriserad","7":"first","8":"instock","9":"shipping-taxable","10":"product-type-simple"},"_links":{"self":[{"href":"https:\/\/nordicmart.andreevmaster.com\/sv\/wp-json\/wp\/v2\/product\/12233","targetHints":{"allow":["GET"]}}],"collection":[{"href":"https:\/\/nordicmart.andreevmaster.com\/sv\/wp-json\/wp\/v2\/product"}],"about":[{"href":"https:\/\/nordicmart.andreevmaster.com\/sv\/wp-json\/wp\/v2\/types\/product"}],"replies":[{"embeddable":true,"href":"https:\/\/nordicmart.andreevmaster.com\/sv\/wp-json\/wp\/v2\/comments?post=12233"}],"wp:attachment":[{"href":"https:\/\/nordicmart.andreevmaster.com\/sv\/wp-json\/wp\/v2\/media?parent=12233"}],"wp:term":[{"taxonomy":"product_brand","embeddable":true,"href":"https:\/\/nordicmart.andreevmaster.com\/sv\/wp-json\/wp\/v2\/product_brand?post=12233"},{"taxonomy":"product_cat","embeddable":true,"href":"https:\/\/nordicmart.andreevmaster.com\/sv\/wp-json\/wp\/v2\/product_cat?post=12233"},{"taxonomy":"product_tag","embeddable":true,"href":"https:\/\/nordicmart.andreevmaster.com\/sv\/wp-json\/wp\/v2\/product_tag?post=12233"}],"curies":[{"name":"wp","href":"https:\/\/api.w.org\/{rel}","templated":true}]}}