{"id":12231,"date":"2026-02-27T00:13:18","date_gmt":"2026-02-27T00:13:18","guid":{"rendered":"https:\/\/nordicmart.andreevmaster.com\/product\/vasagle-kladhangare-9-krokar-metall-tra-svart-brun\/"},"modified":"2026-02-27T08:07:38","modified_gmt":"2026-02-27T08:07:38","slug":"vasagle-kladhangare-9-krokar-metall-tra-svart-brun","status":"publish","type":"product","link":"https:\/\/nordicmart.andreevmaster.com\/sv\/produkt\/vasagle-kladhangare-9-krokar-metall-tra-svart-brun\/","title":{"rendered":"Vasagle kl\u00e4dh\u00e4ngare, 9 krokar, metall\/tr\u00e4, svart\/brun"},"content":{"rendered":"<p>[3-i-1-jacka-st\u00e4ll] Jackkrokar, skob\u00e4nk och skost\u00e4ll \u2013 denna multifunktionella f\u00f6rvaringsenhet f\u00f6r hallen passar alla dina behov n\u00e4r det g\u00e4ller att h\u00e4nga upp kl\u00e4der, ordna skor och ta p\u00e5 eller av skor.[9 stabila krokar] 9 rostfria metallkrokar i tv\u00e5 rader, var och en med en b\u00e4rkraft p\u00e5 upp till 3 kg, \u00e4r stabila och h\u00e5llbara och erbjuder gott om h\u00e4ngutrymme f\u00f6r dina jackor, v\u00e4skor, hattar, halsdukar och andra medf\u00f6rda f\u00f6rem\u00e5l \u2013 perfekt f\u00f6r l\u00e5ngvarig anv\u00e4ndning.[Stabil och s\u00e4ker] Med en stabil st\u00e5lram och 4 justerbara ben ger denna hallh\u00e4ngare dina saker ett stabilt st\u00f6d; den medf\u00f6ljande lutningsskyddssatsen f\u00f6rb\u00e4ttrar den allm\u00e4nna stabiliteten.[Sko- och hyllb\u00e4nk] Du kan sitta bekv\u00e4mt p\u00e5 b\u00e4nken p\u00e5 denna kl\u00e4dh\u00e4ngare tack vare dess b\u00e4rf\u00f6rm\u00e5ga p\u00e5 90 kg. Du kan ocks\u00e5 anv\u00e4nda den som f\u00f6rvaringshylla f\u00f6r att organisera skokartonger och f\u00f6rvaringsl\u00e5dor eller f\u00f6r att visa upp v\u00e4xter och dekorationer.[L\u00e4tt att montera] Tack vare den enkla konstruktionen, numrerade delar och tydliga instruktioner kan du enkelt montera denna kl\u00e4dh\u00e4ngare med skof\u00f6rvaring. [Observera] F\u00f6r s\u00e4kerhets skull, se till att du f\u00e4ster produkten i v\u00e4ggen med den medf\u00f6ljande lutningsbegr\u00e4nsaren. <\/p>\n<p>Egenskaper: F\u00e4rg: Material: metall, tr\u00e4 Egenskaper: hyllor, skost\u00e4ll, b\u00e4nk.<\/p>\n","protected":false},"excerpt":{"rendered":"<p>[3-i-1-jacka-st\u00e4ll] Jackkrokar, skob\u00e4nk och skost\u00e4ll \u2013 denna multifunktionella f\u00f6rvaringsenhet f\u00f6r hallen passar alla dina behov n\u00e4r det g\u00e4ller att h\u00e4nga upp kl\u00e4der, ordna skor och ta p\u00e5 eller av skor.[9 stabila krokar] 9 rostfria metallkrokar i tv\u00e5 rader, var och en med en b\u00e4rkraft p\u00e5 upp till 3 kg, \u00e4r stabila och h\u00e5llbara och erbjuder [&hellip;]<\/p>\n","protected":false},"featured_media":0,"comment_status":"open","ping_status":"closed","template":"","meta":[],"product_brand":[],"product_cat":[33],"product_tag":[],"class_list":{"0":"post-12231","1":"product","2":"type-product","3":"status-publish","5":"product_cat-okategoriserad","7":"first","8":"instock","9":"shipping-taxable","10":"product-type-simple"},"_links":{"self":[{"href":"https:\/\/nordicmart.andreevmaster.com\/sv\/wp-json\/wp\/v2\/product\/12231","targetHints":{"allow":["GET"]}}],"collection":[{"href":"https:\/\/nordicmart.andreevmaster.com\/sv\/wp-json\/wp\/v2\/product"}],"about":[{"href":"https:\/\/nordicmart.andreevmaster.com\/sv\/wp-json\/wp\/v2\/types\/product"}],"replies":[{"embeddable":true,"href":"https:\/\/nordicmart.andreevmaster.com\/sv\/wp-json\/wp\/v2\/comments?post=12231"}],"wp:attachment":[{"href":"https:\/\/nordicmart.andreevmaster.com\/sv\/wp-json\/wp\/v2\/media?parent=12231"}],"wp:term":[{"taxonomy":"product_brand","embeddable":true,"href":"https:\/\/nordicmart.andreevmaster.com\/sv\/wp-json\/wp\/v2\/product_brand?post=12231"},{"taxonomy":"product_cat","embeddable":true,"href":"https:\/\/nordicmart.andreevmaster.com\/sv\/wp-json\/wp\/v2\/product_cat?post=12231"},{"taxonomy":"product_tag","embeddable":true,"href":"https:\/\/nordicmart.andreevmaster.com\/sv\/wp-json\/wp\/v2\/product_tag?post=12231"}],"curies":[{"name":"wp","href":"https:\/\/api.w.org\/{rel}","templated":true}]}}