{"id":12230,"date":"2026-02-27T00:13:17","date_gmt":"2026-02-27T00:13:17","guid":{"rendered":"https:\/\/nordicmart.andreevmaster.com\/product\/skorstall-skorstall-med-sittplats-i-hallen-med-krokar-3-hyllor-metall-hojd-177-cm-industriell-design-notbrun-svart\/"},"modified":"2026-02-27T08:07:38","modified_gmt":"2026-02-27T08:07:38","slug":"skorstall-skorstall-med-sittplats-i-hallen-med-krokar-3-hyllor-metall-hojd-177-cm-industriell-design-notbrun-svart","status":"publish","type":"product","link":"https:\/\/nordicmart.andreevmaster.com\/sv\/produkt\/skorstall-skorstall-med-sittplats-i-hallen-med-krokar-3-hyllor-metall-hojd-177-cm-industriell-design-notbrun-svart\/","title":{"rendered":"Skorst\u00e4ll, skorst\u00e4ll med sittplats i hallen, med krokar, 3 hyllor, metall, h\u00f6jd 177 cm, industriell design, n\u00f6tbrun\/svart"},"content":{"rendered":"<p>[TERVETULOA KOTIIN] Denna eleganta kl\u00e4dh\u00e4ngare hj\u00e4lper dig att h\u00e5lla din entr\u00e9 snygg och ger samtidigt hallen en unik atmosf\u00e4r s\u00e5 att dina g\u00e4ster k\u00e4nner sig v\u00e4lkomna och hemma.Allt du beh\u00f6ver: arbeta hela dagen, kom hem, h\u00e4ng bara din jacka, hatt och halsduk p\u00e5 9 krokar, sitt sedan bekv\u00e4mt p\u00e5 b\u00e4nken, ta av dig skorna och st\u00e4ll dem p\u00e5 2 n\u00e4t hyllor.[Stabil och s\u00e4ker] Med 4 justerbara ben kan garderoben st\u00e5 perfekt p\u00e5 mattan eller oj\u00e4mnt golv; medf\u00f6ljer lutningsskydd<\/p>\n<p>[Solid konstruktion] Stabila metallr\u00f6r med matt yta och vintage-sp\u00e5nskiva g\u00f6r skob\u00e4nken stark och stabil f\u00f6r vuxna; s\u00e4tet t\u00e5l upp till 100 kg och kan anv\u00e4ndas i m\u00e5nga \u00e5r.[Vad du f\u00e5r] En multifunktionell kl\u00e4dh\u00e4ngare som kombinerar kl\u00e4dh\u00e4ngare, skohylla och b\u00e4nk samt illustrerade instruktioner och monteringsverktyg. Psst, denna m\u00f6bel ing\u00e5r i v\u00e5r eleganta DAINTREE-kollektion! Produktinformation: F\u00e4rg: N\u00f6tbrun-svart Material: N\u00f6tbrunt tr\u00e4, svart: Material: Tr\u00e4sp\u00e5nsskiva, st\u00e5l Storlek: 70 x 32 x 175 cm (L x B x H). Sittdelens storlek: 70 x 30 cm (L x B). Vikt: 7,8 kg. Max. Statisk belastningskapacitet per krok: 3 kg. Max. Statisk belastningskapacitet f\u00f6r sitsen: 80 kg. F\u00f6rpackningens inneh\u00e5ll: 1 x kl\u00e4dh\u00e4ngare, 1 x tillbeh\u00f6rspaket, 1 x lutningsskydd, 1 x bruksanvisning (engelska spr\u00e5ket garanteras inte).<\/p>\n","protected":false},"excerpt":{"rendered":"<p>[TERVETULOA KOTIIN] Denna eleganta kl\u00e4dh\u00e4ngare hj\u00e4lper dig att h\u00e5lla din entr\u00e9 snygg och ger samtidigt hallen en unik atmosf\u00e4r s\u00e5 att dina g\u00e4ster k\u00e4nner sig v\u00e4lkomna och hemma.Allt du beh\u00f6ver: arbeta hela dagen, kom hem, h\u00e4ng bara din jacka, hatt och halsduk p\u00e5 9 krokar, sitt sedan bekv\u00e4mt p\u00e5 b\u00e4nken, ta av dig skorna och [&hellip;]<\/p>\n","protected":false},"featured_media":0,"comment_status":"open","ping_status":"closed","template":"","meta":[],"product_brand":[],"product_cat":[33],"product_tag":[],"class_list":{"0":"post-12230","1":"product","2":"type-product","3":"status-publish","5":"product_cat-okategoriserad","7":"first","8":"instock","9":"shipping-taxable","10":"product-type-simple"},"_links":{"self":[{"href":"https:\/\/nordicmart.andreevmaster.com\/sv\/wp-json\/wp\/v2\/product\/12230","targetHints":{"allow":["GET"]}}],"collection":[{"href":"https:\/\/nordicmart.andreevmaster.com\/sv\/wp-json\/wp\/v2\/product"}],"about":[{"href":"https:\/\/nordicmart.andreevmaster.com\/sv\/wp-json\/wp\/v2\/types\/product"}],"replies":[{"embeddable":true,"href":"https:\/\/nordicmart.andreevmaster.com\/sv\/wp-json\/wp\/v2\/comments?post=12230"}],"wp:attachment":[{"href":"https:\/\/nordicmart.andreevmaster.com\/sv\/wp-json\/wp\/v2\/media?parent=12230"}],"wp:term":[{"taxonomy":"product_brand","embeddable":true,"href":"https:\/\/nordicmart.andreevmaster.com\/sv\/wp-json\/wp\/v2\/product_brand?post=12230"},{"taxonomy":"product_cat","embeddable":true,"href":"https:\/\/nordicmart.andreevmaster.com\/sv\/wp-json\/wp\/v2\/product_cat?post=12230"},{"taxonomy":"product_tag","embeddable":true,"href":"https:\/\/nordicmart.andreevmaster.com\/sv\/wp-json\/wp\/v2\/product_tag?post=12230"}],"curies":[{"name":"wp","href":"https:\/\/api.w.org\/{rel}","templated":true}]}}