{"id":12225,"date":"2026-02-27T00:13:16","date_gmt":"2026-02-27T00:13:16","guid":{"rendered":"https:\/\/nordicmart.andreevmaster.com\/product\/songmics-kladhangare-med-skohylla\/"},"modified":"2026-02-27T08:07:37","modified_gmt":"2026-02-27T08:07:37","slug":"songmics-kladhangare-med-skohylla","status":"publish","type":"product","link":"https:\/\/nordicmart.andreevmaster.com\/sv\/produkt\/songmics-kladhangare-med-skohylla\/","title":{"rendered":"SONGMICS kl\u00e4dh\u00e4ngare med skohylla"},"content":{"rendered":"<p>De \u00f6vre st\u00e4ngerna kan dras ut flexibelt (varje sida: 0-20 cm), den sl\u00e4ta metallytan underl\u00e4ttar utdragningen. Den nedre hyllan av metalltr\u00e5d \u00e4r perfekt f\u00f6r f\u00f6rvaring av skor, resv\u00e4skor eller f\u00f6rvaringskorgar etc. Tack vare den noggrant sammanfogade metalltr\u00e5den kan inte bara stora f\u00f6rem\u00e5l utan \u00e4ven mindre saker som barnskor f\u00f6rvaras snyggt p\u00e5 den.Med 4 industrihjul, n\u00e4mligen tunglastshjul, kan du enkelt man\u00f6vrera kl\u00e4dst\u00e4llningen i alla \u00f6nskade riktningar; 2 hjul med bromsar g\u00f6r att kl\u00e4dst\u00e4llningen kan l\u00e5sas p\u00e5 valfri plats efter behov och f\u00f6rhindrar o\u00f6nskad glidning. Hjulen \u00e4r tillverkade av h\u00f6gkvalitativt material och \u00e4r alla luktfria. Anm\u00e4rkningar: Det finns l\u00e4ttare repor p\u00e5 svetsst\u00e4llena, som uppst\u00e5r vid slipning av svetsfogarna. Det \u00e4r inga defekter, s\u00e5 var inte orolig. Om industrihjulen luktar \u201dnytt\u201d n\u00e4r du packar upp dem, f\u00f6rsvinner denna lukt efter en kort tid p\u00e5 en v\u00e4l ventilerad plats.Det idealiska utdragningsavst\u00e5ndet f\u00f6r den \u00f6vre tv\u00e4rst\u00e5ngen \u00e4r 0\u201320 cm. Produktdetaljer: M\u00e5tt: (110,5\u2013150,5) x 160 x 48,5 cm (B x H x D) H\u00f6jd rullar: 9,5 cm Material: f\u00f6rkromade j\u00e4rnr\u00f6r F\u00f6rpackningsm\u00e5tt: 111 x 41 x 6,3 cm (B x H x D) Nettovikt: 4,7 kg Bruttovikt: 5,7 kg Leveransomfattning: 1 x kl\u00e4dst\u00e4ll 1 x instruktioner<\/p>\n","protected":false},"excerpt":{"rendered":"<p>SONGMICS kl\u00e4dst\u00e4ll i metall, tung last, med skohylla, p\u00e5 hjul, belastningskapacitet upp till 50 kg, l\u00e4ngd 110,5\u2013150,5 cm, f\u00f6rkromad HSR02S<\/p>\n","protected":false},"featured_media":40519,"comment_status":"open","ping_status":"closed","template":"","meta":[],"product_brand":[],"product_cat":[33],"product_tag":[],"class_list":{"0":"post-12225","1":"product","2":"type-product","3":"status-publish","4":"has-post-thumbnail","6":"product_cat-okategoriserad","8":"first","9":"instock","10":"shipping-taxable","11":"purchasable","12":"product-type-simple"},"_links":{"self":[{"href":"https:\/\/nordicmart.andreevmaster.com\/sv\/wp-json\/wp\/v2\/product\/12225","targetHints":{"allow":["GET"]}}],"collection":[{"href":"https:\/\/nordicmart.andreevmaster.com\/sv\/wp-json\/wp\/v2\/product"}],"about":[{"href":"https:\/\/nordicmart.andreevmaster.com\/sv\/wp-json\/wp\/v2\/types\/product"}],"replies":[{"embeddable":true,"href":"https:\/\/nordicmart.andreevmaster.com\/sv\/wp-json\/wp\/v2\/comments?post=12225"}],"wp:featuredmedia":[{"embeddable":true,"href":"https:\/\/nordicmart.andreevmaster.com\/sv\/wp-json\/wp\/v2\/media\/40519"}],"wp:attachment":[{"href":"https:\/\/nordicmart.andreevmaster.com\/sv\/wp-json\/wp\/v2\/media?parent=12225"}],"wp:term":[{"taxonomy":"product_brand","embeddable":true,"href":"https:\/\/nordicmart.andreevmaster.com\/sv\/wp-json\/wp\/v2\/product_brand?post=12225"},{"taxonomy":"product_cat","embeddable":true,"href":"https:\/\/nordicmart.andreevmaster.com\/sv\/wp-json\/wp\/v2\/product_cat?post=12225"},{"taxonomy":"product_tag","embeddable":true,"href":"https:\/\/nordicmart.andreevmaster.com\/sv\/wp-json\/wp\/v2\/product_tag?post=12225"}],"curies":[{"name":"wp","href":"https:\/\/api.w.org\/{rel}","templated":true}]}}