{"id":12222,"date":"2026-02-27T00:13:16","date_gmt":"2026-02-27T00:13:16","guid":{"rendered":"https:\/\/nordicmart.andreevmaster.com\/product\/songmics-kladstall-pa-hjul-av-metall-vit\/"},"modified":"2026-02-27T08:07:36","modified_gmt":"2026-02-27T08:07:36","slug":"songmics-kladstall-pa-hjul-av-metall-vit","status":"publish","type":"product","link":"https:\/\/nordicmart.andreevmaster.com\/sv\/produkt\/songmics-kladstall-pa-hjul-av-metall-vit\/","title":{"rendered":"SONGMICS kl\u00e4dst\u00e4ll p\u00e5 hjul av metall, vit"},"content":{"rendered":"<p>SONGMICS kl\u00e4dst\u00e4ll, metallstativ, 92,5 cm brett, med hylla och hjul, 2 hjul med bromsar, b\u00e4rkraft f\u00f6r varje kl\u00e4dst\u00e5ng 35 kg, gr\u00e5 HSR026G01<br \/>\nF\u00f6rpackningsm\u00e5tt: 44 x 34 x 13 cm; 6,2 kg<br \/>\nStorlek: 59,5 x 92,5 x 121\/158 cm<br \/>\nF\u00e4rg: Gr\u00e5<br \/>\nStil: Modern<br \/>\nYta: M\u00e5lad<br \/>\nBatterier ing\u00e5r: Nej<br \/>\nBatterier kr\u00e4vs: Nej<br \/>\nProduktvikt: 6,2 kg<\/p>\n","protected":false},"excerpt":{"rendered":"<p>SONGMICS kl\u00e4dst\u00e4ll, metallstativ, 92,5 cm brett, med hylla och hjul, 2 hjul med bromsar, b\u00e4rkraft f\u00f6r varje kl\u00e4dst\u00e5ng 35 kg, gr\u00e5 HSR026G01<\/p>\n","protected":false},"featured_media":40516,"comment_status":"open","ping_status":"closed","template":"","meta":[],"product_brand":[],"product_cat":[33],"product_tag":[],"class_list":{"0":"post-12222","1":"product","2":"type-product","3":"status-publish","4":"has-post-thumbnail","6":"product_cat-okategoriserad","8":"first","9":"instock","10":"shipping-taxable","11":"purchasable","12":"product-type-simple"},"_links":{"self":[{"href":"https:\/\/nordicmart.andreevmaster.com\/sv\/wp-json\/wp\/v2\/product\/12222","targetHints":{"allow":["GET"]}}],"collection":[{"href":"https:\/\/nordicmart.andreevmaster.com\/sv\/wp-json\/wp\/v2\/product"}],"about":[{"href":"https:\/\/nordicmart.andreevmaster.com\/sv\/wp-json\/wp\/v2\/types\/product"}],"replies":[{"embeddable":true,"href":"https:\/\/nordicmart.andreevmaster.com\/sv\/wp-json\/wp\/v2\/comments?post=12222"}],"wp:featuredmedia":[{"embeddable":true,"href":"https:\/\/nordicmart.andreevmaster.com\/sv\/wp-json\/wp\/v2\/media\/40516"}],"wp:attachment":[{"href":"https:\/\/nordicmart.andreevmaster.com\/sv\/wp-json\/wp\/v2\/media?parent=12222"}],"wp:term":[{"taxonomy":"product_brand","embeddable":true,"href":"https:\/\/nordicmart.andreevmaster.com\/sv\/wp-json\/wp\/v2\/product_brand?post=12222"},{"taxonomy":"product_cat","embeddable":true,"href":"https:\/\/nordicmart.andreevmaster.com\/sv\/wp-json\/wp\/v2\/product_cat?post=12222"},{"taxonomy":"product_tag","embeddable":true,"href":"https:\/\/nordicmart.andreevmaster.com\/sv\/wp-json\/wp\/v2\/product_tag?post=12222"}],"curies":[{"name":"wp","href":"https:\/\/api.w.org\/{rel}","templated":true}]}}