{"id":12219,"date":"2026-02-27T00:13:15","date_gmt":"2026-02-27T00:13:15","guid":{"rendered":"https:\/\/nordicmart.andreevmaster.com\/product\/songmics-kladstang-pa-hjul-med-hylla-guldfargad\/"},"modified":"2026-02-27T08:07:36","modified_gmt":"2026-02-27T08:07:36","slug":"songmics-kladstang-pa-hjul-med-hylla-guldfargad","status":"publish","type":"product","link":"https:\/\/nordicmart.andreevmaster.com\/sv\/produkt\/songmics-kladstang-pa-hjul-med-hylla-guldfargad\/","title":{"rendered":"SONGMICS kl\u00e4dst\u00e5ng p\u00e5 hjul med hylla guldf\u00e4rgad"},"content":{"rendered":"<p>SONGMICS kl\u00e4dst\u00e4ll, kl\u00e4dst\u00e5ng p\u00e5 hjul, garderobsst\u00e4ll i metall, rullgarderob 91 cm bred, med hylla, 2 hjul med broms, garderobsst\u00e5ng med en belastningskapacitet p\u00e5 upp till 40 kg<br \/>\nF\u00e4rg: Guldf\u00e4rgad<br \/>\nMaterial: St\u00e5l<br \/>\nStorlek: 40,5 x 91 x 158 cm (D x B x H)<br \/>\nVikt: 3,9 kg<br \/>\nMax. statisk belastningskapacitet f\u00f6r kl\u00e4dst\u00e5ngen: 40 kg<br \/>\nMax. statisk belastningskapacitet f\u00f6r hyllan: 10 kg<\/p>\n","protected":false},"excerpt":{"rendered":"<p>SONGMICS kl\u00e4dst\u00e4ll, kl\u00e4dst\u00e5ng p\u00e5 hjul, garderobsst\u00e4ll i metall, rullgarderob 91 cm bred, med hylla, 2 hjul med broms, garderobsst\u00e5ng med en belastningskapacitet p\u00e5 upp till 40 kg<\/p>\n","protected":false},"featured_media":40513,"comment_status":"open","ping_status":"closed","template":"","meta":[],"product_brand":[],"product_cat":[33],"product_tag":[],"class_list":{"0":"post-12219","1":"product","2":"type-product","3":"status-publish","4":"has-post-thumbnail","6":"product_cat-okategoriserad","8":"first","9":"instock","10":"shipping-taxable","11":"purchasable","12":"product-type-simple"},"_links":{"self":[{"href":"https:\/\/nordicmart.andreevmaster.com\/sv\/wp-json\/wp\/v2\/product\/12219","targetHints":{"allow":["GET"]}}],"collection":[{"href":"https:\/\/nordicmart.andreevmaster.com\/sv\/wp-json\/wp\/v2\/product"}],"about":[{"href":"https:\/\/nordicmart.andreevmaster.com\/sv\/wp-json\/wp\/v2\/types\/product"}],"replies":[{"embeddable":true,"href":"https:\/\/nordicmart.andreevmaster.com\/sv\/wp-json\/wp\/v2\/comments?post=12219"}],"wp:featuredmedia":[{"embeddable":true,"href":"https:\/\/nordicmart.andreevmaster.com\/sv\/wp-json\/wp\/v2\/media\/40513"}],"wp:attachment":[{"href":"https:\/\/nordicmart.andreevmaster.com\/sv\/wp-json\/wp\/v2\/media?parent=12219"}],"wp:term":[{"taxonomy":"product_brand","embeddable":true,"href":"https:\/\/nordicmart.andreevmaster.com\/sv\/wp-json\/wp\/v2\/product_brand?post=12219"},{"taxonomy":"product_cat","embeddable":true,"href":"https:\/\/nordicmart.andreevmaster.com\/sv\/wp-json\/wp\/v2\/product_cat?post=12219"},{"taxonomy":"product_tag","embeddable":true,"href":"https:\/\/nordicmart.andreevmaster.com\/sv\/wp-json\/wp\/v2\/product_tag?post=12219"}],"curies":[{"name":"wp","href":"https:\/\/api.w.org\/{rel}","templated":true}]}}